{"id":263333,"date":"2025-05-26T10:36:58","date_gmt":"2025-05-26T08:36:58","guid":{"rendered":"https:\/\/www.ort-med.com\/?page_id=263333"},"modified":"2025-05-26T14:44:08","modified_gmt":"2025-05-26T12:44:08","slug":"vseobecne-obchodni-podminky","status":"publish","type":"page","link":"https:\/\/www.ort-med.com\/cs\/vseobecne-obchodni-podminky\/","title":{"rendered":"V\u0161eobecn\u00e9 obchodn\u00ed podm\u00ednky"},"content":{"rendered":"<p>[et_pb_section fb_built=&#8220;1&#8243; _builder_version=&#8220;4.19.2&#8243; _module_preset=&#8220;default&#8220; background_color=&#8220;#000000&#8243; background_image=&#8220;https:\/\/www.ort-med.com\/wp-content\/uploads\/2022\/12\/ISO-13485-Background_2-20221122-084019-1.png&#8220; parallax=&#8220;on&#8220; parallax_method=&#8220;off&#8220; custom_padding=&#8220;||||false|false&#8220; background_last_edited=&#8220;on|phone&#8220; background_enable_image_tablet=&#8220;off&#8220; da_disable_devices=&#8220;off|off|off&#8220; global_colors_info=&#8220;{}&#8220; da_is_popup=&#8220;off&#8220; da_exit_intent=&#8220;off&#8220; da_has_close=&#8220;on&#8220; da_alt_close=&#8220;off&#8220; da_dark_close=&#8220;off&#8220; da_not_modal=&#8220;on&#8220; da_is_singular=&#8220;off&#8220; da_with_loader=&#8220;off&#8220; da_has_shadow=&#8220;on&#8220;][et_pb_row _builder_version=&#8220;4.17.6&#8243; custom_margin=&#8220;0px|auto||auto|false|false&#8220; custom_padding=&#8220;||2px||false|false&#8220; global_colors_info=&#8220;{}&#8220;][et_pb_column type=&#8220;4_4&#8243; _builder_version=&#8220;4.16&#8243; global_colors_info=&#8220;{}&#8220;][et_pb_blurb title=&#8220;VOP &#8211; V\u0161eobecn\u00e9 obchodn\u00ed podm\u00ednky &#8220; use_icon=&#8220;on&#8220; font_icon=&#8220;&#x70;||divi||400&#8243; icon_color=&#8220;#ffffff&#8220; image_icon_background_color=&#8220;#5fa0d7&#8243; icon_placement=&#8220;left&#8220; image_icon_width=&#8220;16px&#8220; content_max_width=&#8220;2000px&#8220; _builder_version=&#8220;4.27.4&#8243; header_level=&#8220;h1&#8243; header_font=&#8220;Aeonik Fono Regular||||||||&#8220; header_text_align=&#8220;left&#8220; header_text_color=&#8220;#FFFFFF&#8220; header_font_size=&#8220;30px&#8220; image_icon_custom_padding=&#8220;8px|8px|8px|8px|false|false&#8220; module_alignment=&#8220;left&#8220; custom_margin=&#8220;||18px|||&#8220; custom_padding=&#8220;||||false|false&#8220; border_radii_image=&#8220;on|100%|100%|100%|100%&#8220; use_circle=&#8220;on&#8220; global_colors_info=&#8220;{}&#8220; image_icon_background_color__sticky_enabled=&#8220;#004976&#8243; image_icon_background_color__sticky=&#8220;#004976&#8243;][\/et_pb_blurb][\/et_pb_column][\/et_pb_row][et_pb_row column_structure=&#8220;1_2,1_2&#8243; _builder_version=&#8220;4.17.6&#8243; _module_preset=&#8220;default&#8220; global_colors_info=&#8220;{}&#8220;][et_pb_column type=&#8220;1_2&#8243; _builder_version=&#8220;4.17.6&#8243; _module_preset=&#8220;default&#8220; global_colors_info=&#8220;{}&#8220;][et_pb_text _builder_version=&#8220;4.27.4&#8243; _module_preset=&#8220;default&#8220; text_font=&#8220;Aeonik Fono Regular||||||||&#8220; text_text_color=&#8220;#FFFFFF&#8220; text_font_size=&#8220;26px&#8220; text_line_height=&#8220;1.2em&#8220; text_font_size_tablet=&#8220;24px&#8220; text_font_size_phone=&#8220;22px&#8220; text_font_size_last_edited=&#8220;on|phone&#8220; global_colors_info=&#8220;{}&#8220;]<\/p>\n<p>V\u0161eobecn\u00e9 obchodn\u00ed podm\u00ednky (VOP) spole\u010dnosti Ortner Medizintechnik e.U.:<\/p>\n<p>[\/et_pb_text][et_pb_button button_url=&#8220;https:\/\/www.ort-med.com\/wp-content\/uploads\/2023\/10\/AGB-ab-2023-Deutsch_.pdf&#8220; url_new_window=&#8220;on&#8220; button_text=&#8220;VOP v nem\u010dine.pdf&#8220; _builder_version=&#8220;4.27.4&#8243; _module_preset=&#8220;default&#8220; global_colors_info=&#8220;{}&#8220;][\/et_pb_button][et_pb_text _builder_version=&#8220;4.17.6&#8243; _module_preset=&#8220;default&#8220; text_font=&#8220;Aeonik Fono Regular||||||||&#8220; text_text_color=&#8220;#FFFFFF&#8220; text_font_size=&#8220;26px&#8220; text_line_height=&#8220;1.2em&#8220; text_font_size_tablet=&#8220;24px&#8220; text_font_size_phone=&#8220;22px&#8220; text_font_size_last_edited=&#8220;on|phone&#8220; global_colors_info=&#8220;{}&#8220;]General Terms and Conditions (GTC) of Ortner Medizintechnik e.U.:<br \/>\n[\/et_pb_text][et_pb_button button_url=&#8220;\/wp-content\/uploads\/2022\/12\/AGB-ab-2023-Englisch.pdf&#8220; button_text=&#8220;VOP v angli\u010dtine.pdf&#8220; _builder_version=&#8220;4.27.4&#8243; _module_preset=&#8220;default&#8220; custom_margin=&#8220;||50px|||&#8220; global_colors_info=&#8220;{}&#8220;][\/et_pb_button][\/et_pb_column][et_pb_column type=&#8220;1_2&#8243; _builder_version=&#8220;4.17.6&#8243; _module_preset=&#8220;default&#8220; global_colors_info=&#8220;{}&#8220;][\/et_pb_column][\/et_pb_row][\/et_pb_section][et_pb_section fb_built=&#8220;1&#8243; _builder_version=&#8220;4.17.6&#8243; _module_preset=&#8220;default&#8220; background_color=&#8220;#5fa0d7&#8243; da_disable_devices=&#8220;off|off|off&#8220; global_colors_info=&#8220;{}&#8220; da_is_popup=&#8220;off&#8220; da_exit_intent=&#8220;off&#8220; da_has_close=&#8220;on&#8220; da_alt_close=&#8220;off&#8220; da_dark_close=&#8220;off&#8220; da_not_modal=&#8220;on&#8220; da_is_singular=&#8220;off&#8220; da_with_loader=&#8220;off&#8220; da_has_shadow=&#8220;on&#8220;][et_pb_row _builder_version=&#8220;4.17.6&#8243; _module_preset=&#8220;default&#8220; global_colors_info=&#8220;{}&#8220;][et_pb_column type=&#8220;4_4&#8243; _builder_version=&#8220;4.17.6&#8243; _module_preset=&#8220;default&#8220; global_colors_info=&#8220;{}&#8220;][et_pb_button button_url=&#8220;https:\/\/www.ort-med.com\/en\/data-protection\/&#8220; button_text=&#8220;Z\u00e1sady ochrany osobn\u00edch \u00fadaj\u016f&#8220; button_alignment=&#8220;center&#8220; _builder_version=&#8220;4.27.4&#8243; _module_preset=&#8220;default&#8220; custom_button=&#8220;on&#8220; button_text_color=&#8220;#ffffff&#8220; global_colors_info=&#8220;{}&#8220; custom_css_main_element_last_edited=&#8220;on|phone&#8220; custom_css_main_element_tablet=&#8220;width: 100%;||&#8220; custom_css_main_element_phone=&#8220;width: 100%;||&#8220;][\/et_pb_button][et_pb_button button_text=&#8220;Impresum&#8220; button_alignment=&#8220;center&#8220; _builder_version=&#8220;4.27.4&#8243; _module_preset=&#8220;default&#8220; custom_button=&#8220;on&#8220; button_text_color=&#8220;#ffffff&#8220; hover_enabled=&#8220;0&#8243; global_colors_info=&#8220;{}&#8220; custom_css_main_element_last_edited=&#8220;on|phone&#8220; custom_css_main_element_phone=&#8220;width: 100%;||&#8220; button_url=&#8220;@ET-DC@eyJkeW5hbWljIjp0cnVlLCJjb250ZW50IjoicG9zdF9saW5rX3VybF9wYWdlIiwic2V0dGluZ3MiOnsicG9zdF9pZCI6IjI2MzMzOCJ9fQ==@&#8220; _dynamic_attributes=&#8220;button_url&#8220; sticky_enabled=&#8220;0&#8243;][\/et_pb_button][et_pb_image src=&#8220;https:\/\/www.ort-med.com\/wp-content\/uploads\/2022\/12\/ecg.webp&#8220; alt=&#8220;ECG&#8220; title_text=&#8220;ecg&#8220; url=&#8220;https:\/\/www.wkoecg.at\/Ecg.aspx?FirmaID=555aa91d-b104-49e5-bd89-95b069ad5a7b&#8220; url_new_window=&#8220;on&#8220; align=&#8220;center&#8220; _builder_version=&#8220;4.19.2&#8243; _module_preset=&#8220;default&#8220; global_colors_info=&#8220;{}&#8220;][\/et_pb_image][\/et_pb_column][\/et_pb_row][\/et_pb_section]<\/p>\n","protected":false},"excerpt":{"rendered":"<p>V\u0161eobecn\u00e9 obchodn\u00ed podm\u00ednky (VOP) spole\u010dnosti Ortner Medizintechnik e.U.:General Terms and Conditions (GTC) of Ortner Medizintechnik e.U.:<\/p>\n","protected":false},"author":4,"featured_media":0,"parent":0,"menu_order":0,"comment_status":"closed","ping_status":"closed","template":"","meta":{"_et_pb_use_builder":"on","_et_pb_old_content":"<p>[et_pb_section fb_built=\"1\" _builder_version=\"4.19.2\" _module_preset=\"default\" background_color=\"#000000\" background_image=\"https:\/\/www.ort-med.com\/wp-content\/uploads\/2022\/12\/ISO-13485-Background_2-20221122-084019-1.png\" parallax=\"on\" parallax_method=\"off\" custom_padding=\"||||false|false\" background_last_edited=\"on|phone\" background_enable_image_tablet=\"off\" global_colors_info=\"{}\" da_is_popup=\"off\" da_exit_intent=\"off\" da_has_close=\"on\" da_alt_close=\"off\" da_dark_close=\"off\" da_not_modal=\"on\" da_is_singular=\"off\" da_with_loader=\"off\" da_has_shadow=\"on\" da_disable_devices=\"off|off|off\"][et_pb_row _builder_version=\"4.17.6\" custom_margin=\"0px|auto||auto|false|false\" custom_padding=\"||2px||false|false\" global_colors_info=\"{}\"][et_pb_column type=\"4_4\" _builder_version=\"4.16\" global_colors_info=\"{}\"][et_pb_blurb title=\"AGB\" use_icon=\"on\" font_icon=\"p||divi||400\" icon_color=\"#ffffff\" image_icon_background_color=\"#5fa0d7\" icon_placement=\"left\" image_icon_width=\"16px\" content_max_width=\"2000px\" _builder_version=\"4.17.6\" header_level=\"h1\" header_font=\"Aeonik Fono Regular||||||||\" header_text_align=\"left\" header_text_color=\"#FFFFFF\" header_font_size=\"30px\" image_icon_custom_padding=\"8px|8px|8px|8px|false|false\" module_alignment=\"left\" custom_margin=\"||18px|||\" custom_padding=\"||||false|false\" border_radii_image=\"on|100%|100%|100%|100%\" use_circle=\"on\" global_colors_info=\"{}\" image_icon_background_color__sticky_enabled=\"#004976\" image_icon_background_color__sticky=\"#004976\"][\/et_pb_blurb][\/et_pb_column][\/et_pb_row][et_pb_row column_structure=\"1_2,1_2\" _builder_version=\"4.17.6\" _module_preset=\"default\" global_colors_info=\"{}\"][et_pb_column type=\"1_2\" _builder_version=\"4.17.6\" _module_preset=\"default\" global_colors_info=\"{}\"][et_pb_text _builder_version=\"4.17.6\" _module_preset=\"default\" text_font=\"Aeonik Fono Regular||||||||\" text_text_color=\"#FFFFFF\" text_font_size=\"26px\" text_line_height=\"1.2em\" text_font_size_tablet=\"24px\" text_font_size_phone=\"22px\" text_font_size_last_edited=\"on|phone\" global_colors_info=\"{}\"]<\/p><p>Allgemeine Gesch\u00e4ftsbedingungen der Ortner Medizintechnik e.U.:<\/p><p>[\/et_pb_text][et_pb_button button_url=\"https:\/\/www.ort-med.com\/wp-content\/uploads\/2023\/10\/AGB-ab-2023-Deutsch_.pdf\" url_new_window=\"on\" button_text=\"AGB Deutsch.pdf\" _builder_version=\"4.22.2\" _module_preset=\"default\" hover_enabled=\"0\" global_colors_info=\"{}\" sticky_enabled=\"0\"][\/et_pb_button][et_pb_text _builder_version=\"4.17.6\" _module_preset=\"default\" text_font=\"Aeonik Fono Regular||||||||\" text_text_color=\"#FFFFFF\" text_font_size=\"26px\" text_line_height=\"1.2em\" text_font_size_tablet=\"24px\" text_font_size_phone=\"22px\" text_font_size_last_edited=\"on|phone\" global_colors_info=\"{}\"]<\/p><p>General Terms and Conditions (GTC) of Ortner Medizintechnik e.U.:<\/p><p>[\/et_pb_text][et_pb_button button_url=\"\/wp-content\/uploads\/2022\/12\/AGB-ab-2023-Englisch.pdf\" button_text=\"GTC English.pdf\" _builder_version=\"4.19.2\" _module_preset=\"default\" custom_margin=\"||50px|||\" global_colors_info=\"{}\"][\/et_pb_button][\/et_pb_column][et_pb_column type=\"1_2\" _builder_version=\"4.17.6\" _module_preset=\"default\" global_colors_info=\"{}\"][\/et_pb_column][\/et_pb_row][\/et_pb_section][et_pb_section fb_built=\"1\" _builder_version=\"4.17.6\" _module_preset=\"default\" background_color=\"#5fa0d7\" global_colors_info=\"{}\" da_is_popup=\"off\" da_exit_intent=\"off\" da_has_close=\"on\" da_alt_close=\"off\" da_dark_close=\"off\" da_not_modal=\"on\" da_is_singular=\"off\" da_with_loader=\"off\" da_has_shadow=\"on\" da_disable_devices=\"off|off|off\"][et_pb_row _builder_version=\"4.17.6\" _module_preset=\"default\" global_colors_info=\"{}\"][et_pb_column type=\"4_4\" _builder_version=\"4.17.6\" _module_preset=\"default\" global_colors_info=\"{}\"][et_pb_button button_url=\"@ET-DC@eyJkeW5hbWljIjp0cnVlLCJjb250ZW50IjoicG9zdF9saW5rX3VybF9wYWdlIiwic2V0dGluZ3MiOnsicG9zdF9pZCI6IjI3NyJ9fQ==@\" button_text=\"Datenschutzerkl\u00e4rung\" button_alignment=\"center\" _builder_version=\"4.19.2\" _dynamic_attributes=\"button_url\" _module_preset=\"default\" custom_button=\"on\" button_text_color=\"#ffffff\" global_colors_info=\"{}\" custom_css_main_element_last_edited=\"on|phone\" custom_css_main_element_tablet=\"width: 100%;||\" custom_css_main_element_phone=\"width: 100%;||\"][\/et_pb_button][et_pb_button button_url=\"@ET-DC@eyJkeW5hbWljIjp0cnVlLCJjb250ZW50IjoicG9zdF9saW5rX3VybF9wYWdlIiwic2V0dGluZ3MiOnsicG9zdF9pZCI6IjI3NSJ9fQ==@\" button_text=\"Impressum \" button_alignment=\"center\" _builder_version=\"4.19.2\" _dynamic_attributes=\"button_url\" _module_preset=\"default\" custom_button=\"on\" button_text_color=\"#ffffff\" global_colors_info=\"{}\" custom_css_main_element_last_edited=\"on|phone\" custom_css_main_element_phone=\"width: 100%;||\"][\/et_pb_button][et_pb_image src=\"https:\/\/www.ort-med.com\/wp-content\/uploads\/2022\/12\/ecg.webp\" alt=\"ECG\" title_text=\"ecg\" url=\"https:\/\/www.wkoecg.at\/Ecg.aspx?FirmaID=555aa91d-b104-49e5-bd89-95b069ad5a7b\" url_new_window=\"on\" align=\"center\" _builder_version=\"4.19.2\" _module_preset=\"default\" global_colors_info=\"{}\"][\/et_pb_image][\/et_pb_column][\/et_pb_row][\/et_pb_section]<\/p>","_et_gb_content_width":"","footnotes":""},"class_list":["post-263333","page","type-page","status-publish","hentry"],"yoast_head":"<!-- This site is optimized with the Yoast SEO plugin v27.5 - https:\/\/yoast.com\/product\/yoast-seo-wordpress\/ -->\n<title>V\u0161eobecn\u00e9 obchodn\u00ed podm\u00ednky | Ortner Medizintechnik<\/title>\n<meta name=\"description\" content=\"V\u0161eobecn\u00e9 obchodn\u00ed podm\u00ednky. Ortner Medizintechnik e.U.\" \/>\n<meta name=\"robots\" content=\"index, follow, max-snippet:-1, max-image-preview:large, max-video-preview:-1\" \/>\n<link rel=\"canonical\" href=\"https:\/\/www.ort-med.com\/cs\/vseobecne-obchodni-podminky\/\" \/>\n<meta property=\"og:locale\" content=\"cs_CZ\" \/>\n<meta property=\"og:type\" content=\"article\" \/>\n<meta property=\"og:title\" content=\"V\u0161eobecn\u00e9 obchodn\u00ed podm\u00ednky | Ortner Medizintechnik\" \/>\n<meta property=\"og:description\" content=\"V\u0161eobecn\u00e9 obchodn\u00ed podm\u00ednky. Ortner Medizintechnik e.U.\" \/>\n<meta property=\"og:url\" content=\"https:\/\/www.ort-med.com\/cs\/vseobecne-obchodni-podminky\/\" \/>\n<meta property=\"og:site_name\" content=\"Ortner Medizintechnik\" \/>\n<meta property=\"article:modified_time\" content=\"2025-05-26T12:44:08+00:00\" \/>\n<meta property=\"og:image\" content=\"https:\/\/www.ort-med.com\/wp-content\/uploads\/2023\/02\/Sonografie.jpg\" \/>\n\t<meta property=\"og:image:width\" content=\"1920\" \/>\n\t<meta property=\"og:image:height\" content=\"1080\" \/>\n\t<meta property=\"og:image:type\" content=\"image\/jpeg\" \/>\n<meta name=\"twitter:card\" content=\"summary_large_image\" \/>\n<meta name=\"twitter:site\" content=\"@ortnermedical\" \/>\n<meta name=\"twitter:label1\" content=\"Odhadovan\u00e1 doba \u010dten\u00ed\" \/>\n\t<meta name=\"twitter:data1\" content=\"1 minuta\" \/>\n<script type=\"application\/ld+json\" class=\"yoast-schema-graph\">{\"@context\":\"https:\\\/\\\/schema.org\",\"@graph\":[{\"@type\":\"WebPage\",\"@id\":\"https:\\\/\\\/www.ort-med.com\\\/cs\\\/vseobecne-obchodni-podminky\\\/\",\"url\":\"https:\\\/\\\/www.ort-med.com\\\/cs\\\/vseobecne-obchodni-podminky\\\/\",\"name\":\"V\u0161eobecn\u00e9 obchodn\u00ed podm\u00ednky | Ortner Medizintechnik\",\"isPartOf\":{\"@id\":\"https:\\\/\\\/www.ort-med.com\\\/cs\\\/#website\"},\"datePublished\":\"2025-05-26T08:36:58+00:00\",\"dateModified\":\"2025-05-26T12:44:08+00:00\",\"description\":\"V\u0161eobecn\u00e9 obchodn\u00ed podm\u00ednky. Ortner Medizintechnik e.U.\",\"breadcrumb\":{\"@id\":\"https:\\\/\\\/www.ort-med.com\\\/cs\\\/vseobecne-obchodni-podminky\\\/#breadcrumb\"},\"inLanguage\":\"cs\",\"potentialAction\":[{\"@type\":\"ReadAction\",\"target\":[\"https:\\\/\\\/www.ort-med.com\\\/cs\\\/vseobecne-obchodni-podminky\\\/\"]}]},{\"@type\":\"BreadcrumbList\",\"@id\":\"https:\\\/\\\/www.ort-med.com\\\/cs\\\/vseobecne-obchodni-podminky\\\/#breadcrumb\",\"itemListElement\":[{\"@type\":\"ListItem\",\"position\":1,\"name\":\"Startseite\",\"item\":\"https:\\\/\\\/www.ort-med.com\\\/cs\\\/\"},{\"@type\":\"ListItem\",\"position\":2,\"name\":\"V\u0161eobecn\u00e9 obchodn\u00ed podm\u00ednky\"}]},{\"@type\":\"WebSite\",\"@id\":\"https:\\\/\\\/www.ort-med.com\\\/cs\\\/#website\",\"url\":\"https:\\\/\\\/www.ort-med.com\\\/cs\\\/\",\"name\":\"ORTNER Medical Solutions\",\"description\":\"Ihre Spezialisten in Sonografie | Ultraschallsonden | Ultraschallger\u00e4te | Endoskope\",\"publisher\":{\"@id\":\"https:\\\/\\\/www.ort-med.com\\\/cs\\\/#organization\"},\"potentialAction\":[{\"@type\":\"SearchAction\",\"target\":{\"@type\":\"EntryPoint\",\"urlTemplate\":\"https:\\\/\\\/www.ort-med.com\\\/cs\\\/?s={search_term_string}\"},\"query-input\":{\"@type\":\"PropertyValueSpecification\",\"valueRequired\":true,\"valueName\":\"search_term_string\"}}],\"inLanguage\":\"cs\"},{\"@type\":\"Organization\",\"@id\":\"https:\\\/\\\/www.ort-med.com\\\/cs\\\/#organization\",\"name\":\"ORTNER Medizintechnik\",\"alternateName\":\"ORTNER Medical Solutions\",\"url\":\"https:\\\/\\\/www.ort-med.com\\\/cs\\\/\",\"logo\":{\"@type\":\"ImageObject\",\"inLanguage\":\"cs\",\"@id\":\"https:\\\/\\\/www.ort-med.com\\\/cs\\\/#\\\/schema\\\/logo\\\/image\\\/\",\"url\":\"https:\\\/\\\/www.ort-med.com\\\/wp-content\\\/uploads\\\/2022\\\/12\\\/Ortner-Medizintechnik-Logo.png\",\"contentUrl\":\"https:\\\/\\\/www.ort-med.com\\\/wp-content\\\/uploads\\\/2022\\\/12\\\/Ortner-Medizintechnik-Logo.png\",\"width\":1078,\"height\":360,\"caption\":\"ORTNER Medizintechnik\"},\"image\":{\"@id\":\"https:\\\/\\\/www.ort-med.com\\\/cs\\\/#\\\/schema\\\/logo\\\/image\\\/\"},\"sameAs\":[\"https:\\\/\\\/x.com\\\/ortnermedical\",\"https:\\\/\\\/www.instagram.com\\\/ortnermedizintechnik\\\/\",\"https:\\\/\\\/www.linkedin.com\\\/company\\\/ortnermedizintechnik\"]}]}<\/script>\n<!-- \/ Yoast SEO plugin. -->","yoast_head_json":{"title":"V\u0161eobecn\u00e9 obchodn\u00ed podm\u00ednky | Ortner Medizintechnik","description":"V\u0161eobecn\u00e9 obchodn\u00ed podm\u00ednky. Ortner Medizintechnik e.U.","robots":{"index":"index","follow":"follow","max-snippet":"max-snippet:-1","max-image-preview":"max-image-preview:large","max-video-preview":"max-video-preview:-1"},"canonical":"https:\/\/www.ort-med.com\/cs\/vseobecne-obchodni-podminky\/","og_locale":"cs_CZ","og_type":"article","og_title":"V\u0161eobecn\u00e9 obchodn\u00ed podm\u00ednky | Ortner Medizintechnik","og_description":"V\u0161eobecn\u00e9 obchodn\u00ed podm\u00ednky. Ortner Medizintechnik e.U.","og_url":"https:\/\/www.ort-med.com\/cs\/vseobecne-obchodni-podminky\/","og_site_name":"Ortner Medizintechnik","article_modified_time":"2025-05-26T12:44:08+00:00","og_image":[{"width":1920,"height":1080,"url":"https:\/\/www.ort-med.com\/wp-content\/uploads\/2023\/02\/Sonografie.jpg","type":"image\/jpeg"}],"twitter_card":"summary_large_image","twitter_site":"@ortnermedical","twitter_misc":{"Odhadovan\u00e1 doba \u010dten\u00ed":"1 minuta"},"schema":{"@context":"https:\/\/schema.org","@graph":[{"@type":"WebPage","@id":"https:\/\/www.ort-med.com\/cs\/vseobecne-obchodni-podminky\/","url":"https:\/\/www.ort-med.com\/cs\/vseobecne-obchodni-podminky\/","name":"V\u0161eobecn\u00e9 obchodn\u00ed podm\u00ednky | Ortner Medizintechnik","isPartOf":{"@id":"https:\/\/www.ort-med.com\/cs\/#website"},"datePublished":"2025-05-26T08:36:58+00:00","dateModified":"2025-05-26T12:44:08+00:00","description":"V\u0161eobecn\u00e9 obchodn\u00ed podm\u00ednky. Ortner Medizintechnik e.U.","breadcrumb":{"@id":"https:\/\/www.ort-med.com\/cs\/vseobecne-obchodni-podminky\/#breadcrumb"},"inLanguage":"cs","potentialAction":[{"@type":"ReadAction","target":["https:\/\/www.ort-med.com\/cs\/vseobecne-obchodni-podminky\/"]}]},{"@type":"BreadcrumbList","@id":"https:\/\/www.ort-med.com\/cs\/vseobecne-obchodni-podminky\/#breadcrumb","itemListElement":[{"@type":"ListItem","position":1,"name":"Startseite","item":"https:\/\/www.ort-med.com\/cs\/"},{"@type":"ListItem","position":2,"name":"V\u0161eobecn\u00e9 obchodn\u00ed podm\u00ednky"}]},{"@type":"WebSite","@id":"https:\/\/www.ort-med.com\/cs\/#website","url":"https:\/\/www.ort-med.com\/cs\/","name":"ORTNER Medical Solutions","description":"Ihre Spezialisten in Sonografie | Ultraschallsonden | Ultraschallger\u00e4te | Endoskope","publisher":{"@id":"https:\/\/www.ort-med.com\/cs\/#organization"},"potentialAction":[{"@type":"SearchAction","target":{"@type":"EntryPoint","urlTemplate":"https:\/\/www.ort-med.com\/cs\/?s={search_term_string}"},"query-input":{"@type":"PropertyValueSpecification","valueRequired":true,"valueName":"search_term_string"}}],"inLanguage":"cs"},{"@type":"Organization","@id":"https:\/\/www.ort-med.com\/cs\/#organization","name":"ORTNER Medizintechnik","alternateName":"ORTNER Medical Solutions","url":"https:\/\/www.ort-med.com\/cs\/","logo":{"@type":"ImageObject","inLanguage":"cs","@id":"https:\/\/www.ort-med.com\/cs\/#\/schema\/logo\/image\/","url":"https:\/\/www.ort-med.com\/wp-content\/uploads\/2022\/12\/Ortner-Medizintechnik-Logo.png","contentUrl":"https:\/\/www.ort-med.com\/wp-content\/uploads\/2022\/12\/Ortner-Medizintechnik-Logo.png","width":1078,"height":360,"caption":"ORTNER Medizintechnik"},"image":{"@id":"https:\/\/www.ort-med.com\/cs\/#\/schema\/logo\/image\/"},"sameAs":["https:\/\/x.com\/ortnermedical","https:\/\/www.instagram.com\/ortnermedizintechnik\/","https:\/\/www.linkedin.com\/company\/ortnermedizintechnik"]}]}},"_links":{"self":[{"href":"https:\/\/www.ort-med.com\/cs\/wp-json\/wp\/v2\/pages\/263333","targetHints":{"allow":["GET"]}}],"collection":[{"href":"https:\/\/www.ort-med.com\/cs\/wp-json\/wp\/v2\/pages"}],"about":[{"href":"https:\/\/www.ort-med.com\/cs\/wp-json\/wp\/v2\/types\/page"}],"author":[{"embeddable":true,"href":"https:\/\/www.ort-med.com\/cs\/wp-json\/wp\/v2\/users\/4"}],"replies":[{"embeddable":true,"href":"https:\/\/www.ort-med.com\/cs\/wp-json\/wp\/v2\/comments?post=263333"}],"version-history":[{"count":5,"href":"https:\/\/www.ort-med.com\/cs\/wp-json\/wp\/v2\/pages\/263333\/revisions"}],"predecessor-version":[{"id":263426,"href":"https:\/\/www.ort-med.com\/cs\/wp-json\/wp\/v2\/pages\/263333\/revisions\/263426"}],"wp:attachment":[{"href":"https:\/\/www.ort-med.com\/cs\/wp-json\/wp\/v2\/media?parent=263333"}],"curies":[{"name":"wp","href":"https:\/\/api.w.org\/{rel}","templated":true}]}}