{"id":263357,"date":"2025-05-26T11:17:28","date_gmt":"2025-05-26T09:17:28","guid":{"rendered":"https:\/\/www.ort-med.com\/?page_id=263357"},"modified":"2025-05-26T11:17:29","modified_gmt":"2025-05-26T09:17:29","slug":"produkty","status":"publish","type":"page","link":"https:\/\/www.ort-med.com\/cs\/produkty\/","title":{"rendered":"Produkty"},"content":{"rendered":"<p>[et_pb_section fb_built=&#8220;1&#8243; _builder_version=&#8220;4.19.2&#8243; _module_preset=&#8220;default&#8220; background_color=&#8220;#000000&#8243; background_image=&#8220;https:\/\/www.ort-med.com\/wp-content\/uploads\/2022\/12\/ISO-13485-Background_2-20221122-084019.png&#8220; parallax=&#8220;on&#8220; parallax_method=&#8220;off&#8220; custom_padding=&#8220;||||false|false&#8220; background_last_edited=&#8220;on|tablet&#8220; background_image_tablet=&#8220;https:\/\/www.ort-med.com\/wp-content\/uploads\/2022\/12\/ISO-13485-Background_2-20221122-084019.png&#8220; background_enable_image_tablet=&#8220;on&#8220; da_disable_devices=&#8220;off|off|off&#8220; global_colors_info=&#8220;{}&#8220; da_is_popup=&#8220;off&#8220; da_exit_intent=&#8220;off&#8220; da_has_close=&#8220;on&#8220; da_alt_close=&#8220;off&#8220; da_dark_close=&#8220;off&#8220; da_not_modal=&#8220;on&#8220; da_is_singular=&#8220;off&#8220; da_with_loader=&#8220;off&#8220; da_has_shadow=&#8220;on&#8220;][et_pb_row _builder_version=&#8220;4.17.6&#8243; custom_margin=&#8220;0px|auto||auto|false|false&#8220; custom_padding=&#8220;||2px||false|false&#8220; global_colors_info=&#8220;{}&#8220;][et_pb_column type=&#8220;4_4&#8243; _builder_version=&#8220;4.16&#8243; global_colors_info=&#8220;{}&#8220;][et_pb_blurb title=&#8220;V\u0161echny produkty&#8220; use_icon=&#8220;on&#8220; font_icon=&#8220;&#xe09e;||divi||400&#8243; icon_color=&#8220;#ffffff&#8220; image_icon_background_color=&#8220;#5fa0d7&#8243; icon_placement=&#8220;left&#8220; image_icon_width=&#8220;16px&#8220; content_max_width=&#8220;2000px&#8220; _builder_version=&#8220;4.27.4&#8243; header_level=&#8220;h1&#8243; header_font=&#8220;Aeonik Fono Regular||||||||&#8220; header_text_align=&#8220;left&#8220; header_text_color=&#8220;#FFFFFF&#8220; header_font_size=&#8220;30px&#8220; image_icon_custom_padding=&#8220;8px|8px|8px|8px|false|false&#8220; module_alignment=&#8220;left&#8220; custom_margin=&#8220;||18px|||&#8220; custom_padding=&#8220;||||false|false&#8220; hover_enabled=&#8220;0&#8243; border_radii_image=&#8220;on|100%|100%|100%|100%&#8220; use_circle=&#8220;on&#8220; global_colors_info=&#8220;{}&#8220; image_icon_background_color__sticky_enabled=&#8220;#004976&#8243; image_icon_background_color__sticky=&#8220;#004976&#8243; sticky_enabled=&#8220;0&#8243;][\/et_pb_blurb][\/et_pb_column][\/et_pb_row][et_pb_row column_structure=&#8220;2_3,1_3&#8243; _builder_version=&#8220;4.16&#8243; _module_preset=&#8220;default&#8220; custom_padding=&#8220;||0px|||&#8220; global_colors_info=&#8220;{}&#8220;][et_pb_column type=&#8220;2_3&#8243; _builder_version=&#8220;4.16&#8243; _module_preset=&#8220;default&#8220; global_colors_info=&#8220;{}&#8220;][et_pb_search exclude_pages=&#8220;on&#8220; placeholder=&#8220;z.B.: GE Voluson E8&#8243; button_color=&#8220;#5fa0d7&#8243; _builder_version=&#8220;4.17.6&#8243; button_text_color=&#8220;#ffffff&#8220; background_color=&#8220;#ffffff&#8220; custom_margin=&#8220;10px||||false|false&#8220; border_radii=&#8220;on|0px|0px|0px|0px&#8220; border_width_all=&#8220;0px&#8220; border_color_all=&#8220;#5fa0d7&#8243; border_radii_tablet=&#8220;on|0px|0px|0px|0px&#8220; border_radii_phone=&#8220;on||||&#8220; border_radii_last_edited=&#8220;on|phone&#8220; global_colors_info=&#8220;{}&#8220;][\/et_pb_search][et_pb_sidebar area=&#8220;sidebar-7&#8243; _builder_version=&#8220;4.17.6&#8243; _module_preset=&#8220;default&#8220; header_text_color=&#8220;#5fa0d7&#8243; body_text_color=&#8220;#ffffff&#8220; custom_margin=&#8220;||-4px|||&#8220; custom_padding=&#8220;||0px|||&#8220; global_colors_info=&#8220;{}&#8220;][\/et_pb_sidebar][\/et_pb_column][et_pb_column type=&#8220;1_3&#8243; _builder_version=&#8220;4.16&#8243; _module_preset=&#8220;default&#8220; global_colors_info=&#8220;{}&#8220;][\/et_pb_column][\/et_pb_row][\/et_pb_section][et_pb_section fb_built=&#8220;1&#8243; _builder_version=&#8220;4.27.4&#8243; background_color=&#8220;#c5ccd2&#8243; custom_padding=&#8220;||||false|false&#8220; da_disable_devices=&#8220;off|off|off&#8220; global_colors_info=&#8220;{}&#8220; da_is_popup=&#8220;off&#8220; da_exit_intent=&#8220;off&#8220; da_has_close=&#8220;on&#8220; da_alt_close=&#8220;off&#8220; da_dark_close=&#8220;off&#8220; da_not_modal=&#8220;on&#8220; da_is_singular=&#8220;off&#8220; da_with_loader=&#8220;off&#8220; da_has_shadow=&#8220;on&#8220;][et_pb_row _builder_version=&#8220;4.16&#8243; custom_padding=&#8220;1px|||||&#8220; global_colors_info=&#8220;{}&#8220;][et_pb_column type=&#8220;4_4&#8243; _builder_version=&#8220;4.16&#8243; global_colors_info=&#8220;{}&#8220;][et_pb_blog posts_number=&#8220;100&#8243; include_categories=&#8220;22,21,129&#8243; use_manual_excerpt=&#8220;off&#8220; excerpt_length=&#8220;0&#8243; _builder_version=&#8220;4.24.0&#8243; _module_preset=&#8220;6430ba82-dd21-434f-80e0-e33aef88ddb9&#8243; max_width=&#8220;80%&#8220; max_width_tablet=&#8220;100%&#8220; max_width_phone=&#8220;100%&#8220; max_width_last_edited=&#8220;on|desktop&#8220; module_alignment=&#8220;center&#8220; box_shadow_style=&#8220;preset3&#8243; global_colors_info=&#8220;{}&#8220;][\/et_pb_blog][\/et_pb_column][\/et_pb_row][\/et_pb_section][et_pb_section fb_built=&#8220;1&#8243; _builder_version=&#8220;4.19.2&#8243; _module_preset=&#8220;default&#8220; background_color=&#8220;#f1f4f6&#8243; da_disable_devices=&#8220;off|off|off&#8220; global_colors_info=&#8220;{}&#8220; da_is_popup=&#8220;off&#8220; da_exit_intent=&#8220;off&#8220; da_has_close=&#8220;on&#8220; da_alt_close=&#8220;off&#8220; da_dark_close=&#8220;off&#8220; da_not_modal=&#8220;on&#8220; da_is_singular=&#8220;off&#8220; da_with_loader=&#8220;off&#8220; da_has_shadow=&#8220;on&#8220;][et_pb_row _builder_version=&#8220;4.17.6&#8243; background_enable_color=&#8220;off&#8220; global_colors_info=&#8220;{}&#8220;][et_pb_column type=&#8220;4_4&#8243; _builder_version=&#8220;4.16&#8243; global_colors_info=&#8220;{}&#8220;][et_pb_blurb title=&#8220;Hled\u00e1te ultrazvukovou sondu nebo ultrazvukov\u00fd p\u0159\u00edstroj?&#8220; icon_placement=&#8220;left&#8220; content_max_width=&#8220;1920px&#8220; _builder_version=&#8220;4.27.4&#8243; header_level=&#8220;h2&#8243; header_font_size=&#8220;40px&#8220; hover_enabled=&#8220;0&#8243; header_font_size_tablet=&#8220;35px&#8220; header_font_size_phone=&#8220;30px&#8220; header_font_size_last_edited=&#8220;on|phone&#8220; global_colors_info=&#8220;{}&#8220; sticky_enabled=&#8220;0&#8243;]<\/p>\n<p>D\u00edky na\u0161emu rozs\u00e1hl\u00e9mu sortimentu m\u016f\u017eeme nab\u00eddnout v\u0161echny typy ultrazvukov\u00fdch sond a p\u0159\u00edstroj\u016f pro v\u0161echny specializovan\u00e9 oblasti sonografie. M\u00e1me skladem diagnostick\u00e9 ultrazvukov\u00e9 p\u0159\u00edstroje v\u0161ech zna\u010dek a v\u00fdrobc\u016f, v\u010detn\u011b: Philips, GE, Toshiba, Siemens, Samsung, Mindray, B&amp;K, Esaote, Acuson, Hitachi, Canon, Alpinion, Chison, Sonosite, Sonoscape, Medison, Supersonic a mnoho jin\u00fdch. Na v\u0161echny sondy a ultrazvukov\u00e1 za\u0159\u00edzen\u00ed se vztahuje z\u00e1ruka minim\u00e1ln\u011b 3 m\u011bs\u00edce a na nov\u00e9, Demo a pou\u017eit\u00e9 za\u0159\u00edzen\u00ed a\u017e do 12 m\u011bs\u00edc\u016f. Nab\u00edz\u00edme 24 hodinov\u00e9 doru\u010den\u00ed do v\u011bt\u0161iny zem\u00ed st\u0159edn\u00ed a z\u00e1padn\u00ed Evropy. Na vy\u017e\u00e1d\u00e1n\u00ed je mo\u017en\u00e9 zajistit dopravu po cel\u00e9m sv\u011bt\u011b. V\u0161echny sondy a ultrazvukov\u00e9 p\u0159\u00edstroje jsou pln\u011b testov\u00e1ny v na\u0161\u00ed laborato\u0159i pro opravy sond s certifikac\u00ed ISO 13485. M\u016f\u017eeme v\u00e1m nab\u00eddnout slevu na v\u00fdm\u011bnu va\u0161eho star\u00e9ho za\u0159\u00edzen\u00ed &#8211; kontaktujte n\u00e1s je\u0161t\u011b dnes a probereme va\u0161e mo\u017enosti.<\/p>\n<p>[\/et_pb_blurb][\/et_pb_column][\/et_pb_row][\/et_pb_section]<\/p>\n","protected":false},"excerpt":{"rendered":"<p>D\u00edky na\u0161emu rozs\u00e1hl\u00e9mu sortimentu m\u016f\u017eeme nab\u00eddnout v\u0161echny typy ultrazvukov\u00fdch sond a p\u0159\u00edstroj\u016f pro v\u0161echny specializovan\u00e9 oblasti sonografie. M\u00e1me skladem diagnostick\u00e9 ultrazvukov\u00e9 p\u0159\u00edstroje v\u0161ech zna\u010dek a v\u00fdrobc\u016f, v\u010detn\u011b: Philips, GE, Toshiba, Siemens, Samsung, Mindray, B&amp;K, Esaote, Acuson, Hitachi, Canon, Alpinion, Chison, Sonosite, Sonoscape, Medison, Supersonic a mnoho jin\u00fdch. Na v\u0161echny sondy a ultrazvukov\u00e1 za\u0159\u00edzen\u00ed se vztahuje [&hellip;]<\/p>\n","protected":false},"author":4,"featured_media":259679,"parent":0,"menu_order":0,"comment_status":"closed","ping_status":"closed","template":"","meta":{"_et_pb_use_builder":"on","_et_pb_old_content":"<p>[et_pb_section fb_built=\"1\" _builder_version=\"4.19.2\" _module_preset=\"default\" background_color=\"#000000\" background_image=\"https:\/\/www.ort-med.com\/wp-content\/uploads\/2022\/12\/ISO-13485-Background_2-20221122-084019.png\" parallax=\"on\" parallax_method=\"off\" custom_padding=\"||||false|false\" background_last_edited=\"on|tablet\" background_image_tablet=\"https:\/\/www.ort-med.com\/wp-content\/uploads\/2022\/12\/ISO-13485-Background_2-20221122-084019.png\" background_enable_image_tablet=\"on\" da_disable_devices=\"off|off|off\" global_colors_info=\"{}\" da_is_popup=\"off\" da_exit_intent=\"off\" da_has_close=\"on\" da_alt_close=\"off\" da_dark_close=\"off\" da_not_modal=\"on\" da_is_singular=\"off\" da_with_loader=\"off\" da_has_shadow=\"on\"][et_pb_row _builder_version=\"4.17.6\" custom_margin=\"0px|auto||auto|false|false\" custom_padding=\"||2px||false|false\" global_colors_info=\"{}\"][et_pb_column type=\"4_4\" _builder_version=\"4.16\" global_colors_info=\"{}\"][et_pb_blurb title=\"Alle Produkte\" use_icon=\"on\" font_icon=\"\ue09e||divi||400\" icon_color=\"#ffffff\" image_icon_background_color=\"#5fa0d7\" icon_placement=\"left\" image_icon_width=\"16px\" content_max_width=\"2000px\" _builder_version=\"4.19.5\" header_level=\"h1\" header_font=\"Aeonik Fono Regular||||||||\" header_text_align=\"left\" header_text_color=\"#FFFFFF\" header_font_size=\"30px\" image_icon_custom_padding=\"8px|8px|8px|8px|false|false\" module_alignment=\"left\" custom_margin=\"||18px|||\" custom_padding=\"||||false|false\" border_radii_image=\"on|100%|100%|100%|100%\" use_circle=\"on\" global_colors_info=\"{}\" image_icon_background_color__sticky_enabled=\"#004976\" image_icon_background_color__sticky=\"#004976\"][\/et_pb_blurb][\/et_pb_column][\/et_pb_row][et_pb_row column_structure=\"2_3,1_3\" _builder_version=\"4.16\" _module_preset=\"default\" custom_padding=\"||0px|||\" global_colors_info=\"{}\"][et_pb_column type=\"2_3\" _builder_version=\"4.16\" _module_preset=\"default\" global_colors_info=\"{}\"][et_pb_search exclude_pages=\"on\" placeholder=\"z.B.: GE Voluson E8\" button_color=\"#5fa0d7\" _builder_version=\"4.17.6\" button_text_color=\"#ffffff\" background_color=\"#ffffff\" custom_margin=\"10px||||false|false\" border_radii=\"on|0px|0px|0px|0px\" border_width_all=\"0px\" border_color_all=\"#5fa0d7\" border_radii_tablet=\"on|0px|0px|0px|0px\" border_radii_phone=\"on||||\" border_radii_last_edited=\"on|phone\" global_colors_info=\"{}\"][\/et_pb_search][et_pb_sidebar area=\"sidebar-7\" _builder_version=\"4.17.6\" _module_preset=\"default\" header_text_color=\"#5fa0d7\" body_text_color=\"#ffffff\" custom_margin=\"||-4px|||\" custom_padding=\"||0px|||\" global_colors_info=\"{}\"][\/et_pb_sidebar][\/et_pb_column][et_pb_column type=\"1_3\" _builder_version=\"4.16\" _module_preset=\"default\" global_colors_info=\"{}\"][\/et_pb_column][\/et_pb_row][\/et_pb_section][et_pb_section fb_built=\"1\" _builder_version=\"4.27.4\" background_color=\"#c5ccd2\" custom_padding=\"||||false|false\" hover_enabled=\"0\" da_disable_devices=\"off|off|off\" global_colors_info=\"{}\" sticky_enabled=\"0\" da_is_popup=\"off\" da_exit_intent=\"off\" da_has_close=\"on\" da_alt_close=\"off\" da_dark_close=\"off\" da_not_modal=\"on\" da_is_singular=\"off\" da_with_loader=\"off\" da_has_shadow=\"on\"][et_pb_row _builder_version=\"4.16\" custom_padding=\"1px|||||\" global_colors_info=\"{}\"][et_pb_column type=\"4_4\" _builder_version=\"4.16\" global_colors_info=\"{}\"][et_pb_blog posts_number=\"100\" include_categories=\"22,21,129\" use_manual_excerpt=\"off\" excerpt_length=\"0\" _builder_version=\"4.24.0\" _module_preset=\"6430ba82-dd21-434f-80e0-e33aef88ddb9\" max_width=\"80%\" max_width_tablet=\"100%\" max_width_phone=\"100%\" max_width_last_edited=\"on|desktop\" module_alignment=\"center\" box_shadow_style=\"preset3\" global_colors_info=\"{}\"][\/et_pb_blog][\/et_pb_column][\/et_pb_row][\/et_pb_section][et_pb_section fb_built=\"1\" _builder_version=\"4.19.2\" _module_preset=\"default\" background_color=\"#f1f4f6\" da_disable_devices=\"off|off|off\" global_colors_info=\"{}\" da_is_popup=\"off\" da_exit_intent=\"off\" da_has_close=\"on\" da_alt_close=\"off\" da_dark_close=\"off\" da_not_modal=\"on\" da_is_singular=\"off\" da_with_loader=\"off\" da_has_shadow=\"on\"][et_pb_row _builder_version=\"4.17.6\" background_enable_color=\"off\" global_colors_info=\"{}\"][et_pb_column type=\"4_4\" _builder_version=\"4.16\" global_colors_info=\"{}\"][et_pb_blurb title=\"Suchen Sie eine Ultraschallsonde oder ein Ultraschallger\u00e4t?\" icon_placement=\"left\" content_max_width=\"1920px\" _builder_version=\"4.17.6\" header_level=\"h2\" header_font_size=\"40px\" header_font_size_tablet=\"35px\" header_font_size_phone=\"30px\" header_font_size_last_edited=\"on|phone\" global_colors_info=\"{}\"]<\/p><p>Durch unser umfangreiches Sortiment k\u00f6nnen wir alle Arten von Ultraschallsonden und -ger\u00e4ten f\u00fcr jeden speziellen Fachbereich auf dem Gebiet der Sonographie anbieten. Wir f\u00fchren diagnostische Ultraschallger\u00e4te aller Marken und Hersteller, darunter: Philips, GE, Toshiba, Siemens, Samsung, Mindray, B & K, Esaote, Acuson, Hitachi, Canon, Alpinion, Chison, Sonosite, Sonoscape, Medison, Supersonic und viele mehr . Alle Sonden und Ultraschallger\u00e4te haben eine Garantie von mindestens 3 Monaten und eine Garantie von bis zu 12 Monaten auf neue, Demo- und \u00fcberholte Produkte. Wir bieten eine 24h Lieferung in die meisten mittel- und westeurop\u00e4ischen L\u00e4nder an. Der Versand kann auf Wunsch auch weltweit erfolgen. Alle Sonden und Ultraschallger\u00e4te werden in unserem nach ISO 13485 zertifizierten Sondenreparaturlabor vollst\u00e4ndig getestet. Wir k\u00f6nnen Ihnen einen Eintauschrabatt auf Ihren alten Schallkopf anbieten - kontaktieren Sie uns noch heute, um Ihre Optionen zu besprechen.<\/p><p>[\/et_pb_blurb][\/et_pb_column][\/et_pb_row][\/et_pb_section]<\/p>","_et_gb_content_width":"","footnotes":""},"class_list":["post-263357","page","type-page","status-publish","has-post-thumbnail","hentry"],"yoast_head":"<!-- This site is optimized with the Yoast SEO plugin v27.5 - https:\/\/yoast.com\/product\/yoast-seo-wordpress\/ -->\n<title>Produkty | Ortner Medizintechnik %<\/title>\n<meta name=\"description\" content=\"TEE, 3D\/4D a standardn\u00ed ultrazvukov\u00e9 sondy \u2713 V\u0161ichni v\u00fdrobci \u2713 Ultrazvukov\u00e9 p\u0159\u00edstroje \u2713 Spole\u010dnost s certifikac\u00ed ISO 13485 \u2713 Pron\u00e1jem sond\" \/>\n<meta name=\"robots\" content=\"index, follow, max-snippet:-1, max-image-preview:large, max-video-preview:-1\" \/>\n<link rel=\"canonical\" href=\"https:\/\/www.ort-med.com\/cs\/produkty\/\" \/>\n<meta property=\"og:locale\" content=\"cs_CZ\" \/>\n<meta property=\"og:type\" content=\"article\" \/>\n<meta property=\"og:title\" content=\"Produkty | Ortner Medizintechnik %\" \/>\n<meta property=\"og:description\" content=\"TEE, 3D\/4D a standardn\u00ed ultrazvukov\u00e9 sondy \u2713 V\u0161ichni v\u00fdrobci \u2713 Ultrazvukov\u00e9 p\u0159\u00edstroje \u2713 Spole\u010dnost s certifikac\u00ed ISO 13485 \u2713 Pron\u00e1jem sond\" \/>\n<meta property=\"og:url\" content=\"https:\/\/www.ort-med.com\/cs\/produkty\/\" \/>\n<meta property=\"og:site_name\" content=\"Ortner Medizintechnik\" \/>\n<meta property=\"article:modified_time\" content=\"2025-05-26T09:17:29+00:00\" \/>\n<meta property=\"og:image\" content=\"https:\/\/www.ort-med.com\/wp-content\/uploads\/2023\/09\/Grosse-Auswahl-an-Ultraschallsonden.jpg\" \/>\n\t<meta property=\"og:image:width\" content=\"600\" \/>\n\t<meta property=\"og:image:height\" content=\"600\" \/>\n\t<meta property=\"og:image:type\" content=\"image\/jpeg\" \/>\n<meta name=\"twitter:card\" content=\"summary_large_image\" \/>\n<meta name=\"twitter:site\" content=\"@ortnermedical\" \/>\n<meta name=\"twitter:label1\" content=\"Odhadovan\u00e1 doba \u010dten\u00ed\" \/>\n\t<meta name=\"twitter:data1\" content=\"30 minut\" \/>\n<script type=\"application\/ld+json\" class=\"yoast-schema-graph\">{\"@context\":\"https:\\\/\\\/schema.org\",\"@graph\":[{\"@type\":\"WebPage\",\"@id\":\"https:\\\/\\\/www.ort-med.com\\\/cs\\\/produkty\\\/\",\"url\":\"https:\\\/\\\/www.ort-med.com\\\/cs\\\/produkty\\\/\",\"name\":\"Produkty | Ortner Medizintechnik %\",\"isPartOf\":{\"@id\":\"https:\\\/\\\/www.ort-med.com\\\/cs\\\/#website\"},\"primaryImageOfPage\":{\"@id\":\"https:\\\/\\\/www.ort-med.com\\\/cs\\\/produkty\\\/#primaryimage\"},\"image\":{\"@id\":\"https:\\\/\\\/www.ort-med.com\\\/cs\\\/produkty\\\/#primaryimage\"},\"thumbnailUrl\":\"https:\\\/\\\/www.ort-med.com\\\/wp-content\\\/uploads\\\/2023\\\/09\\\/Grosse-Auswahl-an-Ultraschallsonden.jpg\",\"datePublished\":\"2025-05-26T09:17:28+00:00\",\"dateModified\":\"2025-05-26T09:17:29+00:00\",\"description\":\"TEE, 3D\\\/4D a standardn\u00ed ultrazvukov\u00e9 sondy \u2713 V\u0161ichni v\u00fdrobci \u2713 Ultrazvukov\u00e9 p\u0159\u00edstroje \u2713 Spole\u010dnost s certifikac\u00ed ISO 13485 \u2713 Pron\u00e1jem sond\",\"breadcrumb\":{\"@id\":\"https:\\\/\\\/www.ort-med.com\\\/cs\\\/produkty\\\/#breadcrumb\"},\"inLanguage\":\"cs\",\"potentialAction\":[{\"@type\":\"ReadAction\",\"target\":[\"https:\\\/\\\/www.ort-med.com\\\/cs\\\/produkty\\\/\"]}]},{\"@type\":\"ImageObject\",\"inLanguage\":\"cs\",\"@id\":\"https:\\\/\\\/www.ort-med.com\\\/cs\\\/produkty\\\/#primaryimage\",\"url\":\"https:\\\/\\\/www.ort-med.com\\\/wp-content\\\/uploads\\\/2023\\\/09\\\/Grosse-Auswahl-an-Ultraschallsonden.jpg\",\"contentUrl\":\"https:\\\/\\\/www.ort-med.com\\\/wp-content\\\/uploads\\\/2023\\\/09\\\/Grosse-Auswahl-an-Ultraschallsonden.jpg\",\"width\":600,\"height\":600},{\"@type\":\"BreadcrumbList\",\"@id\":\"https:\\\/\\\/www.ort-med.com\\\/cs\\\/produkty\\\/#breadcrumb\",\"itemListElement\":[{\"@type\":\"ListItem\",\"position\":1,\"name\":\"Startseite\",\"item\":\"https:\\\/\\\/www.ort-med.com\\\/cs\\\/\"},{\"@type\":\"ListItem\",\"position\":2,\"name\":\"Produkty\"}]},{\"@type\":\"WebSite\",\"@id\":\"https:\\\/\\\/www.ort-med.com\\\/cs\\\/#website\",\"url\":\"https:\\\/\\\/www.ort-med.com\\\/cs\\\/\",\"name\":\"ORTNER Medical Solutions\",\"description\":\"Ihre Spezialisten in Sonografie | Ultraschallsonden | Ultraschallger\u00e4te | Endoskope\",\"publisher\":{\"@id\":\"https:\\\/\\\/www.ort-med.com\\\/cs\\\/#organization\"},\"potentialAction\":[{\"@type\":\"SearchAction\",\"target\":{\"@type\":\"EntryPoint\",\"urlTemplate\":\"https:\\\/\\\/www.ort-med.com\\\/cs\\\/?s={search_term_string}\"},\"query-input\":{\"@type\":\"PropertyValueSpecification\",\"valueRequired\":true,\"valueName\":\"search_term_string\"}}],\"inLanguage\":\"cs\"},{\"@type\":\"Organization\",\"@id\":\"https:\\\/\\\/www.ort-med.com\\\/cs\\\/#organization\",\"name\":\"ORTNER Medizintechnik\",\"alternateName\":\"ORTNER Medical Solutions\",\"url\":\"https:\\\/\\\/www.ort-med.com\\\/cs\\\/\",\"logo\":{\"@type\":\"ImageObject\",\"inLanguage\":\"cs\",\"@id\":\"https:\\\/\\\/www.ort-med.com\\\/cs\\\/#\\\/schema\\\/logo\\\/image\\\/\",\"url\":\"https:\\\/\\\/www.ort-med.com\\\/wp-content\\\/uploads\\\/2022\\\/12\\\/Ortner-Medizintechnik-Logo.png\",\"contentUrl\":\"https:\\\/\\\/www.ort-med.com\\\/wp-content\\\/uploads\\\/2022\\\/12\\\/Ortner-Medizintechnik-Logo.png\",\"width\":1078,\"height\":360,\"caption\":\"ORTNER Medizintechnik\"},\"image\":{\"@id\":\"https:\\\/\\\/www.ort-med.com\\\/cs\\\/#\\\/schema\\\/logo\\\/image\\\/\"},\"sameAs\":[\"https:\\\/\\\/x.com\\\/ortnermedical\",\"https:\\\/\\\/www.instagram.com\\\/ortnermedizintechnik\\\/\",\"https:\\\/\\\/www.linkedin.com\\\/company\\\/ortnermedizintechnik\"]}]}<\/script>\n<!-- \/ Yoast SEO plugin. -->","yoast_head_json":{"title":"Produkty | Ortner Medizintechnik %","description":"TEE, 3D\/4D a standardn\u00ed ultrazvukov\u00e9 sondy \u2713 V\u0161ichni v\u00fdrobci \u2713 Ultrazvukov\u00e9 p\u0159\u00edstroje \u2713 Spole\u010dnost s certifikac\u00ed ISO 13485 \u2713 Pron\u00e1jem sond","robots":{"index":"index","follow":"follow","max-snippet":"max-snippet:-1","max-image-preview":"max-image-preview:large","max-video-preview":"max-video-preview:-1"},"canonical":"https:\/\/www.ort-med.com\/cs\/produkty\/","og_locale":"cs_CZ","og_type":"article","og_title":"Produkty | Ortner Medizintechnik %","og_description":"TEE, 3D\/4D a standardn\u00ed ultrazvukov\u00e9 sondy \u2713 V\u0161ichni v\u00fdrobci \u2713 Ultrazvukov\u00e9 p\u0159\u00edstroje \u2713 Spole\u010dnost s certifikac\u00ed ISO 13485 \u2713 Pron\u00e1jem sond","og_url":"https:\/\/www.ort-med.com\/cs\/produkty\/","og_site_name":"Ortner Medizintechnik","article_modified_time":"2025-05-26T09:17:29+00:00","og_image":[{"width":600,"height":600,"url":"https:\/\/www.ort-med.com\/wp-content\/uploads\/2023\/09\/Grosse-Auswahl-an-Ultraschallsonden.jpg","type":"image\/jpeg"}],"twitter_card":"summary_large_image","twitter_site":"@ortnermedical","twitter_misc":{"Odhadovan\u00e1 doba \u010dten\u00ed":"30 minut"},"schema":{"@context":"https:\/\/schema.org","@graph":[{"@type":"WebPage","@id":"https:\/\/www.ort-med.com\/cs\/produkty\/","url":"https:\/\/www.ort-med.com\/cs\/produkty\/","name":"Produkty | Ortner Medizintechnik %","isPartOf":{"@id":"https:\/\/www.ort-med.com\/cs\/#website"},"primaryImageOfPage":{"@id":"https:\/\/www.ort-med.com\/cs\/produkty\/#primaryimage"},"image":{"@id":"https:\/\/www.ort-med.com\/cs\/produkty\/#primaryimage"},"thumbnailUrl":"https:\/\/www.ort-med.com\/wp-content\/uploads\/2023\/09\/Grosse-Auswahl-an-Ultraschallsonden.jpg","datePublished":"2025-05-26T09:17:28+00:00","dateModified":"2025-05-26T09:17:29+00:00","description":"TEE, 3D\/4D a standardn\u00ed ultrazvukov\u00e9 sondy \u2713 V\u0161ichni v\u00fdrobci \u2713 Ultrazvukov\u00e9 p\u0159\u00edstroje \u2713 Spole\u010dnost s certifikac\u00ed ISO 13485 \u2713 Pron\u00e1jem sond","breadcrumb":{"@id":"https:\/\/www.ort-med.com\/cs\/produkty\/#breadcrumb"},"inLanguage":"cs","potentialAction":[{"@type":"ReadAction","target":["https:\/\/www.ort-med.com\/cs\/produkty\/"]}]},{"@type":"ImageObject","inLanguage":"cs","@id":"https:\/\/www.ort-med.com\/cs\/produkty\/#primaryimage","url":"https:\/\/www.ort-med.com\/wp-content\/uploads\/2023\/09\/Grosse-Auswahl-an-Ultraschallsonden.jpg","contentUrl":"https:\/\/www.ort-med.com\/wp-content\/uploads\/2023\/09\/Grosse-Auswahl-an-Ultraschallsonden.jpg","width":600,"height":600},{"@type":"BreadcrumbList","@id":"https:\/\/www.ort-med.com\/cs\/produkty\/#breadcrumb","itemListElement":[{"@type":"ListItem","position":1,"name":"Startseite","item":"https:\/\/www.ort-med.com\/cs\/"},{"@type":"ListItem","position":2,"name":"Produkty"}]},{"@type":"WebSite","@id":"https:\/\/www.ort-med.com\/cs\/#website","url":"https:\/\/www.ort-med.com\/cs\/","name":"ORTNER Medical Solutions","description":"Ihre Spezialisten in Sonografie | Ultraschallsonden | Ultraschallger\u00e4te | Endoskope","publisher":{"@id":"https:\/\/www.ort-med.com\/cs\/#organization"},"potentialAction":[{"@type":"SearchAction","target":{"@type":"EntryPoint","urlTemplate":"https:\/\/www.ort-med.com\/cs\/?s={search_term_string}"},"query-input":{"@type":"PropertyValueSpecification","valueRequired":true,"valueName":"search_term_string"}}],"inLanguage":"cs"},{"@type":"Organization","@id":"https:\/\/www.ort-med.com\/cs\/#organization","name":"ORTNER Medizintechnik","alternateName":"ORTNER Medical Solutions","url":"https:\/\/www.ort-med.com\/cs\/","logo":{"@type":"ImageObject","inLanguage":"cs","@id":"https:\/\/www.ort-med.com\/cs\/#\/schema\/logo\/image\/","url":"https:\/\/www.ort-med.com\/wp-content\/uploads\/2022\/12\/Ortner-Medizintechnik-Logo.png","contentUrl":"https:\/\/www.ort-med.com\/wp-content\/uploads\/2022\/12\/Ortner-Medizintechnik-Logo.png","width":1078,"height":360,"caption":"ORTNER Medizintechnik"},"image":{"@id":"https:\/\/www.ort-med.com\/cs\/#\/schema\/logo\/image\/"},"sameAs":["https:\/\/x.com\/ortnermedical","https:\/\/www.instagram.com\/ortnermedizintechnik\/","https:\/\/www.linkedin.com\/company\/ortnermedizintechnik"]}]}},"_links":{"self":[{"href":"https:\/\/www.ort-med.com\/cs\/wp-json\/wp\/v2\/pages\/263357","targetHints":{"allow":["GET"]}}],"collection":[{"href":"https:\/\/www.ort-med.com\/cs\/wp-json\/wp\/v2\/pages"}],"about":[{"href":"https:\/\/www.ort-med.com\/cs\/wp-json\/wp\/v2\/types\/page"}],"author":[{"embeddable":true,"href":"https:\/\/www.ort-med.com\/cs\/wp-json\/wp\/v2\/users\/4"}],"replies":[{"embeddable":true,"href":"https:\/\/www.ort-med.com\/cs\/wp-json\/wp\/v2\/comments?post=263357"}],"version-history":[{"count":3,"href":"https:\/\/www.ort-med.com\/cs\/wp-json\/wp\/v2\/pages\/263357\/revisions"}],"predecessor-version":[{"id":263360,"href":"https:\/\/www.ort-med.com\/cs\/wp-json\/wp\/v2\/pages\/263357\/revisions\/263360"}],"wp:featuredmedia":[{"embeddable":true,"href":"https:\/\/www.ort-med.com\/cs\/wp-json\/wp\/v2\/media\/259679"}],"wp:attachment":[{"href":"https:\/\/www.ort-med.com\/cs\/wp-json\/wp\/v2\/media?parent=263357"}],"curies":[{"name":"wp","href":"https:\/\/api.w.org\/{rel}","templated":true}]}}