{"id":2971,"date":"2020-05-05T08:05:26","date_gmt":"2020-05-05T06:05:26","guid":{"rendered":"https:\/\/www.ortner-med.com\/?page_id=2971"},"modified":"2026-03-10T14:06:50","modified_gmt":"2026-03-10T13:06:50","slug":"aviso-legal","status":"publish","type":"page","link":"https:\/\/www.ort-med.com\/es\/aviso-legal\/","title":{"rendered":"Aviso legal"},"content":{"rendered":"<p>[et_pb_section fb_built=\u00bb1&#8243; _builder_version=\u00bb4.19.2&#8243; _module_preset=\u00bbdefault\u00bb background_color=\u00bb#000000&#8243; background_image=\u00bbhttps:\/\/www.ort-med.com\/wp-content\/uploads\/2022\/12\/ISO-13485-Background_2-20221122-084019-1.png\u00bb parallax=\u00bbon\u00bb parallax_method=\u00bboff\u00bb custom_padding=\u00bb||||false|false\u00bb background_last_edited=\u00bbon|phone\u00bb background_enable_image_tablet=\u00bboff\u00bb da_disable_devices=\u00bboff|off|off\u00bb global_colors_info=\u00bb{}\u00bb da_is_popup=\u00bboff\u00bb da_exit_intent=\u00bboff\u00bb da_has_close=\u00bbon\u00bb da_alt_close=\u00bboff\u00bb da_dark_close=\u00bboff\u00bb da_not_modal=\u00bbon\u00bb da_is_singular=\u00bboff\u00bb da_with_loader=\u00bboff\u00bb da_has_shadow=\u00bbon\u00bb][et_pb_row _builder_version=\u00bb4.17.6&#8243; custom_margin=\u00bb0px|auto||auto|false|false\u00bb custom_padding=\u00bb||2px||false|false\u00bb global_colors_info=\u00bb{}\u00bb][et_pb_column type=\u00bb4_4&#8243; _builder_version=\u00bb4.16&#8243; global_colors_info=\u00bb{}\u00bb][et_pb_blurb title=\u00bbAviso legal\u00bb use_icon=\u00bbon\u00bb font_icon=\u00bb&#xe056;||divi||400&#8243; icon_color=\u00bb#ffffff\u00bb image_icon_background_color=\u00bb#5fa0d7&#8243; icon_placement=\u00bbleft\u00bb image_icon_width=\u00bb16px\u00bb content_max_width=\u00bb2000px\u00bb _builder_version=\u00bb4.19.2&#8243; header_level=\u00bbh1&#8243; header_font=\u00bbAeonik Fono Regular||||||||\u00bb header_text_align=\u00bbleft\u00bb header_text_color=\u00bb#FFFFFF\u00bb header_font_size=\u00bb30px\u00bb image_icon_custom_padding=\u00bb8px|8px|8px|8px|false|false\u00bb module_alignment=\u00bbleft\u00bb custom_margin=\u00bb||18px|||\u00bb custom_padding=\u00bb||||false|false\u00bb border_radii_image=\u00bbon|100%|100%|100%|100%\u00bb use_circle=\u00bbon\u00bb global_colors_info=\u00bb{}\u00bb image_icon_background_color__sticky_enabled=\u00bb#004976&#8243; image_icon_background_color__sticky=\u00bb#004976&#8243;][\/et_pb_blurb][\/et_pb_column][\/et_pb_row][et_pb_row column_structure=\u00bb1_2,1_2&#8243; _builder_version=\u00bb4.17.6&#8243; _module_preset=\u00bbdefault\u00bb global_colors_info=\u00bb{}\u00bb][et_pb_column type=\u00bb1_2&#8243; _builder_version=\u00bb4.17.6&#8243; _module_preset=\u00bbdefault\u00bb global_colors_info=\u00bb{}\u00bb][et_pb_text _builder_version=\u00bb4.17.6&#8243; _module_preset=\u00bbdefault\u00bb text_font=\u00bbAeonik Fono Regular|700|||||||\u00bb text_text_color=\u00bb#FFFFFF\u00bb text_font_size=\u00bb26px\u00bb text_line_height=\u00bb1.2em\u00bb header_2_font=\u00bbAeonik Pro Regular|600|||||||\u00bb header_2_text_color=\u00bb#5fa0d7&#8243; header_2_font_size=\u00bb60px\u00bb header_2_font_size_tablet=\u00bb50px\u00bb header_2_font_size_phone=\u00bb40px\u00bb header_2_font_size_last_edited=\u00bbon|phone\u00bb global_colors_info=\u00bb{}\u00bb]<\/p>\n<h2>Ortner Medizintechnik e.U.<\/h2>\n<p>[\/et_pb_text][et_pb_image src=\u00bbhttps:\/\/www.ort-med.com\/wp-content\/uploads\/2022\/12\/ecg.webp\u00bb title_text=\u00bbecg\u00bb url=\u00bbhttps:\/\/www.wkoecg.at\/Ecg.aspx?FirmaID=4cda4116-415b-4441-ae4e-8739475567cb\u00bb url_new_window=\u00bbon\u00bb _builder_version=\u00bb4.17.6&#8243; _module_preset=\u00bbdefault\u00bb global_colors_info=\u00bb{}\u00bb][\/et_pb_image][\/et_pb_column][et_pb_column type=\u00bb1_2&#8243; _builder_version=\u00bb4.17.6&#8243; _module_preset=\u00bbdefault\u00bb global_colors_info=\u00bb{}\u00bb][\/et_pb_column][\/et_pb_row][\/et_pb_section][et_pb_section fb_built=\u00bb1&#8243; _builder_version=\u00bb4.17.6&#8243; _module_preset=\u00bbdefault\u00bb background_color=\u00bb#f1f4f6&#8243; custom_margin=\u00bb||||false|false\u00bb custom_padding=\u00bb10px||10px||false|false\u00bb da_disable_devices=\u00bboff|off|off\u00bb global_colors_info=\u00bb{}\u00bb da_is_popup=\u00bboff\u00bb da_exit_intent=\u00bboff\u00bb da_has_close=\u00bbon\u00bb da_alt_close=\u00bboff\u00bb da_dark_close=\u00bboff\u00bb da_not_modal=\u00bbon\u00bb da_is_singular=\u00bboff\u00bb da_with_loader=\u00bboff\u00bb da_has_shadow=\u00bbon\u00bb][et_pb_row _builder_version=\u00bb4.17.6&#8243; _module_preset=\u00bbdefault\u00bb global_colors_info=\u00bb{}\u00bb][et_pb_column type=\u00bb4_4&#8243; _builder_version=\u00bb4.17.6&#8243; _module_preset=\u00bbdefault\u00bb global_colors_info=\u00bb{}\u00bb][et_pb_text _builder_version=\u00bb4.23.4&#8243; _module_preset=\u00bbdefault\u00bb header_3_font_size=\u00bb25px\u00bb global_colors_info=\u00bb{}\u00bb]<\/p>\n<h3>Ubicaci\u00f3n:<\/h3>\n<p style=\"font-weight: 400;\">Strauchweg 26<br \/>8501<span>\u00a0<\/span><span>Lieboch<br \/>Austira<\/span><\/p>\n<p style=\"font-weight: 400;\"><b><strong>Tel\u00e9fono:<\/strong><\/b><span> <\/span><span><a href=\"tel:0313662155\">03136 62155<\/a>\u00a0<\/span><\/p>\n<p style=\"font-weight: 400;\"><b><strong>Correo electr\u00f3nico:<\/strong><\/b><span> <\/span><a href=\"mailto:office@ort-med.com\">office@ort-med.com<\/a><\/p>\n<p style=\"font-weight: 400;\"><b><strong>Nombre de la empresa: <\/strong><\/b>Ortner Medizintechnik<span>\u00a0<\/span><span>e.U<\/span>.<\/p>\n<p style=\"font-weight: 400;\"><b><strong>Registro de la empresa: <\/strong><\/b>403110i<\/p>\n<p style=\"font-weight: 400;\"><b><strong>CIF: <\/strong><\/b>ATU65728938<\/p>\n<p style=\"font-weight: 400;\">Autoridad acc. ECG (Ley de Comercio Electr\u00f3nico) Jurisdicci\u00f3n y leyes aplicables Regi\u00f3n Graz y sus alrededores<\/p>\n<h3>Contenido:<\/h3>\n<p>Imagen\u00a0corporativa\u00a0\u00a0de\u00a0Ortner Medizintechnik e.U.<\/p>\n<p>[\/et_pb_text][\/et_pb_column][\/et_pb_row][\/et_pb_section][et_pb_section fb_built=\u00bb1&#8243; _builder_version=\u00bb4.17.6&#8243; _module_preset=\u00bbdefault\u00bb background_color=\u00bb#c5ccd2&#8243; custom_padding=\u00bb10px||10px||false|false\u00bb da_disable_devices=\u00bboff|off|off\u00bb global_colors_info=\u00bb{}\u00bb da_is_popup=\u00bboff\u00bb da_exit_intent=\u00bboff\u00bb da_has_close=\u00bbon\u00bb da_alt_close=\u00bboff\u00bb da_dark_close=\u00bboff\u00bb da_not_modal=\u00bbon\u00bb da_is_singular=\u00bboff\u00bb da_with_loader=\u00bboff\u00bb da_has_shadow=\u00bbon\u00bb][et_pb_row _builder_version=\u00bb4.17.6&#8243; _module_preset=\u00bbdefault\u00bb global_colors_info=\u00bb{}\u00bb][et_pb_column type=\u00bb4_4&#8243; _builder_version=\u00bb4.17.6&#8243; _module_preset=\u00bbdefault\u00bb global_colors_info=\u00bb{}\u00bb][et_pb_text _builder_version=\u00bb4.27.6&#8243; header_3_font_size=\u00bb25px\u00bb hover_enabled=\u00bb0&#8243; global_colors_info=\u00bb{}\u00bb sticky_enabled=\u00bb0&#8243;]<\/p>\n<h3>Aviso de\u00a0responsabilidad:<\/h3>\n<p>A\u00a0pesar\u00a0del\u00a0control\u00a0cuidadoso\u00a0del\u00a0contenido,\u00a0no\u00a0asumimos\u00a0ninguna\u00a0responsabilidad\u00a0por\u00a0el\u00a0contenido\u00a0de los\u00a0enlaces\u00a0externos.<\/p>\n<p>El\u00a0contenido\u00a0de las\u00a0p\u00e1ginas\u00a0enlazadas\u00a0es\u00a0responsabilidad\u00a0exclusiva\u00a0de\u00a0sus\u00a0operadores.<\/p>\n<p>Copyright \u00a9 2026 by Ortner Medizintechnik e.U., Todos los derechos reservados.<\/p>\n<p><strong>Derechos\u00a0de\u00a0Imagen:<\/strong><\/p>\n<p>\u00a9 Ortner Medizintechnik e.U.<\/p>\n<p style=\"font-weight: 400;\">\u00a9 Shutterstock<\/p>\n<p>https:\/\/www.shutterstock.com\/<\/p>\n<p>[\/et_pb_text][\/et_pb_column][\/et_pb_row][\/et_pb_section]<\/p>\n","protected":false},"excerpt":{"rendered":"<p>Ortner Medizintechnik e.U.Ubicaci\u00f3n: Strauchweg 268501\u00a0LiebochAustira Tel\u00e9fono: 03136 62155\u00a0 Correo electr\u00f3nico: office@ort-med.com Nombre de la empresa: Ortner Medizintechnik\u00a0e.U. Registro de la empresa: 403110i CIF: ATU65728938 Autoridad acc. ECG (Ley de Comercio Electr\u00f3nico) Jurisdicci\u00f3n y leyes aplicables Regi\u00f3n Graz y sus alrededores Contenido: Imagen\u00a0corporativa\u00a0\u00a0de\u00a0Ortner Medizintechnik e.U.Aviso de\u00a0responsabilidad: A\u00a0pesar\u00a0del\u00a0control\u00a0cuidadoso\u00a0del\u00a0contenido,\u00a0no\u00a0asumimos\u00a0ninguna\u00a0responsabilidad\u00a0por\u00a0el\u00a0contenido\u00a0de los\u00a0enlaces\u00a0externos. El\u00a0contenido\u00a0de las\u00a0p\u00e1ginas\u00a0enlazadas\u00a0es\u00a0responsabilidad\u00a0exclusiva\u00a0de\u00a0sus\u00a0operadores. Copyright \u00a9 2026 by Ortner Medizintechnik [&hellip;]<\/p>\n","protected":false},"author":1,"featured_media":0,"parent":0,"menu_order":0,"comment_status":"closed","ping_status":"closed","template":"","meta":{"_et_pb_use_builder":"on","_et_pb_old_content":"","_et_gb_content_width":"","footnotes":""},"class_list":["post-2971","page","type-page","status-publish","hentry"],"yoast_head":"<!-- This site is optimized with the Yoast SEO plugin v27.5 - https:\/\/yoast.com\/product\/yoast-seo-wordpress\/ -->\n<title>Aviso legal | Ortner Medizintechnik<\/title>\n<meta name=\"description\" content=\"La impresi\u00f3n del sitio web de Ortner Medizintechik e.U\" \/>\n<meta name=\"robots\" content=\"index, follow, max-snippet:-1, max-image-preview:large, max-video-preview:-1\" \/>\n<link rel=\"canonical\" href=\"https:\/\/www.ort-med.com\/es\/aviso-legal\/\" \/>\n<meta property=\"og:locale\" content=\"es_ES\" \/>\n<meta property=\"og:type\" content=\"article\" \/>\n<meta property=\"og:title\" content=\"Aviso legal | Ortner Medizintechnik\" \/>\n<meta property=\"og:description\" content=\"La impresi\u00f3n del sitio web de Ortner Medizintechik e.U\" \/>\n<meta property=\"og:url\" content=\"https:\/\/www.ort-med.com\/es\/aviso-legal\/\" \/>\n<meta property=\"og:site_name\" content=\"Ortner Medizintechnik\" \/>\n<meta property=\"article:modified_time\" content=\"2026-03-10T13:06:50+00:00\" \/>\n<meta property=\"og:image\" content=\"https:\/\/www.ort-med.com\/wp-content\/uploads\/2023\/02\/Sonografie.jpg\" \/>\n\t<meta property=\"og:image:width\" content=\"1920\" \/>\n\t<meta property=\"og:image:height\" content=\"1080\" \/>\n\t<meta property=\"og:image:type\" content=\"image\/jpeg\" \/>\n<meta name=\"twitter:card\" content=\"summary_large_image\" \/>\n<meta name=\"twitter:site\" content=\"@ortnermedical\" \/>\n<meta name=\"twitter:label1\" content=\"Tiempo de lectura\" \/>\n\t<meta name=\"twitter:data1\" content=\"3 minutos\" \/>\n<script type=\"application\/ld+json\" class=\"yoast-schema-graph\">{\"@context\":\"https:\\\/\\\/schema.org\",\"@graph\":[{\"@type\":\"WebPage\",\"@id\":\"https:\\\/\\\/www.ort-med.com\\\/es\\\/aviso-legal\\\/\",\"url\":\"https:\\\/\\\/www.ort-med.com\\\/es\\\/aviso-legal\\\/\",\"name\":\"Aviso legal | Ortner Medizintechnik\",\"isPartOf\":{\"@id\":\"https:\\\/\\\/www.ort-med.com\\\/es\\\/#website\"},\"datePublished\":\"2020-05-05T06:05:26+00:00\",\"dateModified\":\"2026-03-10T13:06:50+00:00\",\"description\":\"La impresi\u00f3n del sitio web de Ortner Medizintechik e.U\",\"breadcrumb\":{\"@id\":\"https:\\\/\\\/www.ort-med.com\\\/es\\\/aviso-legal\\\/#breadcrumb\"},\"inLanguage\":\"es\",\"potentialAction\":[{\"@type\":\"ReadAction\",\"target\":[\"https:\\\/\\\/www.ort-med.com\\\/es\\\/aviso-legal\\\/\"]}]},{\"@type\":\"BreadcrumbList\",\"@id\":\"https:\\\/\\\/www.ort-med.com\\\/es\\\/aviso-legal\\\/#breadcrumb\",\"itemListElement\":[{\"@type\":\"ListItem\",\"position\":1,\"name\":\"Startseite\",\"item\":\"https:\\\/\\\/www.ort-med.com\\\/es\\\/\"},{\"@type\":\"ListItem\",\"position\":2,\"name\":\"Aviso legal\"}]},{\"@type\":\"WebSite\",\"@id\":\"https:\\\/\\\/www.ort-med.com\\\/es\\\/#website\",\"url\":\"https:\\\/\\\/www.ort-med.com\\\/es\\\/\",\"name\":\"ORTNER Medical Solutions\",\"description\":\"Ihre Spezialisten in Sonografie | Ultraschallsonden | Ultraschallger\u00e4te | Endoskope\",\"publisher\":{\"@id\":\"https:\\\/\\\/www.ort-med.com\\\/es\\\/#organization\"},\"potentialAction\":[{\"@type\":\"SearchAction\",\"target\":{\"@type\":\"EntryPoint\",\"urlTemplate\":\"https:\\\/\\\/www.ort-med.com\\\/es\\\/?s={search_term_string}\"},\"query-input\":{\"@type\":\"PropertyValueSpecification\",\"valueRequired\":true,\"valueName\":\"search_term_string\"}}],\"inLanguage\":\"es\"},{\"@type\":\"Organization\",\"@id\":\"https:\\\/\\\/www.ort-med.com\\\/es\\\/#organization\",\"name\":\"ORTNER Medizintechnik\",\"alternateName\":\"ORTNER Medical Solutions\",\"url\":\"https:\\\/\\\/www.ort-med.com\\\/es\\\/\",\"logo\":{\"@type\":\"ImageObject\",\"inLanguage\":\"es\",\"@id\":\"https:\\\/\\\/www.ort-med.com\\\/es\\\/#\\\/schema\\\/logo\\\/image\\\/\",\"url\":\"https:\\\/\\\/www.ort-med.com\\\/wp-content\\\/uploads\\\/2022\\\/12\\\/Ortner-Medizintechnik-Logo.png\",\"contentUrl\":\"https:\\\/\\\/www.ort-med.com\\\/wp-content\\\/uploads\\\/2022\\\/12\\\/Ortner-Medizintechnik-Logo.png\",\"width\":1078,\"height\":360,\"caption\":\"ORTNER Medizintechnik\"},\"image\":{\"@id\":\"https:\\\/\\\/www.ort-med.com\\\/es\\\/#\\\/schema\\\/logo\\\/image\\\/\"},\"sameAs\":[\"https:\\\/\\\/x.com\\\/ortnermedical\",\"https:\\\/\\\/www.instagram.com\\\/ortnermedizintechnik\\\/\",\"https:\\\/\\\/www.linkedin.com\\\/company\\\/ortnermedizintechnik\"]}]}<\/script>\n<!-- \/ Yoast SEO plugin. -->","yoast_head_json":{"title":"Aviso legal | Ortner Medizintechnik","description":"La impresi\u00f3n del sitio web de Ortner Medizintechik e.U","robots":{"index":"index","follow":"follow","max-snippet":"max-snippet:-1","max-image-preview":"max-image-preview:large","max-video-preview":"max-video-preview:-1"},"canonical":"https:\/\/www.ort-med.com\/es\/aviso-legal\/","og_locale":"es_ES","og_type":"article","og_title":"Aviso legal | Ortner Medizintechnik","og_description":"La impresi\u00f3n del sitio web de Ortner Medizintechik e.U","og_url":"https:\/\/www.ort-med.com\/es\/aviso-legal\/","og_site_name":"Ortner Medizintechnik","article_modified_time":"2026-03-10T13:06:50+00:00","og_image":[{"width":1920,"height":1080,"url":"https:\/\/www.ort-med.com\/wp-content\/uploads\/2023\/02\/Sonografie.jpg","type":"image\/jpeg"}],"twitter_card":"summary_large_image","twitter_site":"@ortnermedical","twitter_misc":{"Tiempo de lectura":"3 minutos"},"schema":{"@context":"https:\/\/schema.org","@graph":[{"@type":"WebPage","@id":"https:\/\/www.ort-med.com\/es\/aviso-legal\/","url":"https:\/\/www.ort-med.com\/es\/aviso-legal\/","name":"Aviso legal | Ortner Medizintechnik","isPartOf":{"@id":"https:\/\/www.ort-med.com\/es\/#website"},"datePublished":"2020-05-05T06:05:26+00:00","dateModified":"2026-03-10T13:06:50+00:00","description":"La impresi\u00f3n del sitio web de Ortner Medizintechik e.U","breadcrumb":{"@id":"https:\/\/www.ort-med.com\/es\/aviso-legal\/#breadcrumb"},"inLanguage":"es","potentialAction":[{"@type":"ReadAction","target":["https:\/\/www.ort-med.com\/es\/aviso-legal\/"]}]},{"@type":"BreadcrumbList","@id":"https:\/\/www.ort-med.com\/es\/aviso-legal\/#breadcrumb","itemListElement":[{"@type":"ListItem","position":1,"name":"Startseite","item":"https:\/\/www.ort-med.com\/es\/"},{"@type":"ListItem","position":2,"name":"Aviso legal"}]},{"@type":"WebSite","@id":"https:\/\/www.ort-med.com\/es\/#website","url":"https:\/\/www.ort-med.com\/es\/","name":"ORTNER Medical Solutions","description":"Ihre Spezialisten in Sonografie | Ultraschallsonden | Ultraschallger\u00e4te | Endoskope","publisher":{"@id":"https:\/\/www.ort-med.com\/es\/#organization"},"potentialAction":[{"@type":"SearchAction","target":{"@type":"EntryPoint","urlTemplate":"https:\/\/www.ort-med.com\/es\/?s={search_term_string}"},"query-input":{"@type":"PropertyValueSpecification","valueRequired":true,"valueName":"search_term_string"}}],"inLanguage":"es"},{"@type":"Organization","@id":"https:\/\/www.ort-med.com\/es\/#organization","name":"ORTNER Medizintechnik","alternateName":"ORTNER Medical Solutions","url":"https:\/\/www.ort-med.com\/es\/","logo":{"@type":"ImageObject","inLanguage":"es","@id":"https:\/\/www.ort-med.com\/es\/#\/schema\/logo\/image\/","url":"https:\/\/www.ort-med.com\/wp-content\/uploads\/2022\/12\/Ortner-Medizintechnik-Logo.png","contentUrl":"https:\/\/www.ort-med.com\/wp-content\/uploads\/2022\/12\/Ortner-Medizintechnik-Logo.png","width":1078,"height":360,"caption":"ORTNER Medizintechnik"},"image":{"@id":"https:\/\/www.ort-med.com\/es\/#\/schema\/logo\/image\/"},"sameAs":["https:\/\/x.com\/ortnermedical","https:\/\/www.instagram.com\/ortnermedizintechnik\/","https:\/\/www.linkedin.com\/company\/ortnermedizintechnik"]}]}},"_links":{"self":[{"href":"https:\/\/www.ort-med.com\/es\/wp-json\/wp\/v2\/pages\/2971","targetHints":{"allow":["GET"]}}],"collection":[{"href":"https:\/\/www.ort-med.com\/es\/wp-json\/wp\/v2\/pages"}],"about":[{"href":"https:\/\/www.ort-med.com\/es\/wp-json\/wp\/v2\/types\/page"}],"author":[{"embeddable":true,"href":"https:\/\/www.ort-med.com\/es\/wp-json\/wp\/v2\/users\/1"}],"replies":[{"embeddable":true,"href":"https:\/\/www.ort-med.com\/es\/wp-json\/wp\/v2\/comments?post=2971"}],"version-history":[{"count":14,"href":"https:\/\/www.ort-med.com\/es\/wp-json\/wp\/v2\/pages\/2971\/revisions"}],"predecessor-version":[{"id":265465,"href":"https:\/\/www.ort-med.com\/es\/wp-json\/wp\/v2\/pages\/2971\/revisions\/265465"}],"wp:attachment":[{"href":"https:\/\/www.ort-med.com\/es\/wp-json\/wp\/v2\/media?parent=2971"}],"curies":[{"name":"wp","href":"https:\/\/api.w.org\/{rel}","templated":true}]}}