{"id":2900,"date":"2020-05-19T11:30:01","date_gmt":"2020-05-19T09:30:01","guid":{"rendered":"https:\/\/www.ortner-med.com\/?page_id=2900"},"modified":"2025-05-26T16:23:44","modified_gmt":"2025-05-26T14:23:44","slug":"modalites","status":"publish","type":"page","link":"https:\/\/www.ort-med.com\/fr\/modalites\/","title":{"rendered":"Modalit\u00e9s"},"content":{"rendered":"<p>[et_pb_section fb_built=\u00a0\u00bb1&Prime; _builder_version=\u00a0\u00bb4.19.2&Prime; _module_preset=\u00a0\u00bbdefault\u00a0\u00bb background_color=\u00a0\u00bb#000000&Prime; background_image=\u00a0\u00bbhttps:\/\/www.ort-med.com\/wp-content\/uploads\/2022\/12\/ISO-13485-Background_2-20221122-084019-1.png\u00a0\u00bb parallax=\u00a0\u00bbon\u00a0\u00bb parallax_method=\u00a0\u00bboff\u00a0\u00bb custom_padding=\u00a0\u00bb||||false|false\u00a0\u00bb background_last_edited=\u00a0\u00bbon|phone\u00a0\u00bb background_enable_image_tablet=\u00a0\u00bboff\u00a0\u00bb global_colors_info=\u00a0\u00bb{}\u00a0\u00bb da_is_popup=\u00a0\u00bboff\u00a0\u00bb da_exit_intent=\u00a0\u00bboff\u00a0\u00bb da_has_close=\u00a0\u00bbon\u00a0\u00bb da_alt_close=\u00a0\u00bboff\u00a0\u00bb da_dark_close=\u00a0\u00bboff\u00a0\u00bb da_not_modal=\u00a0\u00bbon\u00a0\u00bb da_is_singular=\u00a0\u00bboff\u00a0\u00bb da_with_loader=\u00a0\u00bboff\u00a0\u00bb da_has_shadow=\u00a0\u00bbon\u00a0\u00bb da_disable_devices=\u00a0\u00bboff|off|off\u00a0\u00bb][et_pb_row _builder_version=\u00a0\u00bb4.17.6&Prime; custom_margin=\u00a0\u00bb0px|auto||auto|false|false\u00a0\u00bb custom_padding=\u00a0\u00bb||2px||false|false\u00a0\u00bb global_colors_info=\u00a0\u00bb{}\u00a0\u00bb][et_pb_column type=\u00a0\u00bb4_4&Prime; _builder_version=\u00a0\u00bb4.16&Prime; global_colors_info=\u00a0\u00bb{}\u00a0\u00bb][et_pb_blurb title=\u00a0\u00bbConditions g\u00e9n\u00e9rales de vente\u00a0\u00bb use_icon=\u00a0\u00bbon\u00a0\u00bb font_icon=\u00a0\u00bb&#x70;||divi||400&Prime; icon_color=\u00a0\u00bb#ffffff\u00a0\u00bb image_icon_background_color=\u00a0\u00bb#5fa0d7&Prime; icon_placement=\u00a0\u00bbleft\u00a0\u00bb image_icon_width=\u00a0\u00bb16px\u00a0\u00bb content_max_width=\u00a0\u00bb2000px\u00a0\u00bb _builder_version=\u00a0\u00bb4.27.4&Prime; header_level=\u00a0\u00bbh1&Prime; header_font=\u00a0\u00bbAeonik Fono Regular||||||||\u00a0\u00bb header_text_align=\u00a0\u00bbleft\u00a0\u00bb header_text_color=\u00a0\u00bb#FFFFFF\u00a0\u00bb header_font_size=\u00a0\u00bb30px\u00a0\u00bb image_icon_custom_padding=\u00a0\u00bb8px|8px|8px|8px|false|false\u00a0\u00bb module_alignment=\u00a0\u00bbleft\u00a0\u00bb custom_margin=\u00a0\u00bb||18px|||\u00a0\u00bb custom_padding=\u00a0\u00bb||||false|false\u00a0\u00bb hover_enabled=\u00a0\u00bb0&Prime; border_radii_image=\u00a0\u00bbon|100%|100%|100%|100%\u00a0\u00bb use_circle=\u00a0\u00bbon\u00a0\u00bb global_colors_info=\u00a0\u00bb{}\u00a0\u00bb image_icon_background_color__sticky_enabled=\u00a0\u00bb#004976&Prime; image_icon_background_color__sticky=\u00a0\u00bb#004976&Prime; sticky_enabled=\u00a0\u00bb0&Prime;][\/et_pb_blurb][\/et_pb_column][\/et_pb_row][et_pb_row column_structure=\u00a0\u00bb1_2,1_2&Prime; _builder_version=\u00a0\u00bb4.17.6&Prime; _module_preset=\u00a0\u00bbdefault\u00a0\u00bb global_colors_info=\u00a0\u00bb{}\u00a0\u00bb][et_pb_column type=\u00a0\u00bb1_2&Prime; _builder_version=\u00a0\u00bb4.17.6&Prime; _module_preset=\u00a0\u00bbdefault\u00a0\u00bb global_colors_info=\u00a0\u00bb{}\u00a0\u00bb][et_pb_text _builder_version=\u00a0\u00bb4.17.6&Prime; _module_preset=\u00a0\u00bbdefault\u00a0\u00bb text_font=\u00a0\u00bbAeonik Fono Regular||||||||\u00a0\u00bb text_text_color=\u00a0\u00bb#FFFFFF\u00a0\u00bb text_font_size=\u00a0\u00bb26px\u00a0\u00bb text_line_height=\u00a0\u00bb1.2em\u00a0\u00bb text_font_size_tablet=\u00a0\u00bb24px\u00a0\u00bb text_font_size_phone=\u00a0\u00bb22px\u00a0\u00bb text_font_size_last_edited=\u00a0\u00bbon|phone\u00a0\u00bb global_colors_info=\u00a0\u00bb{}\u00a0\u00bb]<\/p>\n<p>General Terms and Conditions (GTC) of Ortner Medizintechnik e.U.:<\/p>\n<p>[\/et_pb_text][et_pb_button button_url=\u00a0\u00bb\/wp-content\/uploads\/2022\/12\/AGB-ab-2023-Englisch.pdf\u00a0\u00bb button_text=\u00a0\u00bbGTC English.pdf\u00a0\u00bb _builder_version=\u00a0\u00bb4.19.2&Prime; _module_preset=\u00a0\u00bbdefault\u00a0\u00bb custom_margin=\u00a0\u00bb||50px|||\u00a0\u00bb global_colors_info=\u00a0\u00bb{}\u00a0\u00bb][\/et_pb_button][et_pb_text _builder_version=\u00a0\u00bb4.17.6&Prime; _module_preset=\u00a0\u00bbdefault\u00a0\u00bb text_font=\u00a0\u00bbAeonik Fono Regular||||||||\u00a0\u00bb text_text_color=\u00a0\u00bb#FFFFFF\u00a0\u00bb text_font_size=\u00a0\u00bb26px\u00a0\u00bb text_line_height=\u00a0\u00bb1.2em\u00a0\u00bb text_font_size_tablet=\u00a0\u00bb24px\u00a0\u00bb text_font_size_phone=\u00a0\u00bb22px\u00a0\u00bb text_font_size_last_edited=\u00a0\u00bbon|phone\u00a0\u00bb global_colors_info=\u00a0\u00bb{}\u00a0\u00bb]<\/p>\n<p>Allgemeine Gesch\u00e4ftsbedingungen der Ortner Medizintechnik e.U.:<\/p>\n<p>[\/et_pb_text][et_pb_button button_url=\u00a0\u00bb\/wp-content\/uploads\/2022\/12\/AGB-ab-2023-Deutsch.pdf\u00a0\u00bb url_new_window=\u00a0\u00bbon\u00a0\u00bb button_text=\u00a0\u00bbAGB Deutsch.pdf\u00a0\u00bb _builder_version=\u00a0\u00bb4.19.2&Prime; _module_preset=\u00a0\u00bbdefault\u00a0\u00bb global_colors_info=\u00a0\u00bb{}\u00a0\u00bb][\/et_pb_button][\/et_pb_column][et_pb_column type=\u00a0\u00bb1_2&Prime; _builder_version=\u00a0\u00bb4.17.6&Prime; _module_preset=\u00a0\u00bbdefault\u00a0\u00bb global_colors_info=\u00a0\u00bb{}\u00a0\u00bb][\/et_pb_column][\/et_pb_row][\/et_pb_section][et_pb_section fb_built=\u00a0\u00bb1&Prime; _builder_version=\u00a0\u00bb4.17.6&Prime; _module_preset=\u00a0\u00bbdefault\u00a0\u00bb background_color=\u00a0\u00bb#5fa0d7&Prime; global_colors_info=\u00a0\u00bb{}\u00a0\u00bb da_is_popup=\u00a0\u00bboff\u00a0\u00bb da_exit_intent=\u00a0\u00bboff\u00a0\u00bb da_has_close=\u00a0\u00bbon\u00a0\u00bb da_alt_close=\u00a0\u00bboff\u00a0\u00bb da_dark_close=\u00a0\u00bboff\u00a0\u00bb da_not_modal=\u00a0\u00bbon\u00a0\u00bb da_is_singular=\u00a0\u00bboff\u00a0\u00bb da_with_loader=\u00a0\u00bboff\u00a0\u00bb da_has_shadow=\u00a0\u00bbon\u00a0\u00bb da_disable_devices=\u00a0\u00bboff|off|off\u00a0\u00bb][et_pb_row _builder_version=\u00a0\u00bb4.17.6&Prime; _module_preset=\u00a0\u00bbdefault\u00a0\u00bb global_colors_info=\u00a0\u00bb{}\u00a0\u00bb][et_pb_column type=\u00a0\u00bb4_4&Prime; _builder_version=\u00a0\u00bb4.17.6&Prime; _module_preset=\u00a0\u00bbdefault\u00a0\u00bb global_colors_info=\u00a0\u00bb{}\u00a0\u00bb][et_pb_button button_url=\u00a0\u00bb@ET-DC@eyJkeW5hbWljIjp0cnVlLCJjb250ZW50IjoicG9zdF9saW5rX3VybF9wYWdlIiwic2V0dGluZ3MiOnsicG9zdF9pZCI6IjI5MzUifX0=@\u00a0\u00bb button_text=\u00a0\u00bbPolitique de confidentialit\u00e9\u00a0\u00bb button_alignment=\u00a0\u00bbcenter\u00a0\u00bb _builder_version=\u00a0\u00bb4.27.4&Prime; _dynamic_attributes=\u00a0\u00bbbutton_url\u00a0\u00bb _module_preset=\u00a0\u00bbdefault\u00a0\u00bb custom_button=\u00a0\u00bbon\u00a0\u00bb button_text_color=\u00a0\u00bb#FFFFFF\u00a0\u00bb hover_enabled=\u00a0\u00bb0&Prime; global_colors_info=\u00a0\u00bb{}\u00a0\u00bb sticky_enabled=\u00a0\u00bb0&Prime;][\/et_pb_button][et_pb_button button_url=\u00a0\u00bb@ET-DC@eyJkeW5hbWljIjp0cnVlLCJjb250ZW50IjoicG9zdF9saW5rX3VybF9wYWdlIiwic2V0dGluZ3MiOnsicG9zdF9pZCI6IjMzNDMifX0=@\u00a0\u00bb button_text=\u00a0\u00bb Mentions l\u00e9gales\u00a0\u00bb button_alignment=\u00a0\u00bbcenter\u00a0\u00bb _builder_version=\u00a0\u00bb4.19.2&Prime; _dynamic_attributes=\u00a0\u00bbbutton_url\u00a0\u00bb _module_preset=\u00a0\u00bbdefault\u00a0\u00bb custom_button=\u00a0\u00bbon\u00a0\u00bb button_text_color=\u00a0\u00bb#FFFFFF\u00a0\u00bb global_colors_info=\u00a0\u00bb{}\u00a0\u00bb][\/et_pb_button][et_pb_image src=\u00a0\u00bbhttps:\/\/www.ort-med.com\/wp-content\/uploads\/2022\/12\/ecg.webp\u00a0\u00bb alt=\u00a0\u00bbECG\u00a0\u00bb title_text=\u00a0\u00bbecg\u00a0\u00bb url=\u00a0\u00bbhttps:\/\/www.wkoecg.at\/Ecg.aspx?FirmaID=555aa91d-b104-49e5-bd89-95b069ad5a7b\u00a0\u00bb url_new_window=\u00a0\u00bbon\u00a0\u00bb align=\u00a0\u00bbcenter\u00a0\u00bb _builder_version=\u00a0\u00bb4.19.2&Prime; _module_preset=\u00a0\u00bbdefault\u00a0\u00bb global_colors_info=\u00a0\u00bb{}\u00a0\u00bb][\/et_pb_image][\/et_pb_column][\/et_pb_row][\/et_pb_section]<\/p>\n","protected":false},"excerpt":{"rendered":"<p>General Terms and Conditions (GTC) of Ortner Medizintechnik e.U.:Allgemeine Gesch\u00e4ftsbedingungen der Ortner Medizintechnik e.U.:<\/p>\n","protected":false},"author":1,"featured_media":0,"parent":0,"menu_order":0,"comment_status":"closed","ping_status":"closed","template":"","meta":{"_et_pb_use_builder":"on","_et_pb_old_content":"<p>[et_pb_section fb_built=\"1\" _builder_version=\"4.4.3\" custom_padding=\"10px||||false|false\"][et_pb_row column_structure=\"1_2,1_2\" _builder_version=\"4.4.5\" custom_padding=\"||6px|||\"][et_pb_column type=\"1_2\" _builder_version=\"4.4.3\"][et_pb_blurb title=\"AGBs\" use_icon=\"on\" font_icon=\"%%79%%\" icon_color=\"#ffffff\" use_circle=\"on\" icon_placement=\"left\" _builder_version=\"4.4.5\" header_level=\"h1\" header_font=\"||||||||\" header_text_align=\"left\" hover_enabled=\"0\"][\/et_pb_blurb][\/et_pb_column][et_pb_column type=\"1_2\" _builder_version=\"4.4.3\"][\/et_pb_column][\/et_pb_row][et_pb_row _builder_version=\"4.4.5\"][et_pb_column type=\"4_4\" _builder_version=\"4.4.5\"][et_pb_text _builder_version=\"4.4.5\" hover_enabled=\"0\"]<\/p><p><strong>Allgemeine Gesch\u00e4ftsbedingungen:<\/strong><\/p><h2>1. Angebot und Annahme<\/h2><p style=\"font-weight: 400;\">Mit Auftragserteilung erkennen Sie unsere Verkaufs- und Lieferbedingungen an. Ein Vertragsangebot eines Kunden bedarf einer Auftragsbest\u00e4tigung. Auch das Absenden der vom Kunden bestellten Ware bewirkt den Vertragsabschluss. Dauerhafte Verf\u00fcgbarkeit angegebener Produkte kann nicht garantiert werden. Die Ware ist auf ihre Vollst\u00e4ndigkeit und Unversehrtheit zu pr\u00fcfen und innerhalb von 10 Tagen zu reklamieren.<\/p><h2>2. Versandkosten<\/h2><p style=\"font-weight: 400;\">Unsere Verkaufspreise beinhalten keine Kosten f\u00fcr Zustellung und Verpackung. Auf Wunsch werden jedoch diese Leistungen gegen gesonderte Bezahlung von uns erbracht bzw. organisiert. Dabei werden f\u00fcr Transport bzw. Verpackung die tats\u00e4chlich aufgewendeten Kosten, mindestens jedoch die am Auslieferungstag geltenden oder \u00fcblichen Fracht- und Fuhrl\u00f6hne der gew\u00e4hlten Transportart in Rechnung gestellt.<\/p><h2>3. Preis<\/h2><p style=\"font-weight: 400;\">Unsere Preis- Modalit\u00e4t entnehmen Sie bitte dem beiliegenden Angebot\/ Preisliste.<\/p><h2>4. Lieferfrist<\/h2><p style=\"font-weight: 400;\">Wir sind berechtigt, die vereinbarten Lieferfristen um bis zu vier Wochen zu \u00fcberschreiten. Erst nach Ablauf dieser Frist kann der Kunde nach Setzung einer angemessenen Nachfrist vom Vertrag zur\u00fccktreten.<\/p><h2>5. Eigentumsvorbehalt<\/h2><p style=\"font-weight: 400;\">Die gelieferte Ware bleibt bis zur vollst\u00e4ndigen Bezahlung aller Forderungen und Nebenforderungen unser Eigentum.<\/p><h2>6. Zahlung<\/h2><p style=\"font-weight: 400;\">Rechnungen sind prompt nach Rechnungserhalt ohne jeden Abzug sofern nicht anders vereinbart, zu bezahlen. Bei Zahlungsverzug werden 6 % Verzugszinsen p.a. berechnet.<\/p><h2>7. Vertragsr\u00fccktritt<\/h2><p style=\"font-weight: 400;\">Bei Annahmeverzug oder anderen wichtigen Gr\u00fcnden, wie insbesondere Konkurs des Kunden oder Konkursabweisung mangels Verm\u00f6gens, sowie bei Zahlungsverzug des Kunden sind wir zum R\u00fccktritt vom Vertrag berechtigt, sofern er von beiden Seiten noch nicht zur G\u00e4nze erf\u00fcllt ist. F\u00fcr den Fall des R\u00fccktrittes haben wir bei Verschulden des Kunden die Wahl, einen pauschalierten Schadenersatz von 10 % des Bruttorechnungsbetrages oder den Ersatz des tats\u00e4chlich entstandenen Schadens zu begehren. Bei Zahlungsverzug des Kunden sind wir von allen weiteren Leistungs- und Lieferungsverpflichtungen entbunden und berechtigt, noch ausstehende Lieferungen oder Leistungen zur\u00fcckzuhalten und Vorauszahlungen bzw. Sicherstellungen zu fordern oder nach Setzung einer angemessenen Nachfrist vom Vertrag zur\u00fcckzutreten. Tritt der Kunde - ohne dazu berechtigt zu sein - vom Vertrag zur\u00fcck oder begehrt er seine Aufhebung, so haben wir die Wahl, auf die Erf\u00fcllung des Vertrages zu bestehen oder der Aufhebung des Vertrages zuzustimmen; im letzteren Fall ist der Kunde verpflichtet, nach unserer Wahl einen pauschalierten Schadenersatz in H\u00f6he von 10% des Bruttorechnungsbetrages oder den tats\u00e4chlich entstandenen Schaden zu bezahlen.<\/p><h2>8. Rechtswahl, Gerichtsstand<\/h2><p style=\"font-weight: 400;\">Es gilt \u00f6sterreichisches Recht. Die Anwendbarkeit des UN-Kaufrechtes wird ausdr\u00fccklich ausgeschlossen. Die Vertragssprache ist Deutsch. Die Vertragsparteien vereinbaren \u00f6sterreichische, inl\u00e4ndische Gerichtsbarkeit. Handelt es sich nicht um ein Verbrauchergesch\u00e4ft, ist zur Entscheidung aller aus diesem Vertrag entstehenden Streitigkeiten das am Sitz unseres Unternehmens sachlich zust\u00e4ndige Gericht ausschlie\u00dflich \u00f6rtlich zust\u00e4ndig.<\/p><h2>9. Garantie - Sondenreparatur - Sondenverkauf (Neu.- Demo und gebraucht)<\/h2><h3>9.1. Reparaturen:<\/h3><p style=\"font-weight: 400;\">TEE und 3D Reparatur (Sonde unter\u00a05 Jahre) 6 Monate Garantie auf von uns durchgef\u00fchrte Reparaturen<\/p><p style=\"font-weight: 400;\">Standardsonden (Sonde unter 5 Jahre)\u00a012 Monate Reparatur auf von uns durchgef\u00fchrte Reparaturen<\/p><p style=\"font-weight: 400;\">TEE und 3D Reparatur (Sonde \u00fcber\u00a05 Jahre) 2 Monate Garantie auf von uns durchgef\u00fchrte Reparaturen<\/p><p style=\"font-weight: 400;\">Standardsonden \u00a0(Sonde \u00fcber 5 Jahre) 6 Monate Garantie\u00a0\u00a0auf von uns durchgef\u00fchrte Reparaturen<\/p><h3>9.2. Verkauf Neusonden:<\/h3><p style=\"font-weight: 400;\">TEE Neusonden 12 Monate Garantie<\/p><p style=\"font-weight: 400;\">Standard Neusonden\u00a012 Monate Garantie<\/p><p style=\"font-weight: 400;\">3D Neusonden\u00a012 Monate Garantie<\/p><h3>9.3. Verkauf Demosonden:<\/h3><p style=\"font-weight: 400;\">TEE Demosonden ( Sonde unter 5 Jahre) 12 Monate Garantie<\/p><p style=\"font-weight: 400;\">Standard Demosonden (Sonde unter 5 Jahre) 12 Monate Garantie<\/p><p style=\"font-weight: 400;\">3D Demosonden (Sonden unter 5 Jahre) 12 Monate Garantie<\/p><p style=\"font-weight: 400;\">TEE Demosonden ( Sonde \u00fcber 5 Jahre) 30 Tage Garantie<\/p><p style=\"font-weight: 400;\">Standard Demosonden (Sonde \u00fcber 5 Jahre) 30 Tage Garantie<\/p><p style=\"font-weight: 400;\">3D Demosonden (Sonden \u00fcber 5 Jahre) 30 Tage Garantie<\/p><h2>\u00a0<\/h2><h3>9.4. Verkauf Gebrauchtsonden:<\/h3><p style=\"font-weight: 400;\">TEE Gebrauchtsonden (Sonde unter 5 Jahre) 6 Monate Garantie<\/p><p style=\"font-weight: 400;\">Standard Gebrauchtsonden (Sonde unter 5 Jahre) 12 Monate Garantie<\/p><p style=\"font-weight: 400;\">3D Gebrauchtsonden (Sonde unter 5 Jahre) 6 Monate Garantie<\/p><p style=\"font-weight: 400;\">TEE Gebrauchtsonden (Sonde \u00fcber 5 Jahre) 30 Tage Garantie<\/p><p style=\"font-weight: 400;\">Standard Gebrauchtsonden (Sonde \u00fcber 5 Jahre) 30 Tage Garantie<\/p><p style=\"font-weight: 400;\">3D Gebrauchtsonden (Sonde \u00fcber 5 Jahre) 30 Tage Garantie<\/p><p style=\"font-weight: 400;\">Im Zuge der Neubeschichtung von Standartsonden kann es durch die Abl\u00f6sung der Gummilinse zum Ausfall von Sonden Kristallen kommen. Daf\u00fcr \u00fcbernehmen wir keinerlei Haftung.<\/p><h2>10. Reklamationen:<\/h2><p style=\"font-weight: 400;\">Eventuelle Reklamationen k\u00f6nnen nur innerhalb von 7 Werktagen nach Erhalt der Ware ber\u00fccksichtigt werden, dies gilt f\u00fcr Produkte wie auch Dienstleistungen.<\/p><p style=\"font-weight: 400;\">Stand 05.09.2016<\/p><p>[\/et_pb_text][\/et_pb_column][\/et_pb_row][\/et_pb_section]<\/p>","_et_gb_content_width":"","footnotes":""},"class_list":["post-2900","page","type-page","status-publish","hentry"],"yoast_head":"<!-- This site is optimized with the Yoast SEO plugin v27.5 - https:\/\/yoast.com\/product\/yoast-seo-wordpress\/ -->\n<title>Modalit\u00e9s | ORTNER Medizintechnik e.U<\/title>\n<meta name=\"description\" content=\"Modalit\u00e9s et conditions de l&#039;entreprise ORTNER Medizintechnik e.U\" \/>\n<meta name=\"robots\" content=\"index, follow, max-snippet:-1, max-image-preview:large, max-video-preview:-1\" \/>\n<link rel=\"canonical\" href=\"https:\/\/www.ort-med.com\/fr\/modalites\/\" \/>\n<meta property=\"og:locale\" content=\"fr_FR\" \/>\n<meta property=\"og:type\" content=\"article\" \/>\n<meta property=\"og:title\" content=\"Modalit\u00e9s | ORTNER Medizintechnik e.U\" \/>\n<meta property=\"og:description\" content=\"Modalit\u00e9s et conditions de l&#039;entreprise ORTNER Medizintechnik e.U\" \/>\n<meta property=\"og:url\" content=\"https:\/\/www.ort-med.com\/fr\/modalites\/\" \/>\n<meta property=\"og:site_name\" content=\"Ortner Medizintechnik\" \/>\n<meta property=\"article:modified_time\" content=\"2025-05-26T14:23:44+00:00\" \/>\n<meta property=\"og:image\" content=\"https:\/\/www.ort-med.com\/wp-content\/uploads\/2023\/02\/Sonografie.jpg\" \/>\n\t<meta property=\"og:image:width\" content=\"1920\" \/>\n\t<meta property=\"og:image:height\" content=\"1080\" \/>\n\t<meta property=\"og:image:type\" content=\"image\/jpeg\" \/>\n<meta name=\"twitter:card\" content=\"summary_large_image\" \/>\n<meta name=\"twitter:site\" content=\"@ortnermedical\" \/>\n<meta name=\"twitter:label1\" content=\"Dur\u00e9e de lecture estim\u00e9e\" \/>\n\t<meta name=\"twitter:data1\" content=\"4 minutes\" \/>\n<script type=\"application\/ld+json\" class=\"yoast-schema-graph\">{\"@context\":\"https:\\\/\\\/schema.org\",\"@graph\":[{\"@type\":\"WebPage\",\"@id\":\"https:\\\/\\\/www.ort-med.com\\\/fr\\\/modalites\\\/\",\"url\":\"https:\\\/\\\/www.ort-med.com\\\/fr\\\/modalites\\\/\",\"name\":\"Modalit\u00e9s | ORTNER Medizintechnik e.U\",\"isPartOf\":{\"@id\":\"https:\\\/\\\/www.ort-med.com\\\/fr\\\/#website\"},\"datePublished\":\"2020-05-19T09:30:01+00:00\",\"dateModified\":\"2025-05-26T14:23:44+00:00\",\"description\":\"Modalit\u00e9s et conditions de l'entreprise ORTNER Medizintechnik e.U\",\"breadcrumb\":{\"@id\":\"https:\\\/\\\/www.ort-med.com\\\/fr\\\/modalites\\\/#breadcrumb\"},\"inLanguage\":\"fr-FR\",\"potentialAction\":[{\"@type\":\"ReadAction\",\"target\":[\"https:\\\/\\\/www.ort-med.com\\\/fr\\\/modalites\\\/\"]}]},{\"@type\":\"BreadcrumbList\",\"@id\":\"https:\\\/\\\/www.ort-med.com\\\/fr\\\/modalites\\\/#breadcrumb\",\"itemListElement\":[{\"@type\":\"ListItem\",\"position\":1,\"name\":\"Startseite\",\"item\":\"https:\\\/\\\/www.ort-med.com\\\/fr\\\/\"},{\"@type\":\"ListItem\",\"position\":2,\"name\":\"Modalit\u00e9s\"}]},{\"@type\":\"WebSite\",\"@id\":\"https:\\\/\\\/www.ort-med.com\\\/fr\\\/#website\",\"url\":\"https:\\\/\\\/www.ort-med.com\\\/fr\\\/\",\"name\":\"ORTNER Medical Solutions\",\"description\":\"Ihre Spezialisten in Sonografie | Ultraschallsonden | Ultraschallger\u00e4te | Endoskope\",\"publisher\":{\"@id\":\"https:\\\/\\\/www.ort-med.com\\\/fr\\\/#organization\"},\"potentialAction\":[{\"@type\":\"SearchAction\",\"target\":{\"@type\":\"EntryPoint\",\"urlTemplate\":\"https:\\\/\\\/www.ort-med.com\\\/fr\\\/?s={search_term_string}\"},\"query-input\":{\"@type\":\"PropertyValueSpecification\",\"valueRequired\":true,\"valueName\":\"search_term_string\"}}],\"inLanguage\":\"fr-FR\"},{\"@type\":\"Organization\",\"@id\":\"https:\\\/\\\/www.ort-med.com\\\/fr\\\/#organization\",\"name\":\"ORTNER Medizintechnik\",\"alternateName\":\"ORTNER Medical Solutions\",\"url\":\"https:\\\/\\\/www.ort-med.com\\\/fr\\\/\",\"logo\":{\"@type\":\"ImageObject\",\"inLanguage\":\"fr-FR\",\"@id\":\"https:\\\/\\\/www.ort-med.com\\\/fr\\\/#\\\/schema\\\/logo\\\/image\\\/\",\"url\":\"https:\\\/\\\/www.ort-med.com\\\/wp-content\\\/uploads\\\/2022\\\/12\\\/Ortner-Medizintechnik-Logo.png\",\"contentUrl\":\"https:\\\/\\\/www.ort-med.com\\\/wp-content\\\/uploads\\\/2022\\\/12\\\/Ortner-Medizintechnik-Logo.png\",\"width\":1078,\"height\":360,\"caption\":\"ORTNER Medizintechnik\"},\"image\":{\"@id\":\"https:\\\/\\\/www.ort-med.com\\\/fr\\\/#\\\/schema\\\/logo\\\/image\\\/\"},\"sameAs\":[\"https:\\\/\\\/x.com\\\/ortnermedical\",\"https:\\\/\\\/www.instagram.com\\\/ortnermedizintechnik\\\/\",\"https:\\\/\\\/www.linkedin.com\\\/company\\\/ortnermedizintechnik\"]}]}<\/script>\n<!-- \/ Yoast SEO plugin. -->","yoast_head_json":{"title":"Modalit\u00e9s | ORTNER Medizintechnik e.U","description":"Modalit\u00e9s et conditions de l'entreprise ORTNER Medizintechnik e.U","robots":{"index":"index","follow":"follow","max-snippet":"max-snippet:-1","max-image-preview":"max-image-preview:large","max-video-preview":"max-video-preview:-1"},"canonical":"https:\/\/www.ort-med.com\/fr\/modalites\/","og_locale":"fr_FR","og_type":"article","og_title":"Modalit\u00e9s | ORTNER Medizintechnik e.U","og_description":"Modalit\u00e9s et conditions de l'entreprise ORTNER Medizintechnik e.U","og_url":"https:\/\/www.ort-med.com\/fr\/modalites\/","og_site_name":"Ortner Medizintechnik","article_modified_time":"2025-05-26T14:23:44+00:00","og_image":[{"width":1920,"height":1080,"url":"https:\/\/www.ort-med.com\/wp-content\/uploads\/2023\/02\/Sonografie.jpg","type":"image\/jpeg"}],"twitter_card":"summary_large_image","twitter_site":"@ortnermedical","twitter_misc":{"Dur\u00e9e de lecture estim\u00e9e":"4 minutes"},"schema":{"@context":"https:\/\/schema.org","@graph":[{"@type":"WebPage","@id":"https:\/\/www.ort-med.com\/fr\/modalites\/","url":"https:\/\/www.ort-med.com\/fr\/modalites\/","name":"Modalit\u00e9s | ORTNER Medizintechnik e.U","isPartOf":{"@id":"https:\/\/www.ort-med.com\/fr\/#website"},"datePublished":"2020-05-19T09:30:01+00:00","dateModified":"2025-05-26T14:23:44+00:00","description":"Modalit\u00e9s et conditions de l'entreprise ORTNER Medizintechnik e.U","breadcrumb":{"@id":"https:\/\/www.ort-med.com\/fr\/modalites\/#breadcrumb"},"inLanguage":"fr-FR","potentialAction":[{"@type":"ReadAction","target":["https:\/\/www.ort-med.com\/fr\/modalites\/"]}]},{"@type":"BreadcrumbList","@id":"https:\/\/www.ort-med.com\/fr\/modalites\/#breadcrumb","itemListElement":[{"@type":"ListItem","position":1,"name":"Startseite","item":"https:\/\/www.ort-med.com\/fr\/"},{"@type":"ListItem","position":2,"name":"Modalit\u00e9s"}]},{"@type":"WebSite","@id":"https:\/\/www.ort-med.com\/fr\/#website","url":"https:\/\/www.ort-med.com\/fr\/","name":"ORTNER Medical Solutions","description":"Ihre Spezialisten in Sonografie | Ultraschallsonden | Ultraschallger\u00e4te | Endoskope","publisher":{"@id":"https:\/\/www.ort-med.com\/fr\/#organization"},"potentialAction":[{"@type":"SearchAction","target":{"@type":"EntryPoint","urlTemplate":"https:\/\/www.ort-med.com\/fr\/?s={search_term_string}"},"query-input":{"@type":"PropertyValueSpecification","valueRequired":true,"valueName":"search_term_string"}}],"inLanguage":"fr-FR"},{"@type":"Organization","@id":"https:\/\/www.ort-med.com\/fr\/#organization","name":"ORTNER Medizintechnik","alternateName":"ORTNER Medical Solutions","url":"https:\/\/www.ort-med.com\/fr\/","logo":{"@type":"ImageObject","inLanguage":"fr-FR","@id":"https:\/\/www.ort-med.com\/fr\/#\/schema\/logo\/image\/","url":"https:\/\/www.ort-med.com\/wp-content\/uploads\/2022\/12\/Ortner-Medizintechnik-Logo.png","contentUrl":"https:\/\/www.ort-med.com\/wp-content\/uploads\/2022\/12\/Ortner-Medizintechnik-Logo.png","width":1078,"height":360,"caption":"ORTNER Medizintechnik"},"image":{"@id":"https:\/\/www.ort-med.com\/fr\/#\/schema\/logo\/image\/"},"sameAs":["https:\/\/x.com\/ortnermedical","https:\/\/www.instagram.com\/ortnermedizintechnik\/","https:\/\/www.linkedin.com\/company\/ortnermedizintechnik"]}]}},"_links":{"self":[{"href":"https:\/\/www.ort-med.com\/fr\/wp-json\/wp\/v2\/pages\/2900","targetHints":{"allow":["GET"]}}],"collection":[{"href":"https:\/\/www.ort-med.com\/fr\/wp-json\/wp\/v2\/pages"}],"about":[{"href":"https:\/\/www.ort-med.com\/fr\/wp-json\/wp\/v2\/types\/page"}],"author":[{"embeddable":true,"href":"https:\/\/www.ort-med.com\/fr\/wp-json\/wp\/v2\/users\/1"}],"replies":[{"embeddable":true,"href":"https:\/\/www.ort-med.com\/fr\/wp-json\/wp\/v2\/comments?post=2900"}],"version-history":[{"count":10,"href":"https:\/\/www.ort-med.com\/fr\/wp-json\/wp\/v2\/pages\/2900\/revisions"}],"predecessor-version":[{"id":263439,"href":"https:\/\/www.ort-med.com\/fr\/wp-json\/wp\/v2\/pages\/2900\/revisions\/263439"}],"wp:attachment":[{"href":"https:\/\/www.ort-med.com\/fr\/wp-json\/wp\/v2\/media?parent=2900"}],"curies":[{"name":"wp","href":"https:\/\/api.w.org\/{rel}","templated":true}]}}