{"id":3343,"date":"2020-05-05T08:05:26","date_gmt":"2020-05-05T06:05:26","guid":{"rendered":"https:\/\/www.ortner-med.com\/?page_id=3343"},"modified":"2026-03-10T14:05:27","modified_gmt":"2026-03-10T13:05:27","slug":"mentions-legales","status":"publish","type":"page","link":"https:\/\/www.ort-med.com\/fr\/mentions-legales\/","title":{"rendered":"Mentions l\u00e9gales"},"content":{"rendered":"<p>[et_pb_section fb_built=\u00a0\u00bb1&Prime; _builder_version=\u00a0\u00bb4.19.2&Prime; _module_preset=\u00a0\u00bbdefault\u00a0\u00bb background_color=\u00a0\u00bb#000000&Prime; background_image=\u00a0\u00bbhttps:\/\/www.ort-med.com\/wp-content\/uploads\/2022\/12\/ISO-13485-Background_2-20221122-084019-1.png\u00a0\u00bb parallax=\u00a0\u00bbon\u00a0\u00bb parallax_method=\u00a0\u00bboff\u00a0\u00bb custom_padding=\u00a0\u00bb||||false|false\u00a0\u00bb background_last_edited=\u00a0\u00bbon|phone\u00a0\u00bb background_enable_image_tablet=\u00a0\u00bboff\u00a0\u00bb da_disable_devices=\u00a0\u00bboff|off|off\u00a0\u00bb global_colors_info=\u00a0\u00bb{}\u00a0\u00bb da_is_popup=\u00a0\u00bboff\u00a0\u00bb da_exit_intent=\u00a0\u00bboff\u00a0\u00bb da_has_close=\u00a0\u00bbon\u00a0\u00bb da_alt_close=\u00a0\u00bboff\u00a0\u00bb da_dark_close=\u00a0\u00bboff\u00a0\u00bb da_not_modal=\u00a0\u00bbon\u00a0\u00bb da_is_singular=\u00a0\u00bboff\u00a0\u00bb da_with_loader=\u00a0\u00bboff\u00a0\u00bb da_has_shadow=\u00a0\u00bbon\u00a0\u00bb][et_pb_row _builder_version=\u00a0\u00bb4.17.6&Prime; custom_margin=\u00a0\u00bb0px|auto||auto|false|false\u00a0\u00bb custom_padding=\u00a0\u00bb||2px||false|false\u00a0\u00bb global_colors_info=\u00a0\u00bb{}\u00a0\u00bb][et_pb_column type=\u00a0\u00bb4_4&Prime; _builder_version=\u00a0\u00bb4.16&Prime; global_colors_info=\u00a0\u00bb{}\u00a0\u00bb][et_pb_blurb title=\u00a0\u00bbMentions l\u00e9gales\u00a0\u00bb use_icon=\u00a0\u00bbon\u00a0\u00bb font_icon=\u00a0\u00bb&#xe056;||divi||400&Prime; icon_color=\u00a0\u00bb#ffffff\u00a0\u00bb image_icon_background_color=\u00a0\u00bb#5fa0d7&Prime; icon_placement=\u00a0\u00bbleft\u00a0\u00bb image_icon_width=\u00a0\u00bb16px\u00a0\u00bb content_max_width=\u00a0\u00bb2000px\u00a0\u00bb _builder_version=\u00a0\u00bb4.19.2&Prime; header_level=\u00a0\u00bbh1&Prime; header_font=\u00a0\u00bbAeonik Fono Regular||||||||\u00a0\u00bb header_text_align=\u00a0\u00bbleft\u00a0\u00bb header_text_color=\u00a0\u00bb#FFFFFF\u00a0\u00bb header_font_size=\u00a0\u00bb30px\u00a0\u00bb image_icon_custom_padding=\u00a0\u00bb8px|8px|8px|8px|false|false\u00a0\u00bb module_alignment=\u00a0\u00bbleft\u00a0\u00bb custom_margin=\u00a0\u00bb||18px|||\u00a0\u00bb custom_padding=\u00a0\u00bb||||false|false\u00a0\u00bb border_radii_image=\u00a0\u00bbon|100%|100%|100%|100%\u00a0\u00bb use_circle=\u00a0\u00bbon\u00a0\u00bb global_colors_info=\u00a0\u00bb{}\u00a0\u00bb image_icon_background_color__sticky_enabled=\u00a0\u00bb#004976&Prime; image_icon_background_color__sticky=\u00a0\u00bb#004976&Prime;][\/et_pb_blurb][\/et_pb_column][\/et_pb_row][et_pb_row _builder_version=\u00a0\u00bb4.17.6&Prime; _module_preset=\u00a0\u00bbdefault\u00a0\u00bb global_colors_info=\u00a0\u00bb{}\u00a0\u00bb][et_pb_column type=\u00a0\u00bb4_4&Prime; _builder_version=\u00a0\u00bb4.17.6&Prime; _module_preset=\u00a0\u00bbdefault\u00a0\u00bb global_colors_info=\u00a0\u00bb{}\u00a0\u00bb][et_pb_text _builder_version=\u00a0\u00bb4.19.5&Prime; _module_preset=\u00a0\u00bbdefault\u00a0\u00bb text_font=\u00a0\u00bbAeonik Fono Regular|700|||||||\u00a0\u00bb text_text_color=\u00a0\u00bb#FFFFFF\u00a0\u00bb text_font_size=\u00a0\u00bb26px\u00a0\u00bb text_line_height=\u00a0\u00bb1.2em\u00a0\u00bb header_2_font=\u00a0\u00bbAeonik Pro Regular|600|||||||\u00a0\u00bb header_2_text_color=\u00a0\u00bb#5fa0d7&Prime; header_2_font_size=\u00a0\u00bb60px\u00a0\u00bb header_2_font_size_tablet=\u00a0\u00bb50px\u00a0\u00bb header_2_font_size_phone=\u00a0\u00bb40px\u00a0\u00bb header_2_font_size_last_edited=\u00a0\u00bbon|phone\u00a0\u00bb global_colors_info=\u00a0\u00bb{}\u00a0\u00bb]<\/p>\n<h2>Ortner Medizintechnik<\/h2>\n<p>[\/et_pb_text][et_pb_image src=\u00a0\u00bbhttps:\/\/www.ort-med.com\/wp-content\/uploads\/2022\/12\/ecg.webp\u00a0\u00bb title_text=\u00a0\u00bbecg\u00a0\u00bb url=\u00a0\u00bbhttps:\/\/www.wkoecg.at\/Ecg.aspx?FirmaID=4cda4116-415b-4441-ae4e-8739475567cb\u00a0\u00bb url_new_window=\u00a0\u00bbon\u00a0\u00bb _builder_version=\u00a0\u00bb4.17.6&Prime; _module_preset=\u00a0\u00bbdefault\u00a0\u00bb global_colors_info=\u00a0\u00bb{}\u00a0\u00bb][\/et_pb_image][\/et_pb_column][\/et_pb_row][\/et_pb_section][et_pb_section fb_built=\u00a0\u00bb1&Prime; _builder_version=\u00a0\u00bb4.17.6&Prime; _module_preset=\u00a0\u00bbdefault\u00a0\u00bb background_color=\u00a0\u00bb#f1f4f6&Prime; custom_margin=\u00a0\u00bb||||false|false\u00a0\u00bb custom_padding=\u00a0\u00bb10px||10px||false|false\u00a0\u00bb da_disable_devices=\u00a0\u00bboff|off|off\u00a0\u00bb global_colors_info=\u00a0\u00bb{}\u00a0\u00bb da_is_popup=\u00a0\u00bboff\u00a0\u00bb da_exit_intent=\u00a0\u00bboff\u00a0\u00bb da_has_close=\u00a0\u00bbon\u00a0\u00bb da_alt_close=\u00a0\u00bboff\u00a0\u00bb da_dark_close=\u00a0\u00bboff\u00a0\u00bb da_not_modal=\u00a0\u00bbon\u00a0\u00bb da_is_singular=\u00a0\u00bboff\u00a0\u00bb da_with_loader=\u00a0\u00bboff\u00a0\u00bb da_has_shadow=\u00a0\u00bbon\u00a0\u00bb][et_pb_row _builder_version=\u00a0\u00bb4.17.6&Prime; _module_preset=\u00a0\u00bbdefault\u00a0\u00bb global_colors_info=\u00a0\u00bb{}\u00a0\u00bb][et_pb_column type=\u00a0\u00bb4_4&Prime; _builder_version=\u00a0\u00bb4.17.6&Prime; _module_preset=\u00a0\u00bbdefault\u00a0\u00bb global_colors_info=\u00a0\u00bb{}\u00a0\u00bb][et_pb_text _builder_version=\u00a0\u00bb4.23.4&Prime; _module_preset=\u00a0\u00bbdefault\u00a0\u00bb header_3_font_size=\u00a0\u00bb25px\u00a0\u00bb global_colors_info=\u00a0\u00bb{}\u00a0\u00bb]<\/p>\n<h3>Quartier g\u00e9n\u00e9ral:<\/h3>\n<p style=\"font-weight: 400;\">Strauchweg 26<br \/>A-8501<span>\u00a0<\/span><span>Lieboch<\/span><\/p>\n<p style=\"font-weight: 400;\"><b><strong>T\u00e9l\u00e9phone:<\/strong><\/b><span> <\/span><span><a href=\"tel:0313662155\">03136 62155<\/a>\u00a0<\/span><\/p>\n<p style=\"font-weight: 400;\"><b><strong>E-Mail:<\/strong><\/b><span> <\/span><a href=\"mailto:office@ort-med.com\">office@ort-med.com<\/a><\/p>\n<p style=\"font-weight: 400;\"><b><strong>Nom de l\u2019entreprise: <\/strong><\/b>Ortner Medizintechnik<span>\u00a0<\/span><span>e.U<\/span>.<\/p>\n<p style=\"font-weight: 400;\"><b><strong>Num\u00e9ro de registre de commerce: <\/strong><\/b>403110i<\/p>\n<p style=\"font-weight: 400;\"><b><strong>UID (TVA)<\/strong><\/b><b><strong>: <\/strong><\/b>ATU65728938<\/p>\n<p style=\"font-weight: 400;\"><b><strong>Autorit\u00e9 acc. ECG (loi sur le commerce \u00e9lectronique):<\/strong><\/b><span>\u00a0<\/span>Bezirkshauptmannschaft Graz-Umgebung<\/p>\n<h3>Contenu<\/h3>\n<p>Apparition de la soci\u00e9t\u00e9 Ortner Medizintechnik e.U.<\/p>\n<h3>Avertissement<\/h3>\n<p>Malgr\u00e9 un contr\u00f4le minutieux du contenu, nous n\u2019assumons aucune responsabilit\u00e9 pour le contenu des liens externes.<\/p>\n<p>[\/et_pb_text][\/et_pb_column][\/et_pb_row][\/et_pb_section][et_pb_section fb_built=\u00a0\u00bb1&Prime; _builder_version=\u00a0\u00bb4.17.6&Prime; _module_preset=\u00a0\u00bbdefault\u00a0\u00bb background_color=\u00a0\u00bb#c5ccd2&Prime; custom_padding=\u00a0\u00bb10px||10px||false|false\u00a0\u00bb da_disable_devices=\u00a0\u00bboff|off|off\u00a0\u00bb global_colors_info=\u00a0\u00bb{}\u00a0\u00bb da_is_popup=\u00a0\u00bboff\u00a0\u00bb da_exit_intent=\u00a0\u00bboff\u00a0\u00bb da_has_close=\u00a0\u00bbon\u00a0\u00bb da_alt_close=\u00a0\u00bboff\u00a0\u00bb da_dark_close=\u00a0\u00bboff\u00a0\u00bb da_not_modal=\u00a0\u00bbon\u00a0\u00bb da_is_singular=\u00a0\u00bboff\u00a0\u00bb da_with_loader=\u00a0\u00bboff\u00a0\u00bb da_has_shadow=\u00a0\u00bbon\u00a0\u00bb][et_pb_row _builder_version=\u00a0\u00bb4.17.6&Prime; _module_preset=\u00a0\u00bbdefault\u00a0\u00bb global_colors_info=\u00a0\u00bb{}\u00a0\u00bb][et_pb_column type=\u00a0\u00bb4_4&Prime; _builder_version=\u00a0\u00bb4.17.6&Prime; _module_preset=\u00a0\u00bbdefault\u00a0\u00bb global_colors_info=\u00a0\u00bb{}\u00a0\u00bb][et_pb_text _builder_version=\u00a0\u00bb4.27.6&Prime; header_3_font_size=\u00a0\u00bb25px\u00a0\u00bb hover_enabled=\u00a0\u00bb0&Prime; global_colors_info=\u00a0\u00bb{}\u00a0\u00bb sticky_enabled=\u00a0\u00bb0&Prime;]<\/p>\n<p>Le contenu des pages li\u00e9es est de la seule responsabilit\u00e9 de ses op\u00e9rateurs.<\/p>\n<p>Copyright \u00a9 2026 par Ortner Medizintechnik e.U., Tous droits r\u00e9serv\u00e9s.<\/p>\n<p><strong>Cr\u00e9dit photo:<\/strong><\/p>\n<p>\u00a9 Ortner Medizintechnik e.U.<\/p>\n<p style=\"font-weight: 400;\">\u00a9 Shutterstock<\/p>\n<p>https:\/\/www.shutterstock.com\/<\/p>\n<p>[\/et_pb_text][\/et_pb_column][\/et_pb_row][\/et_pb_section]<\/p>\n","protected":false},"excerpt":{"rendered":"<p>Ortner MedizintechnikQuartier g\u00e9n\u00e9ral: Strauchweg 26A-8501\u00a0Lieboch T\u00e9l\u00e9phone: 03136 62155\u00a0 E-Mail: office@ort-med.com Nom de l\u2019entreprise: Ortner Medizintechnik\u00a0e.U. Num\u00e9ro de registre de commerce: 403110i UID (TVA): ATU65728938 Autorit\u00e9 acc. ECG (loi sur le commerce \u00e9lectronique):\u00a0Bezirkshauptmannschaft Graz-Umgebung Contenu Apparition de la soci\u00e9t\u00e9 Ortner Medizintechnik e.U. Avertissement Malgr\u00e9 un contr\u00f4le minutieux du contenu, nous n\u2019assumons aucune responsabilit\u00e9 pour le contenu [&hellip;]<\/p>\n","protected":false},"author":1,"featured_media":0,"parent":0,"menu_order":0,"comment_status":"closed","ping_status":"closed","template":"","meta":{"_et_pb_use_builder":"on","_et_pb_old_content":"","_et_gb_content_width":"","footnotes":""},"class_list":["post-3343","page","type-page","status-publish","hentry"],"yoast_head":"<!-- This site is optimized with the Yoast SEO plugin v27.5 - https:\/\/yoast.com\/product\/yoast-seo-wordpress\/ -->\n<title>Mentions l\u00e9gales | Ortner Medizintechnik<\/title>\n<meta name=\"robots\" content=\"index, follow, max-snippet:-1, max-image-preview:large, max-video-preview:-1\" \/>\n<link rel=\"canonical\" href=\"https:\/\/www.ort-med.com\/fr\/mentions-legales\/\" \/>\n<meta property=\"og:locale\" content=\"fr_FR\" \/>\n<meta property=\"og:type\" content=\"article\" \/>\n<meta property=\"og:title\" content=\"Mentions l\u00e9gales | Ortner Medizintechnik\" \/>\n<meta property=\"og:description\" content=\"Ortner MedizintechnikQuartier g\u00e9n\u00e9ral: Strauchweg 26A-8501\u00a0Lieboch T\u00e9l\u00e9phone: 03136 62155\u00a0 E-Mail: office@ort-med.com Nom de l\u2019entreprise: Ortner Medizintechnik\u00a0e.U. Num\u00e9ro de registre de commerce: 403110i UID (TVA): ATU65728938 Autorit\u00e9 acc. ECG (loi sur le commerce \u00e9lectronique):\u00a0Bezirkshauptmannschaft Graz-Umgebung Contenu Apparition de la soci\u00e9t\u00e9 Ortner Medizintechnik e.U. Avertissement Malgr\u00e9 un contr\u00f4le minutieux du contenu, nous n\u2019assumons aucune responsabilit\u00e9 pour le contenu [&hellip;]\" \/>\n<meta property=\"og:url\" content=\"https:\/\/www.ort-med.com\/fr\/mentions-legales\/\" \/>\n<meta property=\"og:site_name\" content=\"Ortner Medizintechnik\" \/>\n<meta property=\"article:modified_time\" content=\"2026-03-10T13:05:27+00:00\" \/>\n<meta property=\"og:image\" content=\"https:\/\/www.ort-med.com\/wp-content\/uploads\/2023\/02\/Sonografie.jpg\" \/>\n\t<meta property=\"og:image:width\" content=\"1920\" \/>\n\t<meta property=\"og:image:height\" content=\"1080\" \/>\n\t<meta property=\"og:image:type\" content=\"image\/jpeg\" \/>\n<meta name=\"twitter:card\" content=\"summary_large_image\" \/>\n<meta name=\"twitter:site\" content=\"@ortnermedical\" \/>\n<meta name=\"twitter:label1\" content=\"Dur\u00e9e de lecture estim\u00e9e\" \/>\n\t<meta name=\"twitter:data1\" content=\"3 minutes\" \/>\n<script type=\"application\/ld+json\" class=\"yoast-schema-graph\">{\"@context\":\"https:\\\/\\\/schema.org\",\"@graph\":[{\"@type\":\"WebPage\",\"@id\":\"https:\\\/\\\/www.ort-med.com\\\/fr\\\/mentions-legales\\\/\",\"url\":\"https:\\\/\\\/www.ort-med.com\\\/fr\\\/mentions-legales\\\/\",\"name\":\"Mentions l\u00e9gales | Ortner Medizintechnik\",\"isPartOf\":{\"@id\":\"https:\\\/\\\/www.ort-med.com\\\/fr\\\/#website\"},\"datePublished\":\"2020-05-05T06:05:26+00:00\",\"dateModified\":\"2026-03-10T13:05:27+00:00\",\"breadcrumb\":{\"@id\":\"https:\\\/\\\/www.ort-med.com\\\/fr\\\/mentions-legales\\\/#breadcrumb\"},\"inLanguage\":\"fr-FR\",\"potentialAction\":[{\"@type\":\"ReadAction\",\"target\":[\"https:\\\/\\\/www.ort-med.com\\\/fr\\\/mentions-legales\\\/\"]}]},{\"@type\":\"BreadcrumbList\",\"@id\":\"https:\\\/\\\/www.ort-med.com\\\/fr\\\/mentions-legales\\\/#breadcrumb\",\"itemListElement\":[{\"@type\":\"ListItem\",\"position\":1,\"name\":\"Startseite\",\"item\":\"https:\\\/\\\/www.ort-med.com\\\/fr\\\/\"},{\"@type\":\"ListItem\",\"position\":2,\"name\":\"Mentions l\u00e9gales\"}]},{\"@type\":\"WebSite\",\"@id\":\"https:\\\/\\\/www.ort-med.com\\\/fr\\\/#website\",\"url\":\"https:\\\/\\\/www.ort-med.com\\\/fr\\\/\",\"name\":\"ORTNER Medical Solutions\",\"description\":\"Ihre Spezialisten in Sonografie | Ultraschallsonden | Ultraschallger\u00e4te | Endoskope\",\"publisher\":{\"@id\":\"https:\\\/\\\/www.ort-med.com\\\/fr\\\/#organization\"},\"potentialAction\":[{\"@type\":\"SearchAction\",\"target\":{\"@type\":\"EntryPoint\",\"urlTemplate\":\"https:\\\/\\\/www.ort-med.com\\\/fr\\\/?s={search_term_string}\"},\"query-input\":{\"@type\":\"PropertyValueSpecification\",\"valueRequired\":true,\"valueName\":\"search_term_string\"}}],\"inLanguage\":\"fr-FR\"},{\"@type\":\"Organization\",\"@id\":\"https:\\\/\\\/www.ort-med.com\\\/fr\\\/#organization\",\"name\":\"ORTNER Medizintechnik\",\"alternateName\":\"ORTNER Medical Solutions\",\"url\":\"https:\\\/\\\/www.ort-med.com\\\/fr\\\/\",\"logo\":{\"@type\":\"ImageObject\",\"inLanguage\":\"fr-FR\",\"@id\":\"https:\\\/\\\/www.ort-med.com\\\/fr\\\/#\\\/schema\\\/logo\\\/image\\\/\",\"url\":\"https:\\\/\\\/www.ort-med.com\\\/wp-content\\\/uploads\\\/2022\\\/12\\\/Ortner-Medizintechnik-Logo.png\",\"contentUrl\":\"https:\\\/\\\/www.ort-med.com\\\/wp-content\\\/uploads\\\/2022\\\/12\\\/Ortner-Medizintechnik-Logo.png\",\"width\":1078,\"height\":360,\"caption\":\"ORTNER Medizintechnik\"},\"image\":{\"@id\":\"https:\\\/\\\/www.ort-med.com\\\/fr\\\/#\\\/schema\\\/logo\\\/image\\\/\"},\"sameAs\":[\"https:\\\/\\\/x.com\\\/ortnermedical\",\"https:\\\/\\\/www.instagram.com\\\/ortnermedizintechnik\\\/\",\"https:\\\/\\\/www.linkedin.com\\\/company\\\/ortnermedizintechnik\"]}]}<\/script>\n<!-- \/ Yoast SEO plugin. -->","yoast_head_json":{"title":"Mentions l\u00e9gales | Ortner Medizintechnik","robots":{"index":"index","follow":"follow","max-snippet":"max-snippet:-1","max-image-preview":"max-image-preview:large","max-video-preview":"max-video-preview:-1"},"canonical":"https:\/\/www.ort-med.com\/fr\/mentions-legales\/","og_locale":"fr_FR","og_type":"article","og_title":"Mentions l\u00e9gales | Ortner Medizintechnik","og_description":"Ortner MedizintechnikQuartier g\u00e9n\u00e9ral: Strauchweg 26A-8501\u00a0Lieboch T\u00e9l\u00e9phone: 03136 62155\u00a0 E-Mail: office@ort-med.com Nom de l\u2019entreprise: Ortner Medizintechnik\u00a0e.U. Num\u00e9ro de registre de commerce: 403110i UID (TVA): ATU65728938 Autorit\u00e9 acc. ECG (loi sur le commerce \u00e9lectronique):\u00a0Bezirkshauptmannschaft Graz-Umgebung Contenu Apparition de la soci\u00e9t\u00e9 Ortner Medizintechnik e.U. Avertissement Malgr\u00e9 un contr\u00f4le minutieux du contenu, nous n\u2019assumons aucune responsabilit\u00e9 pour le contenu [&hellip;]","og_url":"https:\/\/www.ort-med.com\/fr\/mentions-legales\/","og_site_name":"Ortner Medizintechnik","article_modified_time":"2026-03-10T13:05:27+00:00","og_image":[{"width":1920,"height":1080,"url":"https:\/\/www.ort-med.com\/wp-content\/uploads\/2023\/02\/Sonografie.jpg","type":"image\/jpeg"}],"twitter_card":"summary_large_image","twitter_site":"@ortnermedical","twitter_misc":{"Dur\u00e9e de lecture estim\u00e9e":"3 minutes"},"schema":{"@context":"https:\/\/schema.org","@graph":[{"@type":"WebPage","@id":"https:\/\/www.ort-med.com\/fr\/mentions-legales\/","url":"https:\/\/www.ort-med.com\/fr\/mentions-legales\/","name":"Mentions l\u00e9gales | Ortner Medizintechnik","isPartOf":{"@id":"https:\/\/www.ort-med.com\/fr\/#website"},"datePublished":"2020-05-05T06:05:26+00:00","dateModified":"2026-03-10T13:05:27+00:00","breadcrumb":{"@id":"https:\/\/www.ort-med.com\/fr\/mentions-legales\/#breadcrumb"},"inLanguage":"fr-FR","potentialAction":[{"@type":"ReadAction","target":["https:\/\/www.ort-med.com\/fr\/mentions-legales\/"]}]},{"@type":"BreadcrumbList","@id":"https:\/\/www.ort-med.com\/fr\/mentions-legales\/#breadcrumb","itemListElement":[{"@type":"ListItem","position":1,"name":"Startseite","item":"https:\/\/www.ort-med.com\/fr\/"},{"@type":"ListItem","position":2,"name":"Mentions l\u00e9gales"}]},{"@type":"WebSite","@id":"https:\/\/www.ort-med.com\/fr\/#website","url":"https:\/\/www.ort-med.com\/fr\/","name":"ORTNER Medical Solutions","description":"Ihre Spezialisten in Sonografie | Ultraschallsonden | Ultraschallger\u00e4te | Endoskope","publisher":{"@id":"https:\/\/www.ort-med.com\/fr\/#organization"},"potentialAction":[{"@type":"SearchAction","target":{"@type":"EntryPoint","urlTemplate":"https:\/\/www.ort-med.com\/fr\/?s={search_term_string}"},"query-input":{"@type":"PropertyValueSpecification","valueRequired":true,"valueName":"search_term_string"}}],"inLanguage":"fr-FR"},{"@type":"Organization","@id":"https:\/\/www.ort-med.com\/fr\/#organization","name":"ORTNER Medizintechnik","alternateName":"ORTNER Medical Solutions","url":"https:\/\/www.ort-med.com\/fr\/","logo":{"@type":"ImageObject","inLanguage":"fr-FR","@id":"https:\/\/www.ort-med.com\/fr\/#\/schema\/logo\/image\/","url":"https:\/\/www.ort-med.com\/wp-content\/uploads\/2022\/12\/Ortner-Medizintechnik-Logo.png","contentUrl":"https:\/\/www.ort-med.com\/wp-content\/uploads\/2022\/12\/Ortner-Medizintechnik-Logo.png","width":1078,"height":360,"caption":"ORTNER Medizintechnik"},"image":{"@id":"https:\/\/www.ort-med.com\/fr\/#\/schema\/logo\/image\/"},"sameAs":["https:\/\/x.com\/ortnermedical","https:\/\/www.instagram.com\/ortnermedizintechnik\/","https:\/\/www.linkedin.com\/company\/ortnermedizintechnik"]}]}},"_links":{"self":[{"href":"https:\/\/www.ort-med.com\/fr\/wp-json\/wp\/v2\/pages\/3343","targetHints":{"allow":["GET"]}}],"collection":[{"href":"https:\/\/www.ort-med.com\/fr\/wp-json\/wp\/v2\/pages"}],"about":[{"href":"https:\/\/www.ort-med.com\/fr\/wp-json\/wp\/v2\/types\/page"}],"author":[{"embeddable":true,"href":"https:\/\/www.ort-med.com\/fr\/wp-json\/wp\/v2\/users\/1"}],"replies":[{"embeddable":true,"href":"https:\/\/www.ort-med.com\/fr\/wp-json\/wp\/v2\/comments?post=3343"}],"version-history":[{"count":15,"href":"https:\/\/www.ort-med.com\/fr\/wp-json\/wp\/v2\/pages\/3343\/revisions"}],"predecessor-version":[{"id":265463,"href":"https:\/\/www.ort-med.com\/fr\/wp-json\/wp\/v2\/pages\/3343\/revisions\/265463"}],"wp:attachment":[{"href":"https:\/\/www.ort-med.com\/fr\/wp-json\/wp\/v2\/media?parent=3343"}],"curies":[{"name":"wp","href":"https:\/\/api.w.org\/{rel}","templated":true}]}}