{"id":14714,"date":"2020-05-05T08:05:26","date_gmt":"2020-05-05T06:05:26","guid":{"rendered":"https:\/\/www.ort-med.com\/?page_id=14714"},"modified":"2024-01-17T12:19:33","modified_gmt":"2024-01-17T11:19:33","slug":"impresum","status":"publish","type":"page","link":"https:\/\/www.ort-med.com\/hr\/impresum\/","title":{"rendered":"Impresum"},"content":{"rendered":"<p>[et_pb_section fb_built=&#8221;1&#8243; _builder_version=&#8221;4.19.2&#8243; _module_preset=&#8221;default&#8221; background_color=&#8221;#000000&#8243; background_image=&#8221;https:\/\/www.ort-med.com\/wp-content\/uploads\/2022\/12\/ISO-13485-Background_2-20221122-084019-1.png&#8221; parallax=&#8221;on&#8221; parallax_method=&#8221;off&#8221; custom_padding=&#8221;||||false|false&#8221; background_last_edited=&#8221;on|phone&#8221; background_enable_image_tablet=&#8221;off&#8221; global_colors_info=&#8221;{}&#8221; da_is_popup=&#8221;off&#8221; da_exit_intent=&#8221;off&#8221; da_has_close=&#8221;on&#8221; da_alt_close=&#8221;off&#8221; da_dark_close=&#8221;off&#8221; da_not_modal=&#8221;on&#8221; da_is_singular=&#8221;off&#8221; da_with_loader=&#8221;off&#8221; da_has_shadow=&#8221;on&#8221; da_disable_devices=&#8221;off|off|off&#8221;][et_pb_row _builder_version=&#8221;4.17.6&#8243; custom_margin=&#8221;0px|auto||auto|false|false&#8221; custom_padding=&#8221;||2px||false|false&#8221; global_colors_info=&#8221;{}&#8221;][et_pb_column type=&#8221;4_4&#8243; _builder_version=&#8221;4.16&#8243; global_colors_info=&#8221;{}&#8221;][et_pb_blurb title=&#8221;Impresum&#8221; use_icon=&#8221;on&#8221; font_icon=&#8221;&#xe056;||divi||400&#8243; icon_color=&#8221;#ffffff&#8221; image_icon_background_color=&#8221;#5fa0d7&#8243; icon_placement=&#8221;left&#8221; image_icon_width=&#8221;16px&#8221; content_max_width=&#8221;2000px&#8221; _builder_version=&#8221;4.19.2&#8243; header_level=&#8221;h1&#8243; header_font=&#8221;Aeonik Fono Regular||||||||&#8221; header_text_align=&#8221;left&#8221; header_text_color=&#8221;#FFFFFF&#8221; header_font_size=&#8221;30px&#8221; image_icon_custom_padding=&#8221;8px|8px|8px|8px|false|false&#8221; module_alignment=&#8221;left&#8221; custom_margin=&#8221;||18px|||&#8221; custom_padding=&#8221;||||false|false&#8221; border_radii_image=&#8221;on|100%|100%|100%|100%&#8221; use_circle=&#8221;on&#8221; global_colors_info=&#8221;{}&#8221; image_icon_background_color__sticky_enabled=&#8221;#004976&#8243; image_icon_background_color__sticky=&#8221;#004976&#8243;][\/et_pb_blurb][\/et_pb_column][\/et_pb_row][et_pb_row column_structure=&#8221;2_3,1_3&#8243; _builder_version=&#8221;4.17.6&#8243; _module_preset=&#8221;default&#8221; global_colors_info=&#8221;{}&#8221;][et_pb_column type=&#8221;2_3&#8243; _builder_version=&#8221;4.17.6&#8243; _module_preset=&#8221;default&#8221; global_colors_info=&#8221;{}&#8221;][et_pb_text _builder_version=&#8221;4.19.5&#8243; _module_preset=&#8221;default&#8221; text_font=&#8221;Aeonik Fono Regular|700|||||||&#8221; text_text_color=&#8221;#FFFFFF&#8221; text_font_size=&#8221;26px&#8221; text_line_height=&#8221;1.2em&#8221; header_2_font=&#8221;Aeonik Pro Regular|600|||||||&#8221; header_2_text_color=&#8221;#5fa0d7&#8243; header_2_font_size=&#8221;60px&#8221; header_2_font_size_tablet=&#8221;50px&#8221; header_2_font_size_phone=&#8221;40px&#8221; header_2_font_size_last_edited=&#8221;on|phone&#8221; global_colors_info=&#8221;{}&#8221;]<\/p>\n<h2>Ortner Medizintechnik<\/h2>\n<p>[\/et_pb_text][et_pb_image src=&#8221;https:\/\/www.ort-med.com\/wp-content\/uploads\/2022\/12\/ecg.webp&#8221; title_text=&#8221;ecg&#8221; url=&#8221;https:\/\/www.wkoecg.at\/Ecg.aspx?FirmaID=4cda4116-415b-4441-ae4e-8739475567cb&#8221; url_new_window=&#8221;on&#8221; _builder_version=&#8221;4.17.6&#8243; _module_preset=&#8221;default&#8221; global_colors_info=&#8221;{}&#8221;][\/et_pb_image][\/et_pb_column][et_pb_column type=&#8221;1_3&#8243; _builder_version=&#8221;4.17.6&#8243; _module_preset=&#8221;default&#8221; global_colors_info=&#8221;{}&#8221;][\/et_pb_column][\/et_pb_row][\/et_pb_section][et_pb_section fb_built=&#8221;1&#8243; _builder_version=&#8221;4.17.6&#8243; _module_preset=&#8221;default&#8221; background_color=&#8221;#f1f4f6&#8243; custom_margin=&#8221;||||false|false&#8221; custom_padding=&#8221;10px||10px||false|false&#8221; global_colors_info=&#8221;{}&#8221; da_is_popup=&#8221;off&#8221; da_exit_intent=&#8221;off&#8221; da_has_close=&#8221;on&#8221; da_alt_close=&#8221;off&#8221; da_dark_close=&#8221;off&#8221; da_not_modal=&#8221;on&#8221; da_is_singular=&#8221;off&#8221; da_with_loader=&#8221;off&#8221; da_has_shadow=&#8221;on&#8221; da_disable_devices=&#8221;off|off|off&#8221;][et_pb_row _builder_version=&#8221;4.17.6&#8243; _module_preset=&#8221;default&#8221; global_colors_info=&#8221;{}&#8221;][et_pb_column type=&#8221;4_4&#8243; _builder_version=&#8221;4.17.6&#8243; _module_preset=&#8221;default&#8221; global_colors_info=&#8221;{}&#8221;][et_pb_text _builder_version=&#8221;4.23.4&#8243; _module_preset=&#8221;default&#8221; header_3_font_size=&#8221;25px&#8221; hover_enabled=&#8221;0&#8243; global_colors_info=&#8221;{}&#8221; sticky_enabled=&#8221;0&#8243;]<\/p>\n<h3>Zastupnik:<\/h3>\n<p>Paul Ortner<\/p>\n<h3>Sjedi\u0161te tvrtke<\/h3>\n<p style=\"font-weight: 400;\">Strauchweg 26<br \/>A-8501<span>\u00a0<\/span><span>Lieboch<\/span><\/p>\n<p style=\"font-weight: 400;\"><b><strong>Telefon:<\/strong><\/b><span> <\/span><span><a href=\"tel:0313662155\">03136 62155<\/a>\u00a0<\/span><\/p>\n<p style=\"font-weight: 400;\"><b><strong>E-Mail:<\/strong><\/b><span> <\/span><a href=\"mailto:office@ort-med.com\">office@ort-med.com<\/a><\/p>\n<p style=\"font-weight: 400;\"><b><strong>Naziv tvrtke: <\/strong><\/b>Ortner Medizintechnik<span>\u00a0<\/span><span>e.U<\/span>.<\/p>\n<p style=\"font-weight: 400;\"><b><strong>Broj sudskog registra: <\/strong><\/b>403110i<\/p>\n<p style=\"font-weight: 400;\"><b><strong>PDV id. broj: <\/strong><\/b>ATU65728938<\/p>\n<p style=\"font-weight: 400;\"><b><strong>ECG autorizacija (Zakon o elektroni\u010dkoj trgovini):<\/strong><\/b><span>\u00a0<\/span>Bezirkshauptmannschaft Graz-Umgebung<\/p>\n<h3>Sadr\u017eaj:<\/h3>\n<p>Korporativni imid\u017e tvrtke Ortner Medizintechnik e.U.<\/p>\n<p>[\/et_pb_text][\/et_pb_column][\/et_pb_row][\/et_pb_section][et_pb_section fb_built=&#8221;1&#8243; _builder_version=&#8221;4.17.6&#8243; _module_preset=&#8221;default&#8221; background_color=&#8221;#c5ccd2&#8243; custom_padding=&#8221;10px||10px||false|false&#8221; global_colors_info=&#8221;{}&#8221; da_is_popup=&#8221;off&#8221; da_exit_intent=&#8221;off&#8221; da_has_close=&#8221;on&#8221; da_alt_close=&#8221;off&#8221; da_dark_close=&#8221;off&#8221; da_not_modal=&#8221;on&#8221; da_is_singular=&#8221;off&#8221; da_with_loader=&#8221;off&#8221; da_has_shadow=&#8221;on&#8221; da_disable_devices=&#8221;off|off|off&#8221;][et_pb_row _builder_version=&#8221;4.17.6&#8243; _module_preset=&#8221;default&#8221; global_colors_info=&#8221;{}&#8221;][et_pb_column type=&#8221;4_4&#8243; _builder_version=&#8221;4.17.6&#8243; _module_preset=&#8221;default&#8221; global_colors_info=&#8221;{}&#8221;][et_pb_text _builder_version=&#8221;4.19.2&#8243; header_3_font_size=&#8221;25px&#8221; global_colors_info=&#8221;{}&#8221;]<\/p>\n<h3>Izjava o odricanju odgovornosti:<\/h3>\n<p>Unato\u010d pa\u017eljivoj kontroli sadr\u017eaja, ne preuzimamo nikakvu odgovornost za sadr\u017eaj vanjskih veza.<\/p>\n<p>Za sadr\u017eaj povezanih stranica isklju\u010divo su odgovorni operateri istih.<\/p>\n<p>Copyright \u00a9 2023 Ortner Medizintechnik e.U., Sva prava pridr\u017eana.<\/p>\n<p>Autorska prava:<\/p>\n<p>\u00a9 Ortner Medizintechnik\u00a0e.U.<\/p>\n<p>[\/et_pb_text][\/et_pb_column][\/et_pb_row][\/et_pb_section]<\/p>\n","protected":false},"excerpt":{"rendered":"<p>Ortner MedizintechnikZastupnik: Paul Ortner Sjedi\u0161te tvrtke Strauchweg 26A-8501\u00a0Lieboch Telefon: 03136 62155\u00a0 E-Mail: office@ort-med.com Naziv tvrtke: Ortner Medizintechnik\u00a0e.U. Broj sudskog registra: 403110i PDV id. broj: ATU65728938 ECG autorizacija (Zakon o elektroni\u010dkoj trgovini):\u00a0Bezirkshauptmannschaft Graz-Umgebung Sadr\u017eaj: Korporativni imid\u017e tvrtke Ortner Medizintechnik e.U.Izjava o odricanju odgovornosti: Unato\u010d pa\u017eljivoj kontroli sadr\u017eaja, ne preuzimamo nikakvu odgovornost za sadr\u017eaj vanjskih veza. Za [&hellip;]<\/p>\n","protected":false},"author":1,"featured_media":0,"parent":0,"menu_order":0,"comment_status":"closed","ping_status":"closed","template":"","meta":{"_et_pb_use_builder":"on","_et_pb_old_content":"","_et_gb_content_width":"","footnotes":""},"class_list":["post-14714","page","type-page","status-publish","hentry"],"yoast_head":"<!-- This site is optimized with the Yoast SEO plugin v27.5 - https:\/\/yoast.com\/product\/yoast-seo-wordpress\/ -->\n<title>Impresum | Ortner Medizintechnik<\/title>\n<meta name=\"robots\" content=\"index, follow, max-snippet:-1, max-image-preview:large, max-video-preview:-1\" \/>\n<link rel=\"canonical\" href=\"https:\/\/www.ort-med.com\/hr\/impresum\/\" \/>\n<meta property=\"og:locale\" content=\"hr_HR\" \/>\n<meta property=\"og:type\" content=\"article\" \/>\n<meta property=\"og:title\" content=\"Impresum | Ortner Medizintechnik\" \/>\n<meta property=\"og:description\" content=\"Ortner MedizintechnikZastupnik: Paul Ortner Sjedi\u0161te tvrtke Strauchweg 26A-8501\u00a0Lieboch Telefon: 03136 62155\u00a0 E-Mail: office@ort-med.com Naziv tvrtke: Ortner Medizintechnik\u00a0e.U. Broj sudskog registra: 403110i PDV id. broj: ATU65728938 ECG autorizacija (Zakon o elektroni\u010dkoj trgovini):\u00a0Bezirkshauptmannschaft Graz-Umgebung Sadr\u017eaj: Korporativni imid\u017e tvrtke Ortner Medizintechnik e.U.Izjava o odricanju odgovornosti: Unato\u010d pa\u017eljivoj kontroli sadr\u017eaja, ne preuzimamo nikakvu odgovornost za sadr\u017eaj vanjskih veza. Za [&hellip;]\" \/>\n<meta property=\"og:url\" content=\"https:\/\/www.ort-med.com\/hr\/impresum\/\" \/>\n<meta property=\"og:site_name\" content=\"Ortner Medizintechnik\" \/>\n<meta property=\"article:modified_time\" content=\"2024-01-17T11:19:33+00:00\" \/>\n<meta property=\"og:image\" content=\"https:\/\/www.ort-med.com\/wp-content\/uploads\/2023\/02\/Sonografie.jpg\" \/>\n\t<meta property=\"og:image:width\" content=\"1920\" \/>\n\t<meta property=\"og:image:height\" content=\"1080\" \/>\n\t<meta property=\"og:image:type\" content=\"image\/jpeg\" \/>\n<meta name=\"twitter:card\" content=\"summary_large_image\" \/>\n<meta name=\"twitter:site\" content=\"@ortnermedical\" \/>\n<meta name=\"twitter:label1\" content=\"Procijenjeno vrijeme \u010ditanja\" \/>\n\t<meta name=\"twitter:data1\" content=\"3 minute\" \/>\n<script type=\"application\/ld+json\" class=\"yoast-schema-graph\">{\"@context\":\"https:\\\/\\\/schema.org\",\"@graph\":[{\"@type\":\"WebPage\",\"@id\":\"https:\\\/\\\/www.ort-med.com\\\/hr\\\/impresum\\\/\",\"url\":\"https:\\\/\\\/www.ort-med.com\\\/hr\\\/impresum\\\/\",\"name\":\"Impresum | Ortner Medizintechnik\",\"isPartOf\":{\"@id\":\"https:\\\/\\\/www.ort-med.com\\\/hr\\\/#website\"},\"datePublished\":\"2020-05-05T06:05:26+00:00\",\"dateModified\":\"2024-01-17T11:19:33+00:00\",\"breadcrumb\":{\"@id\":\"https:\\\/\\\/www.ort-med.com\\\/hr\\\/impresum\\\/#breadcrumb\"},\"inLanguage\":\"hr\",\"potentialAction\":[{\"@type\":\"ReadAction\",\"target\":[\"https:\\\/\\\/www.ort-med.com\\\/hr\\\/impresum\\\/\"]}]},{\"@type\":\"BreadcrumbList\",\"@id\":\"https:\\\/\\\/www.ort-med.com\\\/hr\\\/impresum\\\/#breadcrumb\",\"itemListElement\":[{\"@type\":\"ListItem\",\"position\":1,\"name\":\"Startseite\",\"item\":\"https:\\\/\\\/www.ort-med.com\\\/hr\\\/\"},{\"@type\":\"ListItem\",\"position\":2,\"name\":\"Impresum\"}]},{\"@type\":\"WebSite\",\"@id\":\"https:\\\/\\\/www.ort-med.com\\\/hr\\\/#website\",\"url\":\"https:\\\/\\\/www.ort-med.com\\\/hr\\\/\",\"name\":\"ORTNER Medical Solutions\",\"description\":\"Ihre Spezialisten in Sonografie | Ultraschallsonden | Ultraschallger\u00e4te | Endoskope\",\"publisher\":{\"@id\":\"https:\\\/\\\/www.ort-med.com\\\/hr\\\/#organization\"},\"potentialAction\":[{\"@type\":\"SearchAction\",\"target\":{\"@type\":\"EntryPoint\",\"urlTemplate\":\"https:\\\/\\\/www.ort-med.com\\\/hr\\\/?s={search_term_string}\"},\"query-input\":{\"@type\":\"PropertyValueSpecification\",\"valueRequired\":true,\"valueName\":\"search_term_string\"}}],\"inLanguage\":\"hr\"},{\"@type\":\"Organization\",\"@id\":\"https:\\\/\\\/www.ort-med.com\\\/hr\\\/#organization\",\"name\":\"ORTNER Medizintechnik\",\"alternateName\":\"ORTNER Medical Solutions\",\"url\":\"https:\\\/\\\/www.ort-med.com\\\/hr\\\/\",\"logo\":{\"@type\":\"ImageObject\",\"inLanguage\":\"hr\",\"@id\":\"https:\\\/\\\/www.ort-med.com\\\/hr\\\/#\\\/schema\\\/logo\\\/image\\\/\",\"url\":\"https:\\\/\\\/www.ort-med.com\\\/wp-content\\\/uploads\\\/2022\\\/12\\\/Ortner-Medizintechnik-Logo.png\",\"contentUrl\":\"https:\\\/\\\/www.ort-med.com\\\/wp-content\\\/uploads\\\/2022\\\/12\\\/Ortner-Medizintechnik-Logo.png\",\"width\":1078,\"height\":360,\"caption\":\"ORTNER Medizintechnik\"},\"image\":{\"@id\":\"https:\\\/\\\/www.ort-med.com\\\/hr\\\/#\\\/schema\\\/logo\\\/image\\\/\"},\"sameAs\":[\"https:\\\/\\\/x.com\\\/ortnermedical\",\"https:\\\/\\\/www.instagram.com\\\/ortnermedizintechnik\\\/\",\"https:\\\/\\\/www.linkedin.com\\\/company\\\/ortnermedizintechnik\"]}]}<\/script>\n<!-- \/ Yoast SEO plugin. -->","yoast_head_json":{"title":"Impresum | Ortner Medizintechnik","robots":{"index":"index","follow":"follow","max-snippet":"max-snippet:-1","max-image-preview":"max-image-preview:large","max-video-preview":"max-video-preview:-1"},"canonical":"https:\/\/www.ort-med.com\/hr\/impresum\/","og_locale":"hr_HR","og_type":"article","og_title":"Impresum | Ortner Medizintechnik","og_description":"Ortner MedizintechnikZastupnik: Paul Ortner Sjedi\u0161te tvrtke Strauchweg 26A-8501\u00a0Lieboch Telefon: 03136 62155\u00a0 E-Mail: office@ort-med.com Naziv tvrtke: Ortner Medizintechnik\u00a0e.U. Broj sudskog registra: 403110i PDV id. broj: ATU65728938 ECG autorizacija (Zakon o elektroni\u010dkoj trgovini):\u00a0Bezirkshauptmannschaft Graz-Umgebung Sadr\u017eaj: Korporativni imid\u017e tvrtke Ortner Medizintechnik e.U.Izjava o odricanju odgovornosti: Unato\u010d pa\u017eljivoj kontroli sadr\u017eaja, ne preuzimamo nikakvu odgovornost za sadr\u017eaj vanjskih veza. Za [&hellip;]","og_url":"https:\/\/www.ort-med.com\/hr\/impresum\/","og_site_name":"Ortner Medizintechnik","article_modified_time":"2024-01-17T11:19:33+00:00","og_image":[{"width":1920,"height":1080,"url":"https:\/\/www.ort-med.com\/wp-content\/uploads\/2023\/02\/Sonografie.jpg","type":"image\/jpeg"}],"twitter_card":"summary_large_image","twitter_site":"@ortnermedical","twitter_misc":{"Procijenjeno vrijeme \u010ditanja":"3 minute"},"schema":{"@context":"https:\/\/schema.org","@graph":[{"@type":"WebPage","@id":"https:\/\/www.ort-med.com\/hr\/impresum\/","url":"https:\/\/www.ort-med.com\/hr\/impresum\/","name":"Impresum | Ortner Medizintechnik","isPartOf":{"@id":"https:\/\/www.ort-med.com\/hr\/#website"},"datePublished":"2020-05-05T06:05:26+00:00","dateModified":"2024-01-17T11:19:33+00:00","breadcrumb":{"@id":"https:\/\/www.ort-med.com\/hr\/impresum\/#breadcrumb"},"inLanguage":"hr","potentialAction":[{"@type":"ReadAction","target":["https:\/\/www.ort-med.com\/hr\/impresum\/"]}]},{"@type":"BreadcrumbList","@id":"https:\/\/www.ort-med.com\/hr\/impresum\/#breadcrumb","itemListElement":[{"@type":"ListItem","position":1,"name":"Startseite","item":"https:\/\/www.ort-med.com\/hr\/"},{"@type":"ListItem","position":2,"name":"Impresum"}]},{"@type":"WebSite","@id":"https:\/\/www.ort-med.com\/hr\/#website","url":"https:\/\/www.ort-med.com\/hr\/","name":"ORTNER Medical Solutions","description":"Ihre Spezialisten in Sonografie | Ultraschallsonden | Ultraschallger\u00e4te | Endoskope","publisher":{"@id":"https:\/\/www.ort-med.com\/hr\/#organization"},"potentialAction":[{"@type":"SearchAction","target":{"@type":"EntryPoint","urlTemplate":"https:\/\/www.ort-med.com\/hr\/?s={search_term_string}"},"query-input":{"@type":"PropertyValueSpecification","valueRequired":true,"valueName":"search_term_string"}}],"inLanguage":"hr"},{"@type":"Organization","@id":"https:\/\/www.ort-med.com\/hr\/#organization","name":"ORTNER Medizintechnik","alternateName":"ORTNER Medical Solutions","url":"https:\/\/www.ort-med.com\/hr\/","logo":{"@type":"ImageObject","inLanguage":"hr","@id":"https:\/\/www.ort-med.com\/hr\/#\/schema\/logo\/image\/","url":"https:\/\/www.ort-med.com\/wp-content\/uploads\/2022\/12\/Ortner-Medizintechnik-Logo.png","contentUrl":"https:\/\/www.ort-med.com\/wp-content\/uploads\/2022\/12\/Ortner-Medizintechnik-Logo.png","width":1078,"height":360,"caption":"ORTNER Medizintechnik"},"image":{"@id":"https:\/\/www.ort-med.com\/hr\/#\/schema\/logo\/image\/"},"sameAs":["https:\/\/x.com\/ortnermedical","https:\/\/www.instagram.com\/ortnermedizintechnik\/","https:\/\/www.linkedin.com\/company\/ortnermedizintechnik"]}]}},"_links":{"self":[{"href":"https:\/\/www.ort-med.com\/hr\/wp-json\/wp\/v2\/pages\/14714","targetHints":{"allow":["GET"]}}],"collection":[{"href":"https:\/\/www.ort-med.com\/hr\/wp-json\/wp\/v2\/pages"}],"about":[{"href":"https:\/\/www.ort-med.com\/hr\/wp-json\/wp\/v2\/types\/page"}],"author":[{"embeddable":true,"href":"https:\/\/www.ort-med.com\/hr\/wp-json\/wp\/v2\/users\/1"}],"replies":[{"embeddable":true,"href":"https:\/\/www.ort-med.com\/hr\/wp-json\/wp\/v2\/comments?post=14714"}],"version-history":[{"count":19,"href":"https:\/\/www.ort-med.com\/hr\/wp-json\/wp\/v2\/pages\/14714\/revisions"}],"predecessor-version":[{"id":260467,"href":"https:\/\/www.ort-med.com\/hr\/wp-json\/wp\/v2\/pages\/14714\/revisions\/260467"}],"wp:attachment":[{"href":"https:\/\/www.ort-med.com\/hr\/wp-json\/wp\/v2\/media?parent=14714"}],"curies":[{"name":"wp","href":"https:\/\/api.w.org\/{rel}","templated":true}]}}