{"id":263851,"date":"2025-08-05T10:04:27","date_gmt":"2025-08-05T08:04:27","guid":{"rendered":"https:\/\/www.ort-med.com\/?page_id=263851"},"modified":"2026-03-10T14:13:34","modified_gmt":"2026-03-10T13:13:34","slug":"impressum","status":"publish","type":"page","link":"https:\/\/www.ort-med.com\/hu\/impressum\/","title":{"rendered":"Impressum"},"content":{"rendered":"<p>[et_pb_section fb_built=&#8221;1&#8243; _builder_version=&#8221;4.19.2&#8243; _module_preset=&#8221;default&#8221; background_color=&#8221;#000000&#8243; background_image=&#8221;https:\/\/www.ort-med.com\/wp-content\/uploads\/2022\/12\/ISO-13485-Background_2-20221122-084019-1.png&#8221; parallax=&#8221;on&#8221; parallax_method=&#8221;off&#8221; custom_padding=&#8221;||||false|false&#8221; background_last_edited=&#8221;on|phone&#8221; background_enable_image_tablet=&#8221;off&#8221; da_disable_devices=&#8221;off|off|off&#8221; global_colors_info=&#8221;{}&#8221; da_is_popup=&#8221;off&#8221; da_exit_intent=&#8221;off&#8221; da_has_close=&#8221;on&#8221; da_alt_close=&#8221;off&#8221; da_dark_close=&#8221;off&#8221; da_not_modal=&#8221;on&#8221; da_is_singular=&#8221;off&#8221; da_with_loader=&#8221;off&#8221; da_has_shadow=&#8221;on&#8221;][et_pb_row _builder_version=&#8221;4.17.6&#8243; custom_margin=&#8221;0px|auto||auto|false|false&#8221; custom_padding=&#8221;||2px||false|false&#8221; global_colors_info=&#8221;{}&#8221;][et_pb_column type=&#8221;4_4&#8243; _builder_version=&#8221;4.16&#8243; global_colors_info=&#8221;{}&#8221;][et_pb_blurb title=&#8221;Impresszum&#8221; use_icon=&#8221;on&#8221; font_icon=&#8221;&#xe056;||divi||400&#8243; icon_color=&#8221;#ffffff&#8221; image_icon_background_color=&#8221;#5fa0d7&#8243; icon_placement=&#8221;left&#8221; image_icon_width=&#8221;16px&#8221; content_max_width=&#8221;2000px&#8221; _builder_version=&#8221;4.27.4&#8243; header_level=&#8221;h1&#8243; header_font=&#8221;Aeonik Fono Regular||||||||&#8221; header_text_align=&#8221;left&#8221; header_text_color=&#8221;#FFFFFF&#8221; header_font_size=&#8221;30px&#8221; image_icon_custom_padding=&#8221;8px|8px|8px|8px|false|false&#8221; module_alignment=&#8221;left&#8221; custom_margin=&#8221;||18px|||&#8221; custom_padding=&#8221;||||false|false&#8221; border_radii_image=&#8221;on|100%|100%|100%|100%&#8221; use_circle=&#8221;on&#8221; global_colors_info=&#8221;{}&#8221; image_icon_background_color__sticky_enabled=&#8221;#004976&#8243; image_icon_background_color__sticky=&#8221;#004976&#8243;][\/et_pb_blurb][\/et_pb_column][\/et_pb_row][et_pb_row column_structure=&#8221;3_5,2_5&#8243; _builder_version=&#8221;4.17.6&#8243; _module_preset=&#8221;default&#8221; global_colors_info=&#8221;{}&#8221;][et_pb_column type=&#8221;3_5&#8243; _builder_version=&#8221;4.17.6&#8243; _module_preset=&#8221;default&#8221; global_colors_info=&#8221;{}&#8221;][et_pb_text _builder_version=&#8221;4.27.4&#8243; _module_preset=&#8221;default&#8221; text_font=&#8221;Aeonik Fono Regular|700|||||||&#8221; text_text_color=&#8221;#FFFFFF&#8221; text_font_size=&#8221;26px&#8221; text_line_height=&#8221;1.2em&#8221; header_2_font=&#8221;Aeonik Pro Regular|600|||||||&#8221; header_2_text_color=&#8221;#5fa0d7&#8243; header_2_font_size=&#8221;60px&#8221; header_2_font_size_tablet=&#8221;50px&#8221; header_2_font_size_phone=&#8221;40px&#8221; header_2_font_size_last_edited=&#8221;on|phone&#8221; global_colors_info=&#8221;{}&#8221;]<\/p>\n<h2>Ortner Medical Solutions<\/h2>\n<p>[\/et_pb_text][et_pb_image src=&#8221;https:\/\/www.ort-med.com\/wp-content\/uploads\/2022\/12\/ecg.webp&#8221; title_text=&#8221;ecg&#8221; url=&#8221;https:\/\/www.wkoecg.at\/Ecg.aspx?FirmaID=4cda4116-415b-4441-ae4e-8739475567cb&#8221; url_new_window=&#8221;on&#8221; _builder_version=&#8221;4.17.6&#8243; _module_preset=&#8221;default&#8221; global_colors_info=&#8221;{}&#8221;][\/et_pb_image][\/et_pb_column][et_pb_column type=&#8221;2_5&#8243; _builder_version=&#8221;4.17.6&#8243; _module_preset=&#8221;default&#8221; global_colors_info=&#8221;{}&#8221;][\/et_pb_column][\/et_pb_row][\/et_pb_section][et_pb_section fb_built=&#8221;1&#8243; _builder_version=&#8221;4.17.6&#8243; _module_preset=&#8221;default&#8221; background_color=&#8221;#f1f4f6&#8243; custom_margin=&#8221;||||false|false&#8221; custom_padding=&#8221;10px||10px||false|false&#8221; da_disable_devices=&#8221;off|off|off&#8221; global_colors_info=&#8221;{}&#8221; da_is_popup=&#8221;off&#8221; da_exit_intent=&#8221;off&#8221; da_has_close=&#8221;on&#8221; da_alt_close=&#8221;off&#8221; da_dark_close=&#8221;off&#8221; da_not_modal=&#8221;on&#8221; da_is_singular=&#8221;off&#8221; da_with_loader=&#8221;off&#8221; da_has_shadow=&#8221;on&#8221;][et_pb_row _builder_version=&#8221;4.17.6&#8243; _module_preset=&#8221;default&#8221; global_colors_info=&#8221;{}&#8221;][et_pb_column type=&#8221;4_4&#8243; _builder_version=&#8221;4.17.6&#8243; _module_preset=&#8221;default&#8221; global_colors_info=&#8221;{}&#8221;][et_pb_text _builder_version=&#8221;4.27.4&#8243; _module_preset=&#8221;default&#8221; header_3_font_size=&#8221;25px&#8221; global_colors_info=&#8221;{}&#8221;]<\/p>\n<h3>Sz\u00e9khely:<\/h3>\n<p style=\"font-weight: 400;\">Strauchweg 26<\/p>\n<p style=\"font-weight: 400;\">8501 Lieboch<\/p>\n<p style=\"font-weight: 400;\">AUSTRIA<\/p>\n<p style=\"font-weight: 400;\"><b><strong>Telefon:<\/strong><\/b> <a href=\"tel:+43313662155\">+43 3136 62155<\/a><\/p>\n<p style=\"font-weight: 400;\"><b><strong>E-Mail:<\/strong><\/b> <a href=\"mailto:office@ort-med.com\">office@ort-med.com<\/a><\/p>\n<p style=\"font-weight: 400;\"><b><strong>C\u00e9gn\u00e9v: <\/strong><\/b>Ortner Medizintechnik\u00a0e.U.<\/p>\n<p style=\"font-weight: 400;\"><b><strong>C\u00e9gjegyz\u00e9ksz\u00e1m: <\/strong><\/b>403110i<\/p>\n<p style=\"font-weight: 400;\"><b><strong>Ad\u00f3sz\u00e1m (UID): <\/strong><\/b>ATU65728938<\/p>\n<p style=\"font-weight: 400;\"><b><strong>Illet\u00e9kes hat\u00f3s\u00e1g az ECG (Elektronikus Kereskedelmi T\u00f6rv\u00e9ny) szerint:<\/strong><\/b>\u00a0Bezirkshauptmannschaft Graz-Umgebung<\/p>\n<p style=\"font-weight: 400;\"><a href=\"T\u00e1j\u00e9koztat\u00e1s az E-kereskedelmi t\u00f6rv\u00e9ny (\u00a75 ECG) szerint\">Information lt. \u00a75 E-Commerce Gesetz<\/a><\/p>\n<p style=\"font-weight: 400;\"><a href=\"https:\/\/www.ort-med.com\/hu\/altalanos-szerzodesi-feltetelek\/\">\u00c1ltal\u00e1nos Szerz\u0151d\u00e9si Felt\u00e9telek (\u00c1SZF)<\/a><\/p>\n<p style=\"font-weight: 400;\"><a href=\"https:\/\/www.ort-med.com\/en\/data-protection\/\">Adatv\u00e9delmi t\u00e1j\u00e9koztat\u00f3<\/a><\/p>\n<p style=\"font-weight: 400;\">A fogyaszt\u00f3k lehet\u0151s\u00e9get kapnak arra, hogy panaszaikat az EU online vitarendez\u00e9si platformj\u00e1hoz ny\u00fajts\u00e1k be:<br \/>http:\/\/ec.europa.eu\/odr<br \/>Esetleges panaszait a fenti e-mail c\u00edmre is elk\u00fcldheti.<\/p>\n<p>[\/et_pb_text][\/et_pb_column][\/et_pb_row][\/et_pb_section][et_pb_section fb_built=&#8221;1&#8243; _builder_version=&#8221;4.17.6&#8243; _module_preset=&#8221;default&#8221; background_color=&#8221;#c5ccd2&#8243; custom_padding=&#8221;10px||10px||false|false&#8221; da_disable_devices=&#8221;off|off|off&#8221; global_colors_info=&#8221;{}&#8221; da_is_popup=&#8221;off&#8221; da_exit_intent=&#8221;off&#8221; da_has_close=&#8221;on&#8221; da_alt_close=&#8221;off&#8221; da_dark_close=&#8221;off&#8221; da_not_modal=&#8221;on&#8221; da_is_singular=&#8221;off&#8221; da_with_loader=&#8221;off&#8221; da_has_shadow=&#8221;on&#8221;][et_pb_row _builder_version=&#8221;4.17.6&#8243; _module_preset=&#8221;default&#8221; global_colors_info=&#8221;{}&#8221;][et_pb_column type=&#8221;4_4&#8243; _builder_version=&#8221;4.17.6&#8243; _module_preset=&#8221;default&#8221; global_colors_info=&#8221;{}&#8221;][et_pb_text _builder_version=&#8221;4.27.6&#8243; header_3_font_size=&#8221;25px&#8221; hover_enabled=&#8221;0&#8243; global_colors_info=&#8221;{}&#8221; sticky_enabled=&#8221;0&#8243;]<\/p>\n<h3>Felel\u0151ss\u00e9gi nyilatkozat:<\/h3>\n<p style=\"font-weight: 400;\">Az oldalon elhelyezett k\u00fcls\u0151 hivatkoz\u00e1sok tartalm\u00e1\u00e9rt felel\u0151ss\u00e9get nem v\u00e1llalunk, azok tartalm\u00e1\u00e9rt kiz\u00e1r\u00f3lag az adott oldalak \u00fczemeltet\u0151i felel\u0151sek.<\/p>\n<p style=\"font-weight: 400;\">Copyright \u00a9 2026 Ortner Medizintechnik e.U., minden jog fenntartva.<\/p>\n<p style=\"font-weight: 400;\"><strong>K\u00e9pek forr\u00e1sa:<\/strong><\/p>\n<p style=\"font-weight: 400;\">\u00a9 Ortner Medizintechnik e.U.<br \/>\u00a9 Shutterstock\u00a0 \u00a0https:\/\/www.shutterstock.com\/<\/p>\n<p>[\/et_pb_text][\/et_pb_column][\/et_pb_row][\/et_pb_section]<\/p>\n","protected":false},"excerpt":{"rendered":"<p>Ortner Medical SolutionsSz\u00e9khely: Strauchweg 26 8501 Lieboch AUSTRIA Telefon: +43 3136 62155 E-Mail: office@ort-med.com C\u00e9gn\u00e9v: Ortner Medizintechnik\u00a0e.U. C\u00e9gjegyz\u00e9ksz\u00e1m: 403110i Ad\u00f3sz\u00e1m (UID): ATU65728938 Illet\u00e9kes hat\u00f3s\u00e1g az ECG (Elektronikus Kereskedelmi T\u00f6rv\u00e9ny) szerint:\u00a0Bezirkshauptmannschaft Graz-Umgebung Information lt. \u00a75 E-Commerce Gesetz \u00c1ltal\u00e1nos Szerz\u0151d\u00e9si Felt\u00e9telek (\u00c1SZF) Adatv\u00e9delmi t\u00e1j\u00e9koztat\u00f3 A fogyaszt\u00f3k lehet\u0151s\u00e9get kapnak arra, hogy panaszaikat az EU online vitarendez\u00e9si platformj\u00e1hoz ny\u00fajts\u00e1k [&hellip;]<\/p>\n","protected":false},"author":4,"featured_media":0,"parent":0,"menu_order":0,"comment_status":"closed","ping_status":"closed","template":"","meta":{"_et_pb_use_builder":"on","_et_pb_old_content":"<p>[et_pb_section fb_built=\"1\" _builder_version=\"4.19.2\" _module_preset=\"default\" background_color=\"#000000\" background_image=\"https:\/\/www.ort-med.com\/wp-content\/uploads\/2022\/12\/ISO-13485-Background_2-20221122-084019-1.png\" parallax=\"on\" parallax_method=\"off\" custom_padding=\"||||false|false\" background_last_edited=\"on|phone\" background_enable_image_tablet=\"off\" da_disable_devices=\"off|off|off\" global_colors_info=\"{}\" da_is_popup=\"off\" da_exit_intent=\"off\" da_has_close=\"on\" da_alt_close=\"off\" da_dark_close=\"off\" da_not_modal=\"on\" da_is_singular=\"off\" da_with_loader=\"off\" da_has_shadow=\"on\"][et_pb_row _builder_version=\"4.17.6\" custom_margin=\"0px|auto||auto|false|false\" custom_padding=\"||2px||false|false\" global_colors_info=\"{}\"][et_pb_column type=\"4_4\" _builder_version=\"4.16\" global_colors_info=\"{}\"][et_pb_blurb title=\"Impressum\" use_icon=\"on\" font_icon=\"\ue056||divi||400\" icon_color=\"#ffffff\" image_icon_background_color=\"#5fa0d7\" icon_placement=\"left\" image_icon_width=\"16px\" content_max_width=\"2000px\" _builder_version=\"4.17.6\" header_level=\"h1\" header_font=\"Aeonik Fono Regular||||||||\" header_text_align=\"left\" header_text_color=\"#FFFFFF\" header_font_size=\"30px\" image_icon_custom_padding=\"8px|8px|8px|8px|false|false\" module_alignment=\"left\" custom_margin=\"||18px|||\" custom_padding=\"||||false|false\" border_radii_image=\"on|100%|100%|100%|100%\" use_circle=\"on\" global_colors_info=\"{}\" image_icon_background_color__sticky_enabled=\"#004976\" image_icon_background_color__sticky=\"#004976\"][\/et_pb_blurb][\/et_pb_column][\/et_pb_row][et_pb_row column_structure=\"3_5,2_5\" _builder_version=\"4.17.6\" _module_preset=\"default\" global_colors_info=\"{}\"][et_pb_column type=\"3_5\" _builder_version=\"4.17.6\" _module_preset=\"default\" global_colors_info=\"{}\"][et_pb_text _builder_version=\"4.19.5\" _module_preset=\"default\" text_font=\"Aeonik Fono Regular|700|||||||\" text_text_color=\"#FFFFFF\" text_font_size=\"26px\" text_line_height=\"1.2em\" header_2_font=\"Aeonik Pro Regular|600|||||||\" header_2_text_color=\"#5fa0d7\" header_2_font_size=\"60px\" header_2_font_size_tablet=\"50px\" header_2_font_size_phone=\"40px\" header_2_font_size_last_edited=\"on|phone\" global_colors_info=\"{}\"]<\/p><h2>Ortner Medizintechnik<\/h2><p>[\/et_pb_text][et_pb_image src=\"https:\/\/www.ort-med.com\/wp-content\/uploads\/2022\/12\/ecg.webp\" title_text=\"ecg\" url=\"https:\/\/www.wkoecg.at\/Ecg.aspx?FirmaID=4cda4116-415b-4441-ae4e-8739475567cb\" url_new_window=\"on\" _builder_version=\"4.17.6\" _module_preset=\"default\" global_colors_info=\"{}\"][\/et_pb_image][\/et_pb_column][et_pb_column type=\"2_5\" _builder_version=\"4.17.6\" _module_preset=\"default\" global_colors_info=\"{}\"][\/et_pb_column][\/et_pb_row][\/et_pb_section][et_pb_section fb_built=\"1\" _builder_version=\"4.17.6\" _module_preset=\"default\" background_color=\"#f1f4f6\" custom_margin=\"||||false|false\" custom_padding=\"10px||10px||false|false\" da_disable_devices=\"off|off|off\" global_colors_info=\"{}\" da_is_popup=\"off\" da_exit_intent=\"off\" da_has_close=\"on\" da_alt_close=\"off\" da_dark_close=\"off\" da_not_modal=\"on\" da_is_singular=\"off\" da_with_loader=\"off\" da_has_shadow=\"on\"][et_pb_row _builder_version=\"4.17.6\" _module_preset=\"default\" global_colors_info=\"{}\"][et_pb_column type=\"4_4\" _builder_version=\"4.17.6\" _module_preset=\"default\" global_colors_info=\"{}\"][et_pb_text _builder_version=\"4.23.4\" _module_preset=\"default\" header_3_font_size=\"25px\" global_colors_info=\"{}\"]<\/p><h3>Firmensitz:<\/h3><p style=\"font-weight: 400;\">Strauchweg 26<br \/>A-8501\u00a0Lieboch<\/p><p style=\"font-weight: 400;\"><b><strong>Telefon:<\/strong><\/b> <a href=\"tel:0313662155\">03136 62155<\/a>\u00a0<\/p><p style=\"font-weight: 400;\"><b><strong>E-Mail:<\/strong><\/b> <a href=\"mailto:office@ort-med.com\">office@ort-med.com<\/a><\/p><p style=\"font-weight: 400;\"><b><strong>Firmenname: <\/strong><\/b>Ortner Medizintechnik\u00a0e.U.<\/p><p style=\"font-weight: 400;\"><b><strong>Firmenbuchnummer: <\/strong><\/b>403110i<\/p><p style=\"font-weight: 400;\"><b><strong>UID: <\/strong><\/b>ATU65728938<\/p><p style=\"font-weight: 400;\"><b><strong>Beh\u00f6rde gem. ECG (E-Commerce Gesetz):<\/strong><\/b>\u00a0Bezirkshauptmannschaft Graz-Umgebung<\/p><p style=\"font-weight: 400;\"><a href=\"https:\/\/www.wkoecg.at\/Web\/Ecg.aspx?FirmaID=051fe2fe-0982-476b-b3da-c016871a240e\">Information lt. \u00a75 E-Commerce Gesetz<\/a><\/p><p style=\"font-weight: 400;\"><a href=\"https:\/\/www.ort-med.com\/_lccms_\/_00798\/Sonographisches-System.htm?VER=180524132851&MID=77&LANG=ger\">Allgemeine Gesch\u00e4ftsbedingungen<\/a><\/p><p style=\"font-weight: 400;\"><a href=\"https:\/\/www.ort-med.com\/_lccms_\/_00884\/Datenschutz.htm?VER=180830070532&MID=165&LANG=ger\">Datenschutzhinweise<\/a><\/p><p style=\"font-weight: 400;\">Verbraucher haben die M\u00f6glichkeit, Beschwerden an die Online Streitbeilegungsplattform der EU zu<br \/>richten: <a href=\"http:\/\/ec.europa.eu\/odr\">http:\/\/ec.europa.eu\/odr<\/a>. Sie k\u00f6nnen allf\u00e4llige Beschwerde auch an die oben angegebene E-Mail-Adresse richten.<\/p><p>[\/et_pb_text][\/et_pb_column][\/et_pb_row][\/et_pb_section][et_pb_section fb_built=\"1\" _builder_version=\"4.17.6\" _module_preset=\"default\" background_color=\"#c5ccd2\" custom_padding=\"10px||10px||false|false\" da_disable_devices=\"off|off|off\" global_colors_info=\"{}\" da_is_popup=\"off\" da_exit_intent=\"off\" da_has_close=\"on\" da_alt_close=\"off\" da_dark_close=\"off\" da_not_modal=\"on\" da_is_singular=\"off\" da_with_loader=\"off\" da_has_shadow=\"on\"][et_pb_row _builder_version=\"4.17.6\" _module_preset=\"default\" global_colors_info=\"{}\"][et_pb_column type=\"4_4\" _builder_version=\"4.17.6\" _module_preset=\"default\" global_colors_info=\"{}\"][et_pb_text _builder_version=\"4.27.4\" header_3_font_size=\"25px\" global_colors_info=\"{}\"]<\/p><h3>Haftungshinweis:<\/h3><p style=\"font-weight: 400;\">Trotz sorgf\u00e4ltiger inhaltlicher Kontrolle \u00fcbernehmen wir keine Haftung f\u00fcr die Inhalte externer Links.<\/p><p style=\"font-weight: 400;\">F\u00fcr den Inhalt der verlinkten Seiten sind ausschlie\u00dflich deren Betreiber verantwortlich.<\/p><p style=\"font-weight: 400;\">Copyright \u00a9 2025\u00a0by\u00a0Ortner Medizintechnik\u00a0e.U.,\u00a0Alle Rechte vorbehalten.<\/p><p style=\"font-weight: 400;\"><strong>Bildnachweis:<\/strong><\/p><p style=\"font-weight: 400;\">\u00a9 Ortner Medizintechnik\u00a0e.U.<\/p><p style=\"font-weight: 400;\">\u00a9 Shutterstock<\/p><p>https:\/\/www.shutterstock.com\/<\/p><p>[\/et_pb_text][\/et_pb_column][\/et_pb_row][\/et_pb_section]<\/p>","_et_gb_content_width":"","footnotes":""},"class_list":["post-263851","page","type-page","status-publish","hentry"],"yoast_head":"<!-- This site is optimized with the Yoast SEO plugin v27.5 - https:\/\/yoast.com\/product\/yoast-seo-wordpress\/ -->\n<title>Impressum | Ortner Medizintechnik<\/title>\n<meta name=\"description\" content=\"Az Ortner Medical Solutions weboldal\u00e1nak impresszuma\" \/>\n<meta name=\"robots\" content=\"index, follow, max-snippet:-1, max-image-preview:large, max-video-preview:-1\" \/>\n<link rel=\"canonical\" href=\"https:\/\/www.ort-med.com\/hu\/impressum\/\" \/>\n<meta property=\"og:locale\" content=\"hu_HU\" \/>\n<meta property=\"og:type\" content=\"article\" \/>\n<meta property=\"og:title\" content=\"Impressum | Ortner Medizintechnik\" \/>\n<meta property=\"og:description\" content=\"Az Ortner Medical Solutions weboldal\u00e1nak impresszuma\" \/>\n<meta property=\"og:url\" content=\"https:\/\/www.ort-med.com\/hu\/impressum\/\" \/>\n<meta property=\"og:site_name\" content=\"Ortner Medizintechnik\" \/>\n<meta property=\"article:modified_time\" content=\"2026-03-10T13:13:34+00:00\" \/>\n<meta property=\"og:image\" content=\"https:\/\/www.ort-med.com\/wp-content\/uploads\/2023\/02\/Sonografie.jpg\" \/>\n\t<meta property=\"og:image:width\" content=\"1920\" \/>\n\t<meta property=\"og:image:height\" content=\"1080\" \/>\n\t<meta property=\"og:image:type\" content=\"image\/jpeg\" \/>\n<meta name=\"twitter:card\" content=\"summary_large_image\" \/>\n<meta name=\"twitter:site\" content=\"@ortnermedical\" \/>\n<meta name=\"twitter:label1\" content=\"Becs\u00fclt olvas\u00e1si id\u0151\" \/>\n\t<meta name=\"twitter:data1\" content=\"1 perc\" \/>\n<script type=\"application\/ld+json\" class=\"yoast-schema-graph\">{\"@context\":\"https:\\\/\\\/schema.org\",\"@graph\":[{\"@type\":\"WebPage\",\"@id\":\"https:\\\/\\\/www.ort-med.com\\\/hu\\\/impressum\\\/\",\"url\":\"https:\\\/\\\/www.ort-med.com\\\/hu\\\/impressum\\\/\",\"name\":\"Impressum | Ortner Medizintechnik\",\"isPartOf\":{\"@id\":\"https:\\\/\\\/www.ort-med.com\\\/hu\\\/#website\"},\"datePublished\":\"2025-08-05T08:04:27+00:00\",\"dateModified\":\"2026-03-10T13:13:34+00:00\",\"description\":\"Az Ortner Medical Solutions weboldal\u00e1nak impresszuma\",\"breadcrumb\":{\"@id\":\"https:\\\/\\\/www.ort-med.com\\\/hu\\\/impressum\\\/#breadcrumb\"},\"inLanguage\":\"hu\",\"potentialAction\":[{\"@type\":\"ReadAction\",\"target\":[\"https:\\\/\\\/www.ort-med.com\\\/hu\\\/impressum\\\/\"]}]},{\"@type\":\"BreadcrumbList\",\"@id\":\"https:\\\/\\\/www.ort-med.com\\\/hu\\\/impressum\\\/#breadcrumb\",\"itemListElement\":[{\"@type\":\"ListItem\",\"position\":1,\"name\":\"Startseite\",\"item\":\"https:\\\/\\\/www.ort-med.com\\\/hu\\\/\"},{\"@type\":\"ListItem\",\"position\":2,\"name\":\"Impressum\"}]},{\"@type\":\"WebSite\",\"@id\":\"https:\\\/\\\/www.ort-med.com\\\/hu\\\/#website\",\"url\":\"https:\\\/\\\/www.ort-med.com\\\/hu\\\/\",\"name\":\"ORTNER Medical Solutions\",\"description\":\"Ihre Spezialisten in Sonografie | Ultraschallsonden | Ultraschallger\u00e4te | Endoskope\",\"publisher\":{\"@id\":\"https:\\\/\\\/www.ort-med.com\\\/hu\\\/#organization\"},\"potentialAction\":[{\"@type\":\"SearchAction\",\"target\":{\"@type\":\"EntryPoint\",\"urlTemplate\":\"https:\\\/\\\/www.ort-med.com\\\/hu\\\/?s={search_term_string}\"},\"query-input\":{\"@type\":\"PropertyValueSpecification\",\"valueRequired\":true,\"valueName\":\"search_term_string\"}}],\"inLanguage\":\"hu\"},{\"@type\":\"Organization\",\"@id\":\"https:\\\/\\\/www.ort-med.com\\\/hu\\\/#organization\",\"name\":\"ORTNER Medizintechnik\",\"alternateName\":\"ORTNER Medical Solutions\",\"url\":\"https:\\\/\\\/www.ort-med.com\\\/hu\\\/\",\"logo\":{\"@type\":\"ImageObject\",\"inLanguage\":\"hu\",\"@id\":\"https:\\\/\\\/www.ort-med.com\\\/hu\\\/#\\\/schema\\\/logo\\\/image\\\/\",\"url\":\"https:\\\/\\\/www.ort-med.com\\\/wp-content\\\/uploads\\\/2022\\\/12\\\/Ortner-Medizintechnik-Logo.png\",\"contentUrl\":\"https:\\\/\\\/www.ort-med.com\\\/wp-content\\\/uploads\\\/2022\\\/12\\\/Ortner-Medizintechnik-Logo.png\",\"width\":1078,\"height\":360,\"caption\":\"ORTNER Medizintechnik\"},\"image\":{\"@id\":\"https:\\\/\\\/www.ort-med.com\\\/hu\\\/#\\\/schema\\\/logo\\\/image\\\/\"},\"sameAs\":[\"https:\\\/\\\/x.com\\\/ortnermedical\",\"https:\\\/\\\/www.instagram.com\\\/ortnermedizintechnik\\\/\",\"https:\\\/\\\/www.linkedin.com\\\/company\\\/ortnermedizintechnik\"]}]}<\/script>\n<!-- \/ Yoast SEO plugin. -->","yoast_head_json":{"title":"Impressum | Ortner Medizintechnik","description":"Az Ortner Medical Solutions weboldal\u00e1nak impresszuma","robots":{"index":"index","follow":"follow","max-snippet":"max-snippet:-1","max-image-preview":"max-image-preview:large","max-video-preview":"max-video-preview:-1"},"canonical":"https:\/\/www.ort-med.com\/hu\/impressum\/","og_locale":"hu_HU","og_type":"article","og_title":"Impressum | Ortner Medizintechnik","og_description":"Az Ortner Medical Solutions weboldal\u00e1nak impresszuma","og_url":"https:\/\/www.ort-med.com\/hu\/impressum\/","og_site_name":"Ortner Medizintechnik","article_modified_time":"2026-03-10T13:13:34+00:00","og_image":[{"width":1920,"height":1080,"url":"https:\/\/www.ort-med.com\/wp-content\/uploads\/2023\/02\/Sonografie.jpg","type":"image\/jpeg"}],"twitter_card":"summary_large_image","twitter_site":"@ortnermedical","twitter_misc":{"Becs\u00fclt olvas\u00e1si id\u0151":"1 perc"},"schema":{"@context":"https:\/\/schema.org","@graph":[{"@type":"WebPage","@id":"https:\/\/www.ort-med.com\/hu\/impressum\/","url":"https:\/\/www.ort-med.com\/hu\/impressum\/","name":"Impressum | Ortner Medizintechnik","isPartOf":{"@id":"https:\/\/www.ort-med.com\/hu\/#website"},"datePublished":"2025-08-05T08:04:27+00:00","dateModified":"2026-03-10T13:13:34+00:00","description":"Az Ortner Medical Solutions weboldal\u00e1nak impresszuma","breadcrumb":{"@id":"https:\/\/www.ort-med.com\/hu\/impressum\/#breadcrumb"},"inLanguage":"hu","potentialAction":[{"@type":"ReadAction","target":["https:\/\/www.ort-med.com\/hu\/impressum\/"]}]},{"@type":"BreadcrumbList","@id":"https:\/\/www.ort-med.com\/hu\/impressum\/#breadcrumb","itemListElement":[{"@type":"ListItem","position":1,"name":"Startseite","item":"https:\/\/www.ort-med.com\/hu\/"},{"@type":"ListItem","position":2,"name":"Impressum"}]},{"@type":"WebSite","@id":"https:\/\/www.ort-med.com\/hu\/#website","url":"https:\/\/www.ort-med.com\/hu\/","name":"ORTNER Medical Solutions","description":"Ihre Spezialisten in Sonografie | Ultraschallsonden | Ultraschallger\u00e4te | Endoskope","publisher":{"@id":"https:\/\/www.ort-med.com\/hu\/#organization"},"potentialAction":[{"@type":"SearchAction","target":{"@type":"EntryPoint","urlTemplate":"https:\/\/www.ort-med.com\/hu\/?s={search_term_string}"},"query-input":{"@type":"PropertyValueSpecification","valueRequired":true,"valueName":"search_term_string"}}],"inLanguage":"hu"},{"@type":"Organization","@id":"https:\/\/www.ort-med.com\/hu\/#organization","name":"ORTNER Medizintechnik","alternateName":"ORTNER Medical Solutions","url":"https:\/\/www.ort-med.com\/hu\/","logo":{"@type":"ImageObject","inLanguage":"hu","@id":"https:\/\/www.ort-med.com\/hu\/#\/schema\/logo\/image\/","url":"https:\/\/www.ort-med.com\/wp-content\/uploads\/2022\/12\/Ortner-Medizintechnik-Logo.png","contentUrl":"https:\/\/www.ort-med.com\/wp-content\/uploads\/2022\/12\/Ortner-Medizintechnik-Logo.png","width":1078,"height":360,"caption":"ORTNER Medizintechnik"},"image":{"@id":"https:\/\/www.ort-med.com\/hu\/#\/schema\/logo\/image\/"},"sameAs":["https:\/\/x.com\/ortnermedical","https:\/\/www.instagram.com\/ortnermedizintechnik\/","https:\/\/www.linkedin.com\/company\/ortnermedizintechnik"]}]}},"_links":{"self":[{"href":"https:\/\/www.ort-med.com\/hu\/wp-json\/wp\/v2\/pages\/263851","targetHints":{"allow":["GET"]}}],"collection":[{"href":"https:\/\/www.ort-med.com\/hu\/wp-json\/wp\/v2\/pages"}],"about":[{"href":"https:\/\/www.ort-med.com\/hu\/wp-json\/wp\/v2\/types\/page"}],"author":[{"embeddable":true,"href":"https:\/\/www.ort-med.com\/hu\/wp-json\/wp\/v2\/users\/4"}],"replies":[{"embeddable":true,"href":"https:\/\/www.ort-med.com\/hu\/wp-json\/wp\/v2\/comments?post=263851"}],"version-history":[{"count":5,"href":"https:\/\/www.ort-med.com\/hu\/wp-json\/wp\/v2\/pages\/263851\/revisions"}],"predecessor-version":[{"id":265468,"href":"https:\/\/www.ort-med.com\/hu\/wp-json\/wp\/v2\/pages\/263851\/revisions\/265468"}],"wp:attachment":[{"href":"https:\/\/www.ort-med.com\/hu\/wp-json\/wp\/v2\/media?parent=263851"}],"curies":[{"name":"wp","href":"https:\/\/api.w.org\/{rel}","templated":true}]}}