{"id":3891,"date":"2020-05-27T10:49:04","date_gmt":"2020-05-27T08:49:04","guid":{"rendered":"https:\/\/www.ortner-med.com\/?page_id=3891"},"modified":"2023-07-17T13:24:35","modified_gmt":"2023-07-17T11:24:35","slug":"formularz-kontaktowy","status":"publish","type":"page","link":"https:\/\/www.ort-med.com\/pl\/formularz-kontaktowy\/","title":{"rendered":"Formularz kontaktowy"},"content":{"rendered":"<p>[et_pb_section fb_built=&#8221;1&#8243; _builder_version=&#8221;4.19.2&#8243; _module_preset=&#8221;default&#8221; background_color=&#8221;#000000&#8243; background_image=&#8221;https:\/\/www.ort-med.com\/wp-content\/uploads\/2022\/12\/ISO-13485-Background_2-20221122-084019-1.png&#8221; parallax=&#8221;on&#8221; parallax_method=&#8221;off&#8221; custom_padding=&#8221;||||false|false&#8221; background_last_edited=&#8221;on|phone&#8221; background_enable_image_tablet=&#8221;off&#8221; global_colors_info=&#8221;{}&#8221;][et_pb_row _builder_version=&#8221;4.17.6&#8243; custom_margin=&#8221;0px|auto||auto|false|false&#8221; custom_padding=&#8221;||2px||false|false&#8221; global_colors_info=&#8221;{}&#8221;][et_pb_column type=&#8221;4_4&#8243; _builder_version=&#8221;4.16&#8243; global_colors_info=&#8221;{}&#8221;][et_pb_blurb title=&#8221;Formularz kontaktowy&#8221; use_icon=&#8221;on&#8221; font_icon=&#8221;&#xe08b;||divi||400&#8243; icon_color=&#8221;#ffffff&#8221; image_icon_background_color=&#8221;#5fa0d7&#8243; icon_placement=&#8221;left&#8221; image_icon_width=&#8221;16px&#8221; content_max_width=&#8221;2000px&#8221; _builder_version=&#8221;4.19.2&#8243; header_level=&#8221;h1&#8243; header_font=&#8221;Aeonik Fono Regular||||||||&#8221; header_text_align=&#8221;left&#8221; header_text_color=&#8221;#FFFFFF&#8221; header_font_size=&#8221;30px&#8221; image_icon_custom_padding=&#8221;8px|8px|8px|8px|false|false&#8221; module_alignment=&#8221;left&#8221; custom_margin=&#8221;||18px|||&#8221; custom_padding=&#8221;||||false|false&#8221; border_radii_image=&#8221;on|100%|100%|100%|100%&#8221; use_circle=&#8221;on&#8221; global_colors_info=&#8221;{}&#8221; image_icon_background_color__sticky_enabled=&#8221;#004976&#8243; image_icon_background_color__sticky=&#8221;#004976&#8243;][\/et_pb_blurb][et_pb_code _builder_version=&#8221;4.16&#8243; _module_preset=&#8221;default&#8221; custom_margin=&#8221;-8px|||||&#8221; global_colors_info=&#8221;{}&#8221;]<script type=\"application\/ld+json\"><!-- [et_pb_line_break_holder] -->{<!-- [et_pb_line_break_holder] -->  \"@context\": \"https:\/\/schema.org\",<!-- [et_pb_line_break_holder] -->  \"@type\": \"FAQPage\",<!-- [et_pb_line_break_holder] -->  \"mainEntity\": [{<!-- [et_pb_line_break_holder] -->    \"@type\": \"Question\",<!-- [et_pb_line_break_holder] -->    \"name\": \"Welche Vorteile bietet eine Sondenreparatur?\",<!-- [et_pb_line_break_holder] -->    \"acceptedAnswer\": {<!-- [et_pb_line_break_holder] -->      \"@type\": \"Answer\",<!-- [et_pb_line_break_holder] -->      \"text\": \"Eine defekte Sonde muss nicht immer ausgetauscht werden. Durch die Reparatur kann eine erhebliche Kostenersparnis erzielt werden. Eine umfassende Eingangsanalyse ist die Basis f\u00fcr eine erfolgreiche Reparatur Ihrer Sonde. Durch die rechtzeitige Analyse k\u00f6nnen Sch\u00e4den entdeckt werden bevor diese zu kostspieligen Reparaturen f\u00fchren.\"<!-- [et_pb_line_break_holder] -->    }<!-- [et_pb_line_break_holder] -->  },{<!-- [et_pb_line_break_holder] -->    \"@type\": \"Question\",<!-- [et_pb_line_break_holder] -->    \"name\": \"Welche Sonden-Typen k\u00f6nnen repariert werden?\",<!-- [et_pb_line_break_holder] -->    \"acceptedAnswer\": {<!-- [et_pb_line_break_holder] -->      \"@type\": \"Answer\",<!-- [et_pb_line_break_holder] -->      \"text\": \"In unserem Labor reparieren wir Standard Sonden (Curved-, Linear- und Phased Array), 3D \/ 4D Volumensonden sowie TEE Sonden aller Typen und Hersteller.\"<!-- [et_pb_line_break_holder] -->    }<!-- [et_pb_line_break_holder] -->  },{<!-- [et_pb_line_break_holder] -->    \"@type\": \"Question\",<!-- [et_pb_line_break_holder] -->    \"name\": \"Welche Reparaturen k\u00f6nnen durchgef\u00fchrt werden?\",<!-- [et_pb_line_break_holder] -->    \"acceptedAnswer\": {<!-- [et_pb_line_break_holder] -->      \"@type\": \"Answer\",<!-- [et_pb_line_break_holder] -->      \"text\": \"H\u00e4ufige Defekte welche Repariert werden k\u00f6nnen sind Erneuerung der Linsenbeschichtung, Kabelknickschutz, Konnektor-Reparatur, Kabelaustausch und Kabelreparatur, Austausch Bending Rubber, Erneuerung \/ Austausch IT-Beschichtung uvm. Die Reparaturm\u00f6glichkeiten k\u00f6nnen je nach Sondentyp variieren.\"<!-- [et_pb_line_break_holder] -->    }<!-- [et_pb_line_break_holder] -->  },{<!-- [et_pb_line_break_holder] -->    \"@type\": \"Question\",<!-- [et_pb_line_break_holder] -->    \"name\": \"Wie lange dauert eine Sonden Reparatur?\",<!-- [et_pb_line_break_holder] -->    \"acceptedAnswer\": {<!-- [et_pb_line_break_holder] -->      \"@type\": \"Answer\",<!-- [et_pb_line_break_holder] -->      \"text\": \"Je nach Defekt ben\u00f6tigen wir f\u00fcr die Reparatur Ihrer Ultraschallsonde zwischen 2 \u2013 5 Werktage.\"<!-- [et_pb_line_break_holder] -->    }<!-- [et_pb_line_break_holder] -->  }]<!-- [et_pb_line_break_holder] -->}<!-- [et_pb_line_break_holder] --><\/script>[\/et_pb_code][\/et_pb_column][\/et_pb_row][et_pb_row column_structure=&#8221;1_2,1_2&#8243; _builder_version=&#8221;4.17.6&#8243; _module_preset=&#8221;default&#8221; global_colors_info=&#8221;{}&#8221;][et_pb_column type=&#8221;1_2&#8243; _builder_version=&#8221;4.17.6&#8243; _module_preset=&#8221;default&#8221; global_colors_info=&#8221;{}&#8221;][et_pb_text _builder_version=&#8221;4.19.2&#8243; _module_preset=&#8221;default&#8221; text_font=&#8221;||||||||&#8221; text_text_color=&#8221;#5fa0d7&#8243; text_font_size=&#8221;70px&#8221; text_line_height=&#8221;1em&#8221; header_2_text_color=&#8221;#5fa0d7&#8243; header_2_font_size=&#8221;70px&#8221; text_orientation=&#8221;right&#8221; max_width_tablet=&#8221;&#8221; max_width_phone=&#8221;&#8221; max_width_last_edited=&#8221;on|desktop&#8221; module_alignment=&#8221;left&#8221; custom_margin=&#8221;||||false|false&#8221; custom_padding=&#8221;||||false|false&#8221; custom_padding_tablet=&#8221;|0px||0px|false|false&#8221; custom_padding_phone=&#8221;|0px||0px|false|false&#8221; custom_padding_last_edited=&#8221;on|phone&#8221; text_font_size_tablet=&#8221;50px&#8221; text_font_size_phone=&#8221;28px&#8221; text_font_size_last_edited=&#8221;on|desktop&#8221; header_2_font_size_tablet=&#8221;50px&#8221; header_2_font_size_phone=&#8221;40px&#8221; header_2_font_size_last_edited=&#8221;on|phone&#8221; text_orientation_tablet=&#8221;center&#8221; text_orientation_phone=&#8221;center&#8221; text_orientation_last_edited=&#8221;on|tablet&#8221; global_colors_info=&#8221;{}&#8221;]<\/p>\n<div class=\"et_pb_module et_pb_text et_pb_text_0  et_pb_text_align_left et_pb_bg_layout_light\">\n<div class=\"et_pb_text_inner\">\n<h2><strong>W czym mo\u017cemy pom\u00f3c?<\/strong><\/h2>\n<\/div>\n<\/div>\n<p>[\/et_pb_text][\/et_pb_column][et_pb_column type=&#8221;1_2&#8243; _builder_version=&#8221;4.17.6&#8243; _module_preset=&#8221;default&#8221; global_colors_info=&#8221;{}&#8221;][\/et_pb_column][\/et_pb_row][\/et_pb_section][et_pb_section fb_built=&#8221;1&#8243; _builder_version=&#8221;4.19.2&#8243; background_color=&#8221;#c5ccd2&#8243; custom_padding=&#8221;||||false|false&#8221; global_colors_info=&#8221;{}&#8221;][et_pb_row _builder_version=&#8221;4.16&#8243; global_colors_info=&#8221;{}&#8221;][et_pb_column type=&#8221;4_4&#8243; _builder_version=&#8221;4.16&#8243; global_colors_info=&#8221;{}&#8221;][et_pb_contact_form email=&#8221;office@ort-med.com&#8221; custom_message=&#8221;Titel: %%Titel%%||et_pb_line_break_holder||Anrede: %%Anrede%%||et_pb_line_break_holder||Name: %%Name%%||et_pb_line_break_holder||Vorname: %%Vorname%%||et_pb_line_break_holder||Strasse: %%Strasse%%||et_pb_line_break_holder||PLZ: %%PLZ%%||et_pb_line_break_holder||ORT: %%ORT%%||et_pb_line_break_holder||Telefon: %%Telefon%%||et_pb_line_break_holder||Email: %%Email%%||et_pb_line_break_holder||Ultraschallsystem: %%Ultraschallsystem%%||et_pb_line_break_holder||Message: %%Message%%||et_pb_line_break_holder||Datenschutz: %%Datenschutz%%&#8221; use_redirect=&#8221;on&#8221; redirect_url=&#8221;https:\/\/www.ort-med.com\/pl\/formularz-kontaktowy\/zostal-wyslany\/&#8221; _builder_version=&#8221;4.21.0&#8243; _unique_id=&#8221;4e2a7953-818a-4ef2-b27c-d743dfbafc7c&#8221; form_field_background_color=&#8221;#f1f4f6&#8243; form_field_text_color=&#8221;#000000&#8243; form_field_focus_background_color=&#8221;#FFFFFF&#8221; form_field_focus_text_color=&#8221;#0c71c3&#8243; custom_button=&#8221;on&#8221; button_text_color=&#8221;#000000&#8243; button_border_width=&#8221;1px&#8221; hover_enabled=&#8221;0&#8243; border_width_all=&#8221;1px&#8221; border_color_all=&#8221;#000000&#8243; global_colors_info=&#8221;{}&#8221; sticky_enabled=&#8221;0&#8243;][et_pb_contact_field field_id=&#8221;Anrede&#8221; field_title=&#8221;Tytu\u0142&#8221; required_mark=&#8221;off&#8221; fullwidth_field=&#8221;on&#8221; _builder_version=&#8221;4.16&#8243; global_colors_info=&#8221;{}&#8221;][\/et_pb_contact_field][et_pb_contact_field field_id=&#8221;Name&#8221; field_title=&#8221;Nazwisko*&#8221; _builder_version=&#8221;4.16&#8243; global_colors_info=&#8221;{}&#8221; button_text_size__hover_enabled=&#8221;off&#8221; button_one_text_size__hover_enabled=&#8221;off&#8221; button_two_text_size__hover_enabled=&#8221;off&#8221; button_text_color__hover_enabled=&#8221;off&#8221; button_one_text_color__hover_enabled=&#8221;off&#8221; button_two_text_color__hover_enabled=&#8221;off&#8221; button_border_width__hover_enabled=&#8221;off&#8221; button_one_border_width__hover_enabled=&#8221;off&#8221; button_two_border_width__hover_enabled=&#8221;off&#8221; button_border_color__hover_enabled=&#8221;off&#8221; button_one_border_color__hover_enabled=&#8221;off&#8221; button_two_border_color__hover_enabled=&#8221;off&#8221; button_border_radius__hover_enabled=&#8221;off&#8221; button_one_border_radius__hover_enabled=&#8221;off&#8221; button_two_border_radius__hover_enabled=&#8221;off&#8221; button_letter_spacing__hover_enabled=&#8221;off&#8221; button_one_letter_spacing__hover_enabled=&#8221;off&#8221; button_two_letter_spacing__hover_enabled=&#8221;off&#8221; button_bg_color__hover_enabled=&#8221;off&#8221; button_one_bg_color__hover_enabled=&#8221;off&#8221; button_two_bg_color__hover_enabled=&#8221;off&#8221;][\/et_pb_contact_field][et_pb_contact_field field_id=&#8221;Vorname&#8221; field_title=&#8221;imi\u0119*&#8221; _builder_version=&#8221;4.16&#8243; global_colors_info=&#8221;{}&#8221; button_text_size__hover_enabled=&#8221;off&#8221; button_one_text_size__hover_enabled=&#8221;off&#8221; button_two_text_size__hover_enabled=&#8221;off&#8221; button_text_color__hover_enabled=&#8221;off&#8221; button_one_text_color__hover_enabled=&#8221;off&#8221; button_two_text_color__hover_enabled=&#8221;off&#8221; button_border_width__hover_enabled=&#8221;off&#8221; button_one_border_width__hover_enabled=&#8221;off&#8221; button_two_border_width__hover_enabled=&#8221;off&#8221; button_border_color__hover_enabled=&#8221;off&#8221; button_one_border_color__hover_enabled=&#8221;off&#8221; button_two_border_color__hover_enabled=&#8221;off&#8221; button_border_radius__hover_enabled=&#8221;off&#8221; button_one_border_radius__hover_enabled=&#8221;off&#8221; button_two_border_radius__hover_enabled=&#8221;off&#8221; button_letter_spacing__hover_enabled=&#8221;off&#8221; button_one_letter_spacing__hover_enabled=&#8221;off&#8221; button_two_letter_spacing__hover_enabled=&#8221;off&#8221; button_bg_color__hover_enabled=&#8221;off&#8221; button_one_bg_color__hover_enabled=&#8221;off&#8221; button_two_bg_color__hover_enabled=&#8221;off&#8221;][\/et_pb_contact_field][et_pb_contact_field field_id=&#8221;Strasse&#8221; field_title=&#8221;ulica&#8221; required_mark=&#8221;off&#8221; _builder_version=&#8221;4.16&#8243; global_colors_info=&#8221;{}&#8221;][\/et_pb_contact_field][et_pb_contact_field field_id=&#8221;PLZ&#8221; field_title=&#8221;kod pocztowy&#8221; required_mark=&#8221;off&#8221; _builder_version=&#8221;4.16&#8243; global_colors_info=&#8221;{}&#8221;][\/et_pb_contact_field][et_pb_contact_field field_id=&#8221;ORT&#8221; field_title=&#8221;Miasto&#8221; required_mark=&#8221;off&#8221; _builder_version=&#8221;4.16&#8243; global_colors_info=&#8221;{}&#8221;][\/et_pb_contact_field][et_pb_contact_field field_id=&#8221;Telefon&#8221; field_title=&#8221;Telefon*&#8221; _builder_version=&#8221;4.16&#8243; global_colors_info=&#8221;{}&#8221;][\/et_pb_contact_field][et_pb_contact_field field_id=&#8221;Email&#8221; field_title=&#8221;E-Mail*&#8221; field_type=&#8221;email&#8221; fullwidth_field=&#8221;on&#8221; _builder_version=&#8221;4.16&#8243; global_colors_info=&#8221;{}&#8221; button_text_size__hover_enabled=&#8221;off&#8221; button_one_text_size__hover_enabled=&#8221;off&#8221; button_two_text_size__hover_enabled=&#8221;off&#8221; button_text_color__hover_enabled=&#8221;off&#8221; button_one_text_color__hover_enabled=&#8221;off&#8221; button_two_text_color__hover_enabled=&#8221;off&#8221; button_border_width__hover_enabled=&#8221;off&#8221; button_one_border_width__hover_enabled=&#8221;off&#8221; button_two_border_width__hover_enabled=&#8221;off&#8221; button_border_color__hover_enabled=&#8221;off&#8221; button_one_border_color__hover_enabled=&#8221;off&#8221; button_two_border_color__hover_enabled=&#8221;off&#8221; button_border_radius__hover_enabled=&#8221;off&#8221; button_one_border_radius__hover_enabled=&#8221;off&#8221; button_two_border_radius__hover_enabled=&#8221;off&#8221; button_letter_spacing__hover_enabled=&#8221;off&#8221; button_one_letter_spacing__hover_enabled=&#8221;off&#8221; button_two_letter_spacing__hover_enabled=&#8221;off&#8221; button_bg_color__hover_enabled=&#8221;off&#8221; button_one_bg_color__hover_enabled=&#8221;off&#8221; button_two_bg_color__hover_enabled=&#8221;off&#8221;][\/et_pb_contact_field][et_pb_contact_field field_id=&#8221;Ultraschallsystem&#8221; field_title=&#8221;Aparat USG \/ g\u0142owica USG* n.p. GE Voluson E8 \/ GE RM6C-D&#8221; fullwidth_field=&#8221;on&#8221; _builder_version=&#8221;4.16&#8243; global_colors_info=&#8221;{}&#8221; button_text_size__hover_enabled=&#8221;off&#8221; button_one_text_size__hover_enabled=&#8221;off&#8221; button_two_text_size__hover_enabled=&#8221;off&#8221; button_text_color__hover_enabled=&#8221;off&#8221; button_one_text_color__hover_enabled=&#8221;off&#8221; button_two_text_color__hover_enabled=&#8221;off&#8221; button_border_width__hover_enabled=&#8221;off&#8221; button_one_border_width__hover_enabled=&#8221;off&#8221; button_two_border_width__hover_enabled=&#8221;off&#8221; button_border_color__hover_enabled=&#8221;off&#8221; button_one_border_color__hover_enabled=&#8221;off&#8221; button_two_border_color__hover_enabled=&#8221;off&#8221; button_border_radius__hover_enabled=&#8221;off&#8221; button_one_border_radius__hover_enabled=&#8221;off&#8221; button_two_border_radius__hover_enabled=&#8221;off&#8221; button_letter_spacing__hover_enabled=&#8221;off&#8221; button_one_letter_spacing__hover_enabled=&#8221;off&#8221; button_two_letter_spacing__hover_enabled=&#8221;off&#8221; button_bg_color__hover_enabled=&#8221;off&#8221; button_one_bg_color__hover_enabled=&#8221;off&#8221; button_two_bg_color__hover_enabled=&#8221;off&#8221;][\/et_pb_contact_field][et_pb_contact_field field_id=&#8221;Message&#8221; field_title=&#8221;Pa\u0144stwa pytania*&#8221; field_type=&#8221;text&#8221; fullwidth_field=&#8221;on&#8221; _builder_version=&#8221;4.16&#8243; global_colors_info=&#8221;{}&#8221; button_text_size__hover_enabled=&#8221;off&#8221; button_one_text_size__hover_enabled=&#8221;off&#8221; button_two_text_size__hover_enabled=&#8221;off&#8221; button_text_color__hover_enabled=&#8221;off&#8221; button_one_text_color__hover_enabled=&#8221;off&#8221; button_two_text_color__hover_enabled=&#8221;off&#8221; button_border_width__hover_enabled=&#8221;off&#8221; button_one_border_width__hover_enabled=&#8221;off&#8221; button_two_border_width__hover_enabled=&#8221;off&#8221; button_border_color__hover_enabled=&#8221;off&#8221; button_one_border_color__hover_enabled=&#8221;off&#8221; button_two_border_color__hover_enabled=&#8221;off&#8221; button_border_radius__hover_enabled=&#8221;off&#8221; button_one_border_radius__hover_enabled=&#8221;off&#8221; button_two_border_radius__hover_enabled=&#8221;off&#8221; button_letter_spacing__hover_enabled=&#8221;off&#8221; button_one_letter_spacing__hover_enabled=&#8221;off&#8221; button_two_letter_spacing__hover_enabled=&#8221;off&#8221; button_bg_color__hover_enabled=&#8221;off&#8221; button_one_bg_color__hover_enabled=&#8221;off&#8221; button_two_bg_color__hover_enabled=&#8221;off&#8221;][\/et_pb_contact_field][et_pb_contact_field field_id=&#8221;Datenschutz&#8221; field_title=&#8221;Polityka prywatno\u015bci*&#8221; field_type=&#8221;checkbox&#8221; checkbox_options=&#8221;%91{%22value%22:%22Wyra\u017cam zgod\u0119 na gromadzenie \/ przechowywanie moich wprowadzonych danych i adresu IP w celu przetworzenia wniosku i ewentualnych dalszych pyta\u0144. %22,%22checked%22:0,%22dragID%22:-1,%22link_url%22:%22\/pl\/polityka-prywatnosci-2\/%22,%22link_text%22:%22Polityka prywatno\u015bci%22}%93&#8243; fullwidth_field=&#8221;on&#8221; _builder_version=&#8221;4.21.0&#8243; hover_enabled=&#8221;0&#8243; global_colors_info=&#8221;{}&#8221; sticky_enabled=&#8221;0&#8243;][\/et_pb_contact_field][\/et_pb_contact_form][\/et_pb_column][\/et_pb_row][\/et_pb_section]<\/p>\n","protected":false},"excerpt":{"rendered":"<p>W czym mo\u017cemy pom\u00f3c?<\/p>\n","protected":false},"author":1,"featured_media":0,"parent":0,"menu_order":0,"comment_status":"closed","ping_status":"closed","template":"","meta":{"_et_pb_use_builder":"on","_et_pb_old_content":"","_et_gb_content_width":"","footnotes":""},"class_list":["post-3891","page","type-page","status-publish","hentry"],"yoast_head":"<!-- This site is optimized with the Yoast SEO plugin v27.5 - https:\/\/yoast.com\/product\/yoast-seo-wordpress\/ -->\n<title>Formularz kontaktowy - ORTNER<\/title>\n<meta name=\"description\" content=\"Formularz kontaktowy - Kompetentna naprawa g\u0142owic wszystkich producetn\u00f3w \u2713 Naprawa g\u0142owic przezprze\u0142ykowych \u2713 ISO:13485 \u2713 G\u0142owice zast\u0119pcze na czas naprawy \u2713 Zaoszcz\u0119d\u017a 75% ceny!\" \/>\n<meta name=\"robots\" content=\"index, follow, max-snippet:-1, max-image-preview:large, max-video-preview:-1\" \/>\n<link rel=\"canonical\" href=\"https:\/\/www.ort-med.com\/pl\/formularz-kontaktowy\/\" \/>\n<meta property=\"og:locale\" content=\"pl_PL\" \/>\n<meta property=\"og:type\" content=\"article\" \/>\n<meta property=\"og:title\" content=\"Formularz kontaktowy - ORTNER\" \/>\n<meta property=\"og:description\" content=\"Formularz kontaktowy - Kompetentna naprawa g\u0142owic wszystkich producetn\u00f3w \u2713 Naprawa g\u0142owic przezprze\u0142ykowych \u2713 ISO:13485 \u2713 G\u0142owice zast\u0119pcze na czas naprawy \u2713 Zaoszcz\u0119d\u017a 75% ceny!\" \/>\n<meta property=\"og:url\" content=\"https:\/\/www.ort-med.com\/pl\/formularz-kontaktowy\/\" \/>\n<meta property=\"og:site_name\" content=\"Ortner Medizintechnik\" \/>\n<meta property=\"article:modified_time\" content=\"2023-07-17T11:24:35+00:00\" \/>\n<meta property=\"og:image\" content=\"https:\/\/www.ort-med.com\/wp-content\/uploads\/2023\/02\/Sonografie.jpg\" \/>\n\t<meta property=\"og:image:width\" content=\"1920\" \/>\n\t<meta property=\"og:image:height\" content=\"1080\" \/>\n\t<meta property=\"og:image:type\" content=\"image\/jpeg\" \/>\n<meta name=\"twitter:card\" content=\"summary_large_image\" \/>\n<meta name=\"twitter:site\" content=\"@ortnermedical\" \/>\n<meta name=\"twitter:label1\" content=\"Szacowany czas czytania\" \/>\n\t<meta name=\"twitter:data1\" content=\"8 minut\" \/>\n<script type=\"application\/ld+json\" class=\"yoast-schema-graph\">{\"@context\":\"https:\\\/\\\/schema.org\",\"@graph\":[{\"@type\":\"WebPage\",\"@id\":\"https:\\\/\\\/www.ort-med.com\\\/pl\\\/formularz-kontaktowy\\\/\",\"url\":\"https:\\\/\\\/www.ort-med.com\\\/pl\\\/formularz-kontaktowy\\\/\",\"name\":\"Formularz kontaktowy - ORTNER\",\"isPartOf\":{\"@id\":\"https:\\\/\\\/www.ort-med.com\\\/pl\\\/#website\"},\"datePublished\":\"2020-05-27T08:49:04+00:00\",\"dateModified\":\"2023-07-17T11:24:35+00:00\",\"description\":\"Formularz kontaktowy - Kompetentna naprawa g\u0142owic wszystkich producetn\u00f3w \u2713 Naprawa g\u0142owic przezprze\u0142ykowych \u2713 ISO:13485 \u2713 G\u0142owice zast\u0119pcze na czas naprawy \u2713 Zaoszcz\u0119d\u017a 75% ceny!\",\"breadcrumb\":{\"@id\":\"https:\\\/\\\/www.ort-med.com\\\/pl\\\/formularz-kontaktowy\\\/#breadcrumb\"},\"inLanguage\":\"pl-PL\",\"potentialAction\":[{\"@type\":\"ReadAction\",\"target\":[\"https:\\\/\\\/www.ort-med.com\\\/pl\\\/formularz-kontaktowy\\\/\"]}]},{\"@type\":\"BreadcrumbList\",\"@id\":\"https:\\\/\\\/www.ort-med.com\\\/pl\\\/formularz-kontaktowy\\\/#breadcrumb\",\"itemListElement\":[{\"@type\":\"ListItem\",\"position\":1,\"name\":\"Startseite\",\"item\":\"https:\\\/\\\/www.ort-med.com\\\/pl\\\/\"},{\"@type\":\"ListItem\",\"position\":2,\"name\":\"Formularz kontaktowy\"}]},{\"@type\":\"WebSite\",\"@id\":\"https:\\\/\\\/www.ort-med.com\\\/pl\\\/#website\",\"url\":\"https:\\\/\\\/www.ort-med.com\\\/pl\\\/\",\"name\":\"ORTNER Medical Solutions\",\"description\":\"Ihre Spezialisten in Sonografie | Ultraschallsonden | Ultraschallger\u00e4te | Endoskope\",\"publisher\":{\"@id\":\"https:\\\/\\\/www.ort-med.com\\\/pl\\\/#organization\"},\"potentialAction\":[{\"@type\":\"SearchAction\",\"target\":{\"@type\":\"EntryPoint\",\"urlTemplate\":\"https:\\\/\\\/www.ort-med.com\\\/pl\\\/?s={search_term_string}\"},\"query-input\":{\"@type\":\"PropertyValueSpecification\",\"valueRequired\":true,\"valueName\":\"search_term_string\"}}],\"inLanguage\":\"pl-PL\"},{\"@type\":\"Organization\",\"@id\":\"https:\\\/\\\/www.ort-med.com\\\/pl\\\/#organization\",\"name\":\"ORTNER Medizintechnik\",\"alternateName\":\"ORTNER Medical Solutions\",\"url\":\"https:\\\/\\\/www.ort-med.com\\\/pl\\\/\",\"logo\":{\"@type\":\"ImageObject\",\"inLanguage\":\"pl-PL\",\"@id\":\"https:\\\/\\\/www.ort-med.com\\\/pl\\\/#\\\/schema\\\/logo\\\/image\\\/\",\"url\":\"https:\\\/\\\/www.ort-med.com\\\/wp-content\\\/uploads\\\/2022\\\/12\\\/Ortner-Medizintechnik-Logo.png\",\"contentUrl\":\"https:\\\/\\\/www.ort-med.com\\\/wp-content\\\/uploads\\\/2022\\\/12\\\/Ortner-Medizintechnik-Logo.png\",\"width\":1078,\"height\":360,\"caption\":\"ORTNER Medizintechnik\"},\"image\":{\"@id\":\"https:\\\/\\\/www.ort-med.com\\\/pl\\\/#\\\/schema\\\/logo\\\/image\\\/\"},\"sameAs\":[\"https:\\\/\\\/x.com\\\/ortnermedical\",\"https:\\\/\\\/www.instagram.com\\\/ortnermedizintechnik\\\/\",\"https:\\\/\\\/www.linkedin.com\\\/company\\\/ortnermedizintechnik\"]}]}<\/script>\n<!-- \/ Yoast SEO plugin. -->","yoast_head_json":{"title":"Formularz kontaktowy - ORTNER","description":"Formularz kontaktowy - Kompetentna naprawa g\u0142owic wszystkich producetn\u00f3w \u2713 Naprawa g\u0142owic przezprze\u0142ykowych \u2713 ISO:13485 \u2713 G\u0142owice zast\u0119pcze na czas naprawy \u2713 Zaoszcz\u0119d\u017a 75% ceny!","robots":{"index":"index","follow":"follow","max-snippet":"max-snippet:-1","max-image-preview":"max-image-preview:large","max-video-preview":"max-video-preview:-1"},"canonical":"https:\/\/www.ort-med.com\/pl\/formularz-kontaktowy\/","og_locale":"pl_PL","og_type":"article","og_title":"Formularz kontaktowy - ORTNER","og_description":"Formularz kontaktowy - Kompetentna naprawa g\u0142owic wszystkich producetn\u00f3w \u2713 Naprawa g\u0142owic przezprze\u0142ykowych \u2713 ISO:13485 \u2713 G\u0142owice zast\u0119pcze na czas naprawy \u2713 Zaoszcz\u0119d\u017a 75% ceny!","og_url":"https:\/\/www.ort-med.com\/pl\/formularz-kontaktowy\/","og_site_name":"Ortner Medizintechnik","article_modified_time":"2023-07-17T11:24:35+00:00","og_image":[{"width":1920,"height":1080,"url":"https:\/\/www.ort-med.com\/wp-content\/uploads\/2023\/02\/Sonografie.jpg","type":"image\/jpeg"}],"twitter_card":"summary_large_image","twitter_site":"@ortnermedical","twitter_misc":{"Szacowany czas czytania":"8 minut"},"schema":{"@context":"https:\/\/schema.org","@graph":[{"@type":"WebPage","@id":"https:\/\/www.ort-med.com\/pl\/formularz-kontaktowy\/","url":"https:\/\/www.ort-med.com\/pl\/formularz-kontaktowy\/","name":"Formularz kontaktowy - ORTNER","isPartOf":{"@id":"https:\/\/www.ort-med.com\/pl\/#website"},"datePublished":"2020-05-27T08:49:04+00:00","dateModified":"2023-07-17T11:24:35+00:00","description":"Formularz kontaktowy - Kompetentna naprawa g\u0142owic wszystkich producetn\u00f3w \u2713 Naprawa g\u0142owic przezprze\u0142ykowych \u2713 ISO:13485 \u2713 G\u0142owice zast\u0119pcze na czas naprawy \u2713 Zaoszcz\u0119d\u017a 75% ceny!","breadcrumb":{"@id":"https:\/\/www.ort-med.com\/pl\/formularz-kontaktowy\/#breadcrumb"},"inLanguage":"pl-PL","potentialAction":[{"@type":"ReadAction","target":["https:\/\/www.ort-med.com\/pl\/formularz-kontaktowy\/"]}]},{"@type":"BreadcrumbList","@id":"https:\/\/www.ort-med.com\/pl\/formularz-kontaktowy\/#breadcrumb","itemListElement":[{"@type":"ListItem","position":1,"name":"Startseite","item":"https:\/\/www.ort-med.com\/pl\/"},{"@type":"ListItem","position":2,"name":"Formularz kontaktowy"}]},{"@type":"WebSite","@id":"https:\/\/www.ort-med.com\/pl\/#website","url":"https:\/\/www.ort-med.com\/pl\/","name":"ORTNER Medical Solutions","description":"Ihre Spezialisten in Sonografie | Ultraschallsonden | Ultraschallger\u00e4te | Endoskope","publisher":{"@id":"https:\/\/www.ort-med.com\/pl\/#organization"},"potentialAction":[{"@type":"SearchAction","target":{"@type":"EntryPoint","urlTemplate":"https:\/\/www.ort-med.com\/pl\/?s={search_term_string}"},"query-input":{"@type":"PropertyValueSpecification","valueRequired":true,"valueName":"search_term_string"}}],"inLanguage":"pl-PL"},{"@type":"Organization","@id":"https:\/\/www.ort-med.com\/pl\/#organization","name":"ORTNER Medizintechnik","alternateName":"ORTNER Medical Solutions","url":"https:\/\/www.ort-med.com\/pl\/","logo":{"@type":"ImageObject","inLanguage":"pl-PL","@id":"https:\/\/www.ort-med.com\/pl\/#\/schema\/logo\/image\/","url":"https:\/\/www.ort-med.com\/wp-content\/uploads\/2022\/12\/Ortner-Medizintechnik-Logo.png","contentUrl":"https:\/\/www.ort-med.com\/wp-content\/uploads\/2022\/12\/Ortner-Medizintechnik-Logo.png","width":1078,"height":360,"caption":"ORTNER Medizintechnik"},"image":{"@id":"https:\/\/www.ort-med.com\/pl\/#\/schema\/logo\/image\/"},"sameAs":["https:\/\/x.com\/ortnermedical","https:\/\/www.instagram.com\/ortnermedizintechnik\/","https:\/\/www.linkedin.com\/company\/ortnermedizintechnik"]}]}},"_links":{"self":[{"href":"https:\/\/www.ort-med.com\/pl\/wp-json\/wp\/v2\/pages\/3891","targetHints":{"allow":["GET"]}}],"collection":[{"href":"https:\/\/www.ort-med.com\/pl\/wp-json\/wp\/v2\/pages"}],"about":[{"href":"https:\/\/www.ort-med.com\/pl\/wp-json\/wp\/v2\/types\/page"}],"author":[{"embeddable":true,"href":"https:\/\/www.ort-med.com\/pl\/wp-json\/wp\/v2\/users\/1"}],"replies":[{"embeddable":true,"href":"https:\/\/www.ort-med.com\/pl\/wp-json\/wp\/v2\/comments?post=3891"}],"version-history":[{"count":10,"href":"https:\/\/www.ort-med.com\/pl\/wp-json\/wp\/v2\/pages\/3891\/revisions"}],"predecessor-version":[{"id":259521,"href":"https:\/\/www.ort-med.com\/pl\/wp-json\/wp\/v2\/pages\/3891\/revisions\/259521"}],"wp:attachment":[{"href":"https:\/\/www.ort-med.com\/pl\/wp-json\/wp\/v2\/media?parent=3891"}],"curies":[{"name":"wp","href":"https:\/\/api.w.org\/{rel}","templated":true}]}}