{"id":258080,"date":"2023-03-23T15:00:05","date_gmt":"2023-03-23T14:00:05","guid":{"rendered":"https:\/\/www.ort-med.com\/?page_id=258080"},"modified":"2026-03-10T14:09:49","modified_gmt":"2026-03-10T13:09:49","slug":"imprima","status":"publish","type":"page","link":"https:\/\/www.ort-med.com\/ro\/imprima\/","title":{"rendered":"Imprima"},"content":{"rendered":"<p>[et_pb_section fb_built=&#8221;1&#8243; _builder_version=&#8221;4.19.2&#8243; _module_preset=&#8221;default&#8221; background_color=&#8221;#000000&#8243; background_image=&#8221;https:\/\/www.ort-med.com\/wp-content\/uploads\/2022\/12\/ISO-13485-Background_2-20221122-084019-1.png&#8221; parallax=&#8221;on&#8221; parallax_method=&#8221;off&#8221; custom_padding=&#8221;||||false|false&#8221; background_last_edited=&#8221;on|phone&#8221; background_enable_image_tablet=&#8221;off&#8221; da_disable_devices=&#8221;off|off|off&#8221; global_colors_info=&#8221;{}&#8221; da_is_popup=&#8221;off&#8221; da_exit_intent=&#8221;off&#8221; da_has_close=&#8221;on&#8221; da_alt_close=&#8221;off&#8221; da_dark_close=&#8221;off&#8221; da_not_modal=&#8221;on&#8221; da_is_singular=&#8221;off&#8221; da_with_loader=&#8221;off&#8221; da_has_shadow=&#8221;on&#8221;][et_pb_row _builder_version=&#8221;4.17.6&#8243; custom_margin=&#8221;0px|auto||auto|false|false&#8221; custom_padding=&#8221;||2px||false|false&#8221; global_colors_info=&#8221;{}&#8221;][et_pb_column type=&#8221;4_4&#8243; _builder_version=&#8221;4.16&#8243; global_colors_info=&#8221;{}&#8221;][et_pb_blurb title=&#8221;Imprima&#8221; use_icon=&#8221;on&#8221; font_icon=&#8221;&#xe056;||divi||400&#8243; icon_color=&#8221;#ffffff&#8221; image_icon_background_color=&#8221;#5fa0d7&#8243; icon_placement=&#8221;left&#8221; image_icon_width=&#8221;16px&#8221; content_max_width=&#8221;2000px&#8221; _builder_version=&#8221;4.20.2&#8243; header_level=&#8221;h1&#8243; header_font=&#8221;Aeonik Fono Regular||||||||&#8221; header_text_align=&#8221;left&#8221; header_text_color=&#8221;#FFFFFF&#8221; header_font_size=&#8221;30px&#8221; image_icon_custom_padding=&#8221;8px|8px|8px|8px|false|false&#8221; module_alignment=&#8221;left&#8221; custom_margin=&#8221;||18px|||&#8221; custom_padding=&#8221;||||false|false&#8221; border_radii_image=&#8221;on|100%|100%|100%|100%&#8221; use_circle=&#8221;on&#8221; global_colors_info=&#8221;{}&#8221; image_icon_background_color__sticky_enabled=&#8221;#004976&#8243; image_icon_background_color__sticky=&#8221;#004976&#8243;][\/et_pb_blurb][\/et_pb_column][\/et_pb_row][et_pb_row column_structure=&#8221;3_5,2_5&#8243; _builder_version=&#8221;4.17.6&#8243; _module_preset=&#8221;default&#8221; global_colors_info=&#8221;{}&#8221;][et_pb_column type=&#8221;3_5&#8243; _builder_version=&#8221;4.17.6&#8243; _module_preset=&#8221;default&#8221; global_colors_info=&#8221;{}&#8221;][et_pb_text _builder_version=&#8221;4.19.5&#8243; _module_preset=&#8221;default&#8221; text_font=&#8221;Aeonik Fono Regular|700|||||||&#8221; text_text_color=&#8221;#FFFFFF&#8221; text_font_size=&#8221;26px&#8221; text_line_height=&#8221;1.2em&#8221; header_2_font=&#8221;Aeonik Pro Regular|600|||||||&#8221; header_2_text_color=&#8221;#5fa0d7&#8243; header_2_font_size=&#8221;60px&#8221; header_2_font_size_tablet=&#8221;50px&#8221; header_2_font_size_phone=&#8221;40px&#8221; header_2_font_size_last_edited=&#8221;on|phone&#8221; global_colors_info=&#8221;{}&#8221;]<\/p>\n<h2>Ortner Medizintechnik<\/h2>\n<p>[\/et_pb_text][et_pb_image src=&#8221;https:\/\/www.ort-med.com\/wp-content\/uploads\/2022\/12\/ecg.webp&#8221; title_text=&#8221;ecg&#8221; url=&#8221;https:\/\/www.wkoecg.at\/Ecg.aspx?FirmaID=4cda4116-415b-4441-ae4e-8739475567cb&#8221; url_new_window=&#8221;on&#8221; _builder_version=&#8221;4.17.6&#8243; _module_preset=&#8221;default&#8221; global_colors_info=&#8221;{}&#8221;][\/et_pb_image][\/et_pb_column][et_pb_column type=&#8221;2_5&#8243; _builder_version=&#8221;4.17.6&#8243; _module_preset=&#8221;default&#8221; global_colors_info=&#8221;{}&#8221;][\/et_pb_column][\/et_pb_row][\/et_pb_section][et_pb_section fb_built=&#8221;1&#8243; _builder_version=&#8221;4.17.6&#8243; _module_preset=&#8221;default&#8221; background_color=&#8221;#f1f4f6&#8243; custom_margin=&#8221;||||false|false&#8221; custom_padding=&#8221;10px||10px||false|false&#8221; da_disable_devices=&#8221;off|off|off&#8221; global_colors_info=&#8221;{}&#8221; da_is_popup=&#8221;off&#8221; da_exit_intent=&#8221;off&#8221; da_has_close=&#8221;on&#8221; da_alt_close=&#8221;off&#8221; da_dark_close=&#8221;off&#8221; da_not_modal=&#8221;on&#8221; da_is_singular=&#8221;off&#8221; da_with_loader=&#8221;off&#8221; da_has_shadow=&#8221;on&#8221;][et_pb_row _builder_version=&#8221;4.17.6&#8243; _module_preset=&#8221;default&#8221; global_colors_info=&#8221;{}&#8221;][et_pb_column type=&#8221;4_4&#8243; _builder_version=&#8221;4.17.6&#8243; _module_preset=&#8221;default&#8221; global_colors_info=&#8221;{}&#8221;][et_pb_text _builder_version=&#8221;4.23.4&#8243; _module_preset=&#8221;default&#8221; header_3_font_size=&#8221;25px&#8221; global_colors_info=&#8221;{}&#8221;]<\/p>\n<h3>Caseta a lucr\u0103rii:<\/h3>\n<p style=\"font-weight: 400;\">Strauchweg 26<br \/>A-8501\u00a0Lieboch<\/p>\n<p style=\"font-weight: 400;\"><b><strong>Sediu:<\/strong><\/b> <a href=\"tel:0313662155\">03136 62155<\/a><\/p>\n<p style=\"font-weight: 400;\"><b><strong>E-Mail:<\/strong><\/b> <a href=\"mailto:office@ort-med.com\">office@ort-med.com<\/a><\/p>\n<p style=\"font-weight: 400;\"><b><strong>Numele companiei: <\/strong><\/b>Ortner Medizintechnik\u00a0e.U.<\/p>\n<p style=\"font-weight: 400;\"><b><strong>Num\u0103r de \u00eenregistrare al companiei: <\/strong><\/b>403110i<\/p>\n<p style=\"font-weight: 400;\"><b><strong>CIF: <\/strong><\/b>ATU65728938<\/p>\n<p style=\"font-weight: 400;\"><b><strong>Autoritate conform ECG (Legea comer\u021bului electronic):<\/strong><\/b> Autoritatea regional\u0103 Graz-Umgebung<\/p>\n<p>Informa\u021bii conform 5 Legea comer\u021bului electronic<\/p>\n<p>Termeni \u0219i Condi\u021bii<\/p>\n<p>Politica de confiden\u021bialitate<\/p>\n<p>Consumatorii au op\u021biunea de a depune reclama\u021bii pe platforma online de solu\u021bionare a litigiilor a UE Direct: http:\/\/ec.europa.eu\/odr. Toate reclama\u021biile pot fi trimise la adresa de e-mail de mai sus.<\/p>\n<p>&nbsp;<\/p>\n<p>[\/et_pb_text][\/et_pb_column][\/et_pb_row][\/et_pb_section][et_pb_section fb_built=&#8221;1&#8243; _builder_version=&#8221;4.17.6&#8243; _module_preset=&#8221;default&#8221; background_color=&#8221;#c5ccd2&#8243; custom_padding=&#8221;10px||10px||false|false&#8221; da_disable_devices=&#8221;off|off|off&#8221; global_colors_info=&#8221;{}&#8221; da_is_popup=&#8221;off&#8221; da_exit_intent=&#8221;off&#8221; da_has_close=&#8221;on&#8221; da_alt_close=&#8221;off&#8221; da_dark_close=&#8221;off&#8221; da_not_modal=&#8221;on&#8221; da_is_singular=&#8221;off&#8221; da_with_loader=&#8221;off&#8221; da_has_shadow=&#8221;on&#8221;][et_pb_row _builder_version=&#8221;4.17.6&#8243; _module_preset=&#8221;default&#8221; global_colors_info=&#8221;{}&#8221;][et_pb_column type=&#8221;4_4&#8243; _builder_version=&#8221;4.17.6&#8243; _module_preset=&#8221;default&#8221; global_colors_info=&#8221;{}&#8221;][et_pb_text _builder_version=&#8221;4.27.6&#8243; header_3_font_size=&#8221;25px&#8221; hover_enabled=&#8221;0&#8243; global_colors_info=&#8221;{}&#8221; sticky_enabled=&#8221;0&#8243;]<\/p>\n<p><strong>Disclaimer:<\/strong><\/p>\n<p>\u00cen ciuda controlului atent al con\u021binutului, nu ne asum\u0103m nicio responsabilitate pentru con\u021binutul link-urilor externe.<\/p>\n<p>Operatorii paginilor legate sunt singurii responsabili pentru con\u021binutul acestora.<\/p>\n<p>Copyright 2026 de c\u0103tre Ortner Medizintechnik e.U., toate drepturile rezervate.<\/p>\n<p><strong>Credit foto:<\/strong><\/p>\n<p>Ortner Medizintechnik e.U.<\/p>\n<p>Shutterstock<\/p>\n<p>[\/et_pb_text][\/et_pb_column][\/et_pb_row][\/et_pb_section]<\/p>\n","protected":false},"excerpt":{"rendered":"<p>Ortner Medizintechnik Caseta a lucr\u0103rii: Strauchweg 26A-8501\u00a0Lieboch Sediu: 03136 62155 E-Mail: office@ort-med.com Numele companiei: Ortner Medizintechnik\u00a0e.U. Num\u0103r de \u00eenregistrare al companiei: 403110i CIF: ATU65728938 Autoritate conform ECG (Legea comer\u021bului electronic): Autoritatea regional\u0103 Graz-Umgebung Informa\u021bii conform 5 Legea comer\u021bului electronic Termeni \u0219i Condi\u021bii Politica de confiden\u021bialitate Consumatorii au op\u021biunea de a depune reclama\u021bii pe platforma online [&hellip;]<\/p>\n","protected":false},"author":1,"featured_media":0,"parent":0,"menu_order":0,"comment_status":"closed","ping_status":"closed","template":"","meta":{"_et_pb_use_builder":"on","_et_pb_old_content":"<p>[et_pb_section fb_built=\"1\" _builder_version=\"4.19.2\" _module_preset=\"default\" background_color=\"#000000\" background_image=\"https:\/\/www.ort-med.com\/wp-content\/uploads\/2022\/12\/ISO-13485-Background_2-20221122-084019-1.png\" parallax=\"on\" parallax_method=\"off\" custom_padding=\"||||false|false\" background_last_edited=\"on|phone\" background_enable_image_tablet=\"off\" global_colors_info=\"{}\"][et_pb_row _builder_version=\"4.17.6\" custom_margin=\"0px|auto||auto|false|false\" custom_padding=\"||2px||false|false\" global_colors_info=\"{}\"][et_pb_column type=\"4_4\" _builder_version=\"4.16\" global_colors_info=\"{}\"][et_pb_blurb title=\"Impressum\" use_icon=\"on\" font_icon=\"\ue056||divi||400\" icon_color=\"#ffffff\" image_icon_background_color=\"#5fa0d7\" icon_placement=\"left\" image_icon_width=\"16px\" content_max_width=\"2000px\" _builder_version=\"4.17.6\" header_level=\"h1\" header_font=\"Aeonik Fono Regular||||||||\" header_text_align=\"left\" header_text_color=\"#FFFFFF\" header_font_size=\"30px\" image_icon_custom_padding=\"8px|8px|8px|8px|false|false\" module_alignment=\"left\" custom_margin=\"||18px|||\" custom_padding=\"||||false|false\" border_radii_image=\"on|100%|100%|100%|100%\" use_circle=\"on\" global_colors_info=\"{}\" image_icon_background_color__sticky_enabled=\"#004976\" image_icon_background_color__sticky=\"#004976\"][\/et_pb_blurb][et_pb_code _builder_version=\"4.16\" _module_preset=\"default\" custom_margin=\"-8px|||||\" global_colors_info=\"{}\"]<script type=\"application\/ld+json\"><!-- [et_pb_line_break_holder] -->{<!-- [et_pb_line_break_holder] -->  \"@context\": \"https:\/\/schema.org\",<!-- [et_pb_line_break_holder] -->  \"@type\": \"FAQPage\",<!-- [et_pb_line_break_holder] -->  \"mainEntity\": [{<!-- [et_pb_line_break_holder] -->    \"@type\": \"Question\",<!-- [et_pb_line_break_holder] -->    \"name\": \"Welche Vorteile bietet eine Sondenreparatur?\",<!-- [et_pb_line_break_holder] -->    \"acceptedAnswer\": {<!-- [et_pb_line_break_holder] -->      \"@type\": \"Answer\",<!-- [et_pb_line_break_holder] -->      \"text\": \"Eine defekte Sonde muss nicht immer ausgetauscht werden. Durch die Reparatur kann eine erhebliche Kostenersparnis erzielt werden. Eine umfassende Eingangsanalyse ist die Basis f\u00fcr eine erfolgreiche Reparatur Ihrer Sonde. Durch die rechtzeitige Analyse k\u00f6nnen Sch\u00e4den entdeckt werden bevor diese zu kostspieligen Reparaturen f\u00fchren.\"<!-- [et_pb_line_break_holder] -->    }<!-- [et_pb_line_break_holder] -->  },{<!-- [et_pb_line_break_holder] -->    \"@type\": \"Question\",<!-- [et_pb_line_break_holder] -->    \"name\": \"Welche Sonden-Typen k\u00f6nnen repariert werden?\",<!-- [et_pb_line_break_holder] -->    \"acceptedAnswer\": {<!-- [et_pb_line_break_holder] -->      \"@type\": \"Answer\",<!-- [et_pb_line_break_holder] -->      \"text\": \"In unserem Labor reparieren wir Standard Sonden (Curved-, Linear- und Phased Array), 3D \/ 4D Volumensonden sowie TEE Sonden aller Typen und Hersteller.\"<!-- [et_pb_line_break_holder] -->    }<!-- [et_pb_line_break_holder] -->  },{<!-- [et_pb_line_break_holder] -->    \"@type\": \"Question\",<!-- [et_pb_line_break_holder] -->    \"name\": \"Welche Reparaturen k\u00f6nnen durchgef\u00fchrt werden?\",<!-- [et_pb_line_break_holder] -->    \"acceptedAnswer\": {<!-- [et_pb_line_break_holder] -->      \"@type\": \"Answer\",<!-- [et_pb_line_break_holder] -->      \"text\": \"H\u00e4ufige Defekte welche Repariert werden k\u00f6nnen sind Erneuerung der Linsenbeschichtung, Kabelknickschutz, Konnektor-Reparatur, Kabelaustausch und Kabelreparatur, Austausch Bending Rubber, Erneuerung \/ Austausch IT-Beschichtung uvm. Die Reparaturm\u00f6glichkeiten k\u00f6nnen je nach Sondentyp variieren.\"<!-- [et_pb_line_break_holder] -->    }<!-- [et_pb_line_break_holder] -->  },{<!-- [et_pb_line_break_holder] -->    \"@type\": \"Question\",<!-- [et_pb_line_break_holder] -->    \"name\": \"Wie lange dauert eine Sonden Reparatur?\",<!-- [et_pb_line_break_holder] -->    \"acceptedAnswer\": {<!-- [et_pb_line_break_holder] -->      \"@type\": \"Answer\",<!-- [et_pb_line_break_holder] -->      \"text\": \"Je nach Defekt ben\u00f6tigen wir f\u00fcr die Reparatur Ihrer Ultraschallsonde zwischen 2 \u2013 5 Werktage.\"<!-- [et_pb_line_break_holder] -->    }<!-- [et_pb_line_break_holder] -->  }]<!-- [et_pb_line_break_holder] -->}<!-- [et_pb_line_break_holder] --><\/script>[\/et_pb_code][\/et_pb_column][\/et_pb_row][et_pb_row column_structure=\"3_5,2_5\" _builder_version=\"4.17.6\" _module_preset=\"default\" global_colors_info=\"{}\"][et_pb_column type=\"3_5\" _builder_version=\"4.17.6\" _module_preset=\"default\" global_colors_info=\"{}\"][et_pb_text _builder_version=\"4.19.5\" _module_preset=\"default\" text_font=\"Aeonik Fono Regular|700|||||||\" text_text_color=\"#FFFFFF\" text_font_size=\"26px\" text_line_height=\"1.2em\" header_2_font=\"Aeonik Pro Regular|600|||||||\" header_2_text_color=\"#5fa0d7\" header_2_font_size=\"60px\" hover_enabled=\"0\" header_2_font_size_tablet=\"50px\" header_2_font_size_phone=\"40px\" header_2_font_size_last_edited=\"on|phone\" global_colors_info=\"{}\" sticky_enabled=\"0\"]<\/p><h2>Ortner Medizintechnik<\/h2><p>[\/et_pb_text][et_pb_image src=\"https:\/\/www.ort-med.com\/wp-content\/uploads\/2022\/12\/ecg.webp\" title_text=\"ecg\" url=\"https:\/\/www.wkoecg.at\/Ecg.aspx?FirmaID=4cda4116-415b-4441-ae4e-8739475567cb\" url_new_window=\"on\" _builder_version=\"4.17.6\" _module_preset=\"default\" global_colors_info=\"{}\"][\/et_pb_image][\/et_pb_column][et_pb_column type=\"2_5\" _builder_version=\"4.17.6\" _module_preset=\"default\" global_colors_info=\"{}\"][\/et_pb_column][\/et_pb_row][\/et_pb_section][et_pb_section fb_built=\"1\" _builder_version=\"4.17.6\" _module_preset=\"default\" background_color=\"#f1f4f6\" custom_margin=\"||||false|false\" custom_padding=\"10px||10px||false|false\" global_colors_info=\"{}\"][et_pb_row _builder_version=\"4.17.6\" _module_preset=\"default\" global_colors_info=\"{}\"][et_pb_column type=\"4_4\" _builder_version=\"4.17.6\" _module_preset=\"default\" global_colors_info=\"{}\"][et_pb_text _builder_version=\"4.17.6\" _module_preset=\"default\" header_3_font_size=\"25px\" global_colors_info=\"{}\"]<\/p><h3>Firmensitz:<\/h3><p style=\"font-weight: 400;\">Strauchweg 26 TOP 1-3<br \/>A-8501\u00a0Lieboch<\/p><p style=\"font-weight: 400;\"><b><strong>Telefon:<\/strong><\/b> <a href=\"tel:0313662155\">03136 62155<\/a>\u00a0<\/p><p style=\"font-weight: 400;\"><b><strong>E-Mail:<\/strong><\/b> <a href=\"mailto:office@ort-med.com\">office@ort-med.com<\/a><\/p><p style=\"font-weight: 400;\"><b><strong>Firmenname: <\/strong><\/b>Ortner Medizintechnik\u00a0e.U.<\/p><p style=\"font-weight: 400;\"><b><strong>Firmenbuchnummer: <\/strong><\/b>403110i<\/p><p style=\"font-weight: 400;\"><b><strong>UID: <\/strong><\/b>ATU65728938<\/p><p style=\"font-weight: 400;\"><b><strong>Beh\u00f6rde gem. ECG (E-Commerce Gesetz):<\/strong><\/b>\u00a0Bezirkshauptmannschaft Graz-Umgebung<\/p><p style=\"font-weight: 400;\"><a href=\"https:\/\/www.wkoecg.at\/Web\/Ecg.aspx?FirmaID=051fe2fe-0982-476b-b3da-c016871a240e\">Information lt. \u00a75 E-Commerce Gesetz<\/a><\/p><p style=\"font-weight: 400;\"><a href=\"https:\/\/www.ort-med.com\/_lccms_\/_00798\/Sonographisches-System.htm?VER=180524132851&MID=77&LANG=ger\">Allgemeine Gesch\u00e4ftsbedingungen<\/a><\/p><p style=\"font-weight: 400;\"><a href=\"https:\/\/www.ort-med.com\/_lccms_\/_00884\/Datenschutz.htm?VER=180830070532&MID=165&LANG=ger\">Datenschutzhinweise<\/a><\/p><p style=\"font-weight: 400;\">Verbraucher haben die M\u00f6glichkeit, Beschwerden an die Online Streitbeilegungsplattform der EU zu<br \/>richten: <a href=\"http:\/\/ec.europa.eu\/odr\">http:\/\/ec.europa.eu\/odr<\/a>. Sie k\u00f6nnen allf\u00e4llige Beschwerde auch an die oben angegebene E-Mail-Adresse richten.<\/p><p>[\/et_pb_text][\/et_pb_column][\/et_pb_row][\/et_pb_section][et_pb_section fb_built=\"1\" _builder_version=\"4.17.6\" _module_preset=\"default\" background_color=\"#c5ccd2\" custom_padding=\"10px||10px||false|false\" global_colors_info=\"{}\"][et_pb_row _builder_version=\"4.17.6\" _module_preset=\"default\" global_colors_info=\"{}\"][et_pb_column type=\"4_4\" _builder_version=\"4.17.6\" _module_preset=\"default\" global_colors_info=\"{}\"][et_pb_text _builder_version=\"4.17.6\" header_3_font_size=\"25px\" global_colors_info=\"{}\"]<\/p><h3>Haftungshinweis:<\/h3><p style=\"font-weight: 400;\">Trotz sorgf\u00e4ltiger inhaltlicher Kontrolle \u00fcbernehmen wir keine Haftung f\u00fcr die Inhalte externer Links.<\/p><p style=\"font-weight: 400;\">F\u00fcr den Inhalt der verlinkten Seiten sind ausschlie\u00dflich deren Betreiber verantwortlich.<\/p><p style=\"font-weight: 400;\">Copyright \u00a9 2023\u00a0by\u00a0Ortner Medizintechnik\u00a0e.U.,\u00a0Alle Rechte vorbehalten.<\/p><p style=\"font-weight: 400;\">Bildnachweis:<\/p><p style=\"font-weight: 400;\">\u00a9 Ortner Medizintechnik\u00a0e.U.<\/p><p>[\/et_pb_text][\/et_pb_column][\/et_pb_row][\/et_pb_section]<\/p><p style=\"font-weight: 400;\">\u00a0<\/p>","_et_gb_content_width":"","footnotes":""},"class_list":["post-258080","page","type-page","status-publish","hentry"],"yoast_head":"<!-- This site is optimized with the Yoast SEO plugin v27.5 - https:\/\/yoast.com\/product\/yoast-seo-wordpress\/ -->\n<title>Imprima | Ortner Medizintechnik<\/title>\n<meta name=\"description\" content=\"Amprenta site-ului web al Ortner Medizintechnik e.U\" \/>\n<meta name=\"robots\" content=\"index, follow, max-snippet:-1, max-image-preview:large, max-video-preview:-1\" \/>\n<link rel=\"canonical\" href=\"https:\/\/www.ort-med.com\/ro\/imprima\/\" \/>\n<meta property=\"og:locale\" content=\"ro_RO\" \/>\n<meta property=\"og:type\" content=\"article\" \/>\n<meta property=\"og:title\" content=\"Imprima | Ortner Medizintechnik\" \/>\n<meta property=\"og:description\" content=\"Amprenta site-ului web al Ortner Medizintechnik e.U\" \/>\n<meta property=\"og:url\" content=\"https:\/\/www.ort-med.com\/ro\/imprima\/\" \/>\n<meta property=\"og:site_name\" content=\"Ortner Medizintechnik\" \/>\n<meta property=\"article:modified_time\" content=\"2026-03-10T13:09:49+00:00\" \/>\n<meta property=\"og:image\" content=\"https:\/\/www.ort-med.com\/wp-content\/uploads\/2023\/02\/Sonografie.jpg\" \/>\n\t<meta property=\"og:image:width\" content=\"1920\" \/>\n\t<meta property=\"og:image:height\" content=\"1080\" \/>\n\t<meta property=\"og:image:type\" content=\"image\/jpeg\" \/>\n<meta name=\"twitter:card\" content=\"summary_large_image\" \/>\n<meta name=\"twitter:site\" content=\"@ortnermedical\" \/>\n<meta name=\"twitter:label1\" content=\"Timp estimat pentru citire\" \/>\n\t<meta name=\"twitter:data1\" content=\"2 minute\" \/>\n<script type=\"application\/ld+json\" class=\"yoast-schema-graph\">{\"@context\":\"https:\\\/\\\/schema.org\",\"@graph\":[{\"@type\":\"WebPage\",\"@id\":\"https:\\\/\\\/www.ort-med.com\\\/ro\\\/imprima\\\/\",\"url\":\"https:\\\/\\\/www.ort-med.com\\\/ro\\\/imprima\\\/\",\"name\":\"Imprima | Ortner Medizintechnik\",\"isPartOf\":{\"@id\":\"https:\\\/\\\/www.ort-med.com\\\/ro\\\/#website\"},\"datePublished\":\"2023-03-23T14:00:05+00:00\",\"dateModified\":\"2026-03-10T13:09:49+00:00\",\"description\":\"Amprenta site-ului web al Ortner Medizintechnik e.U\",\"breadcrumb\":{\"@id\":\"https:\\\/\\\/www.ort-med.com\\\/ro\\\/imprima\\\/#breadcrumb\"},\"inLanguage\":\"ro-RO\",\"potentialAction\":[{\"@type\":\"ReadAction\",\"target\":[\"https:\\\/\\\/www.ort-med.com\\\/ro\\\/imprima\\\/\"]}]},{\"@type\":\"BreadcrumbList\",\"@id\":\"https:\\\/\\\/www.ort-med.com\\\/ro\\\/imprima\\\/#breadcrumb\",\"itemListElement\":[{\"@type\":\"ListItem\",\"position\":1,\"name\":\"Startseite\",\"item\":\"https:\\\/\\\/www.ort-med.com\\\/ro\\\/\"},{\"@type\":\"ListItem\",\"position\":2,\"name\":\"Imprima\"}]},{\"@type\":\"WebSite\",\"@id\":\"https:\\\/\\\/www.ort-med.com\\\/ro\\\/#website\",\"url\":\"https:\\\/\\\/www.ort-med.com\\\/ro\\\/\",\"name\":\"ORTNER Medical Solutions\",\"description\":\"Ihre Spezialisten in Sonografie | Ultraschallsonden | Ultraschallger\u00e4te | Endoskope\",\"publisher\":{\"@id\":\"https:\\\/\\\/www.ort-med.com\\\/ro\\\/#organization\"},\"potentialAction\":[{\"@type\":\"SearchAction\",\"target\":{\"@type\":\"EntryPoint\",\"urlTemplate\":\"https:\\\/\\\/www.ort-med.com\\\/ro\\\/?s={search_term_string}\"},\"query-input\":{\"@type\":\"PropertyValueSpecification\",\"valueRequired\":true,\"valueName\":\"search_term_string\"}}],\"inLanguage\":\"ro-RO\"},{\"@type\":\"Organization\",\"@id\":\"https:\\\/\\\/www.ort-med.com\\\/ro\\\/#organization\",\"name\":\"ORTNER Medizintechnik\",\"alternateName\":\"ORTNER Medical Solutions\",\"url\":\"https:\\\/\\\/www.ort-med.com\\\/ro\\\/\",\"logo\":{\"@type\":\"ImageObject\",\"inLanguage\":\"ro-RO\",\"@id\":\"https:\\\/\\\/www.ort-med.com\\\/ro\\\/#\\\/schema\\\/logo\\\/image\\\/\",\"url\":\"https:\\\/\\\/www.ort-med.com\\\/wp-content\\\/uploads\\\/2022\\\/12\\\/Ortner-Medizintechnik-Logo.png\",\"contentUrl\":\"https:\\\/\\\/www.ort-med.com\\\/wp-content\\\/uploads\\\/2022\\\/12\\\/Ortner-Medizintechnik-Logo.png\",\"width\":1078,\"height\":360,\"caption\":\"ORTNER Medizintechnik\"},\"image\":{\"@id\":\"https:\\\/\\\/www.ort-med.com\\\/ro\\\/#\\\/schema\\\/logo\\\/image\\\/\"},\"sameAs\":[\"https:\\\/\\\/x.com\\\/ortnermedical\",\"https:\\\/\\\/www.instagram.com\\\/ortnermedizintechnik\\\/\",\"https:\\\/\\\/www.linkedin.com\\\/company\\\/ortnermedizintechnik\"]}]}<\/script>\n<!-- \/ Yoast SEO plugin. -->","yoast_head_json":{"title":"Imprima | Ortner Medizintechnik","description":"Amprenta site-ului web al Ortner Medizintechnik e.U","robots":{"index":"index","follow":"follow","max-snippet":"max-snippet:-1","max-image-preview":"max-image-preview:large","max-video-preview":"max-video-preview:-1"},"canonical":"https:\/\/www.ort-med.com\/ro\/imprima\/","og_locale":"ro_RO","og_type":"article","og_title":"Imprima | Ortner Medizintechnik","og_description":"Amprenta site-ului web al Ortner Medizintechnik e.U","og_url":"https:\/\/www.ort-med.com\/ro\/imprima\/","og_site_name":"Ortner Medizintechnik","article_modified_time":"2026-03-10T13:09:49+00:00","og_image":[{"width":1920,"height":1080,"url":"https:\/\/www.ort-med.com\/wp-content\/uploads\/2023\/02\/Sonografie.jpg","type":"image\/jpeg"}],"twitter_card":"summary_large_image","twitter_site":"@ortnermedical","twitter_misc":{"Timp estimat pentru citire":"2 minute"},"schema":{"@context":"https:\/\/schema.org","@graph":[{"@type":"WebPage","@id":"https:\/\/www.ort-med.com\/ro\/imprima\/","url":"https:\/\/www.ort-med.com\/ro\/imprima\/","name":"Imprima | Ortner Medizintechnik","isPartOf":{"@id":"https:\/\/www.ort-med.com\/ro\/#website"},"datePublished":"2023-03-23T14:00:05+00:00","dateModified":"2026-03-10T13:09:49+00:00","description":"Amprenta site-ului web al Ortner Medizintechnik e.U","breadcrumb":{"@id":"https:\/\/www.ort-med.com\/ro\/imprima\/#breadcrumb"},"inLanguage":"ro-RO","potentialAction":[{"@type":"ReadAction","target":["https:\/\/www.ort-med.com\/ro\/imprima\/"]}]},{"@type":"BreadcrumbList","@id":"https:\/\/www.ort-med.com\/ro\/imprima\/#breadcrumb","itemListElement":[{"@type":"ListItem","position":1,"name":"Startseite","item":"https:\/\/www.ort-med.com\/ro\/"},{"@type":"ListItem","position":2,"name":"Imprima"}]},{"@type":"WebSite","@id":"https:\/\/www.ort-med.com\/ro\/#website","url":"https:\/\/www.ort-med.com\/ro\/","name":"ORTNER Medical Solutions","description":"Ihre Spezialisten in Sonografie | Ultraschallsonden | Ultraschallger\u00e4te | Endoskope","publisher":{"@id":"https:\/\/www.ort-med.com\/ro\/#organization"},"potentialAction":[{"@type":"SearchAction","target":{"@type":"EntryPoint","urlTemplate":"https:\/\/www.ort-med.com\/ro\/?s={search_term_string}"},"query-input":{"@type":"PropertyValueSpecification","valueRequired":true,"valueName":"search_term_string"}}],"inLanguage":"ro-RO"},{"@type":"Organization","@id":"https:\/\/www.ort-med.com\/ro\/#organization","name":"ORTNER Medizintechnik","alternateName":"ORTNER Medical Solutions","url":"https:\/\/www.ort-med.com\/ro\/","logo":{"@type":"ImageObject","inLanguage":"ro-RO","@id":"https:\/\/www.ort-med.com\/ro\/#\/schema\/logo\/image\/","url":"https:\/\/www.ort-med.com\/wp-content\/uploads\/2022\/12\/Ortner-Medizintechnik-Logo.png","contentUrl":"https:\/\/www.ort-med.com\/wp-content\/uploads\/2022\/12\/Ortner-Medizintechnik-Logo.png","width":1078,"height":360,"caption":"ORTNER Medizintechnik"},"image":{"@id":"https:\/\/www.ort-med.com\/ro\/#\/schema\/logo\/image\/"},"sameAs":["https:\/\/x.com\/ortnermedical","https:\/\/www.instagram.com\/ortnermedizintechnik\/","https:\/\/www.linkedin.com\/company\/ortnermedizintechnik"]}]}},"_links":{"self":[{"href":"https:\/\/www.ort-med.com\/ro\/wp-json\/wp\/v2\/pages\/258080","targetHints":{"allow":["GET"]}}],"collection":[{"href":"https:\/\/www.ort-med.com\/ro\/wp-json\/wp\/v2\/pages"}],"about":[{"href":"https:\/\/www.ort-med.com\/ro\/wp-json\/wp\/v2\/types\/page"}],"author":[{"embeddable":true,"href":"https:\/\/www.ort-med.com\/ro\/wp-json\/wp\/v2\/users\/1"}],"replies":[{"embeddable":true,"href":"https:\/\/www.ort-med.com\/ro\/wp-json\/wp\/v2\/comments?post=258080"}],"version-history":[{"count":7,"href":"https:\/\/www.ort-med.com\/ro\/wp-json\/wp\/v2\/pages\/258080\/revisions"}],"predecessor-version":[{"id":265467,"href":"https:\/\/www.ort-med.com\/ro\/wp-json\/wp\/v2\/pages\/258080\/revisions\/265467"}],"wp:attachment":[{"href":"https:\/\/www.ort-med.com\/ro\/wp-json\/wp\/v2\/media?parent=258080"}],"curies":[{"name":"wp","href":"https:\/\/api.w.org\/{rel}","templated":true}]}}