{"id":258103,"date":"2023-03-24T08:48:33","date_gmt":"2023-03-24T07:48:33","guid":{"rendered":"https:\/\/www.ort-med.com\/?page_id=258103"},"modified":"2023-03-31T09:43:42","modified_gmt":"2023-03-31T07:43:42","slug":"termeni-si-conditii-generale-de-afaceri","status":"publish","type":"page","link":"https:\/\/www.ort-med.com\/ro\/termeni-si-conditii-generale-de-afaceri\/","title":{"rendered":"Termeni \u0219i condi\u021bii"},"content":{"rendered":"<p>[et_pb_section fb_built=&#8221;1&#8243; _builder_version=&#8221;4.19.2&#8243; _module_preset=&#8221;default&#8221; background_color=&#8221;#000000&#8243; background_image=&#8221;https:\/\/www.ort-med.com\/wp-content\/uploads\/2022\/12\/ISO-13485-Background_2-20221122-084019-1.png&#8221; parallax=&#8221;on&#8221; parallax_method=&#8221;off&#8221; custom_padding=&#8221;||||false|false&#8221; background_last_edited=&#8221;on|phone&#8221; background_enable_image_tablet=&#8221;off&#8221; global_colors_info=&#8221;{}&#8221;][et_pb_row _builder_version=&#8221;4.17.6&#8243; custom_margin=&#8221;0px|auto||auto|false|false&#8221; custom_padding=&#8221;||2px||false|false&#8221; global_colors_info=&#8221;{}&#8221;][et_pb_column type=&#8221;4_4&#8243; _builder_version=&#8221;4.16&#8243; global_colors_info=&#8221;{}&#8221;][et_pb_blurb title=&#8221;Termeni \u0219i condi\u021bii generale de afaceri&#8221; use_icon=&#8221;on&#8221; font_icon=&#8221;&#x70;||divi||400&#8243; icon_color=&#8221;#ffffff&#8221; image_icon_background_color=&#8221;#5fa0d7&#8243; icon_placement=&#8221;left&#8221; image_icon_width=&#8221;16px&#8221; content_max_width=&#8221;2000px&#8221; _builder_version=&#8221;4.20.2&#8243; header_level=&#8221;h1&#8243; header_font=&#8221;Aeonik Fono Regular||||||||&#8221; header_text_align=&#8221;left&#8221; header_text_color=&#8221;#FFFFFF&#8221; header_font_size=&#8221;30px&#8221; image_icon_custom_padding=&#8221;8px|8px|8px|8px|false|false&#8221; module_alignment=&#8221;left&#8221; custom_margin=&#8221;||18px|||&#8221; custom_padding=&#8221;||||false|false&#8221; border_radii_image=&#8221;on|100%|100%|100%|100%&#8221; use_circle=&#8221;on&#8221; global_colors_info=&#8221;{}&#8221; image_icon_background_color__sticky_enabled=&#8221;#004976&#8243; image_icon_background_color__sticky=&#8221;#004976&#8243;][\/et_pb_blurb][\/et_pb_column][\/et_pb_row][et_pb_row column_structure=&#8221;1_2,1_2&#8243; _builder_version=&#8221;4.17.6&#8243; _module_preset=&#8221;default&#8221; global_colors_info=&#8221;{}&#8221;][et_pb_column type=&#8221;1_2&#8243; _builder_version=&#8221;4.17.6&#8243; _module_preset=&#8221;default&#8221; global_colors_info=&#8221;{}&#8221;][et_pb_text _builder_version=&#8221;4.17.6&#8243; _module_preset=&#8221;default&#8221; text_font=&#8221;Aeonik Fono Regular||||||||&#8221; text_text_color=&#8221;#FFFFFF&#8221; text_font_size=&#8221;26px&#8221; text_line_height=&#8221;1.2em&#8221; text_font_size_tablet=&#8221;24px&#8221; text_font_size_phone=&#8221;22px&#8221; text_font_size_last_edited=&#8221;on|phone&#8221; global_colors_info=&#8221;{}&#8221;]General Terms and Conditions (GTC) of Ortner Medizintechnik e.U.:<br \/>\n[\/et_pb_text][et_pb_button button_url=&#8221;\/wp-content\/uploads\/2022\/12\/AGB-ab-2023-Englisch.pdf&#8221; button_text=&#8221;GTC English.pdf&#8221; _builder_version=&#8221;4.19.2&#8243; _module_preset=&#8221;default&#8221; custom_margin=&#8221;||50px|||&#8221; global_colors_info=&#8221;{}&#8221;][\/et_pb_button][\/et_pb_column][et_pb_column type=&#8221;1_2&#8243; _builder_version=&#8221;4.17.6&#8243; _module_preset=&#8221;default&#8221; global_colors_info=&#8221;{}&#8221;][\/et_pb_column][\/et_pb_row][\/et_pb_section][et_pb_section fb_built=&#8221;1&#8243; _builder_version=&#8221;4.17.6&#8243; _module_preset=&#8221;default&#8221; background_color=&#8221;#5fa0d7&#8243; global_colors_info=&#8221;{}&#8221;][et_pb_row _builder_version=&#8221;4.17.6&#8243; _module_preset=&#8221;default&#8221; global_colors_info=&#8221;{}&#8221;][et_pb_column type=&#8221;4_4&#8243; _builder_version=&#8221;4.17.6&#8243; _module_preset=&#8221;default&#8221; global_colors_info=&#8221;{}&#8221;][et_pb_button button_url=&#8221;@ET-DC@eyJkeW5hbWljIjp0cnVlLCJjb250ZW50IjoicG9zdF9saW5rX3VybF9wYWdlIiwic2V0dGluZ3MiOnsicG9zdF9pZCI6IjI1ODA5MSJ9fQ==@&#8221; button_text=&#8221;Protejarea datelor&#8221; button_alignment=&#8221;center&#8221; _builder_version=&#8221;4.20.2&#8243; _dynamic_attributes=&#8221;button_url&#8221; _module_preset=&#8221;default&#8221; custom_button=&#8221;on&#8221; button_text_color=&#8221;#ffffff&#8221; global_colors_info=&#8221;{}&#8221; custom_css_main_element_last_edited=&#8221;on|phone&#8221; custom_css_main_element_tablet=&#8221;width: 100%;||&#8221; custom_css_main_element_phone=&#8221;width: 100%;||&#8221;][\/et_pb_button][et_pb_button button_url=&#8221;@ET-DC@eyJkeW5hbWljIjp0cnVlLCJjb250ZW50IjoicG9zdF9saW5rX3VybF9wYWdlIiwic2V0dGluZ3MiOnsicG9zdF9pZCI6IjI1ODA4MCJ9fQ==@&#8221; button_text=&#8221;Caseta a lucr\u0103rii&#8221; button_alignment=&#8221;center&#8221; _builder_version=&#8221;4.20.2&#8243; _dynamic_attributes=&#8221;button_url&#8221; _module_preset=&#8221;default&#8221; custom_button=&#8221;on&#8221; button_text_color=&#8221;#ffffff&#8221; global_colors_info=&#8221;{}&#8221; custom_css_main_element_last_edited=&#8221;on|phone&#8221; custom_css_main_element_phone=&#8221;width: 100%;||&#8221;][\/et_pb_button][et_pb_image src=&#8221;https:\/\/www.ort-med.com\/wp-content\/uploads\/2022\/12\/ecg.webp&#8221; alt=&#8221;ECG&#8221; title_text=&#8221;ecg&#8221; url=&#8221;https:\/\/www.wkoecg.at\/Ecg.aspx?FirmaID=555aa91d-b104-49e5-bd89-95b069ad5a7b&#8221; url_new_window=&#8221;on&#8221; align=&#8221;center&#8221; _builder_version=&#8221;4.19.2&#8243; _module_preset=&#8221;default&#8221; global_colors_info=&#8221;{}&#8221;][\/et_pb_image][\/et_pb_column][\/et_pb_row][\/et_pb_section]<\/p>\n","protected":false},"excerpt":{"rendered":"<p>General Terms and Conditions (GTC) of Ortner Medizintechnik e.U.:<\/p>\n","protected":false},"author":1,"featured_media":0,"parent":0,"menu_order":0,"comment_status":"closed","ping_status":"closed","template":"","meta":{"_et_pb_use_builder":"on","_et_pb_old_content":"<p>[et_pb_section fb_built=\"1\" _builder_version=\"4.19.2\" _module_preset=\"default\" background_color=\"#000000\" background_image=\"https:\/\/www.ort-med.com\/wp-content\/uploads\/2022\/12\/ISO-13485-Background_2-20221122-084019-1.png\" parallax=\"on\" parallax_method=\"off\" custom_padding=\"||||false|false\" background_last_edited=\"on|phone\" background_enable_image_tablet=\"off\" global_colors_info=\"{}\"][et_pb_row _builder_version=\"4.17.6\" custom_margin=\"0px|auto||auto|false|false\" custom_padding=\"||2px||false|false\" global_colors_info=\"{}\"][et_pb_column type=\"4_4\" _builder_version=\"4.16\" global_colors_info=\"{}\"][et_pb_blurb title=\"AGB\" use_icon=\"on\" font_icon=\"p||divi||400\" icon_color=\"#ffffff\" image_icon_background_color=\"#5fa0d7\" icon_placement=\"left\" image_icon_width=\"16px\" content_max_width=\"2000px\" _builder_version=\"4.17.6\" header_level=\"h1\" header_font=\"Aeonik Fono Regular||||||||\" header_text_align=\"left\" header_text_color=\"#FFFFFF\" header_font_size=\"30px\" image_icon_custom_padding=\"8px|8px|8px|8px|false|false\" module_alignment=\"left\" custom_margin=\"||18px|||\" custom_padding=\"||||false|false\" border_radii_image=\"on|100%|100%|100%|100%\" use_circle=\"on\" global_colors_info=\"{}\" image_icon_background_color__sticky_enabled=\"#004976\" image_icon_background_color__sticky=\"#004976\"][\/et_pb_blurb][et_pb_code _builder_version=\"4.16\" _module_preset=\"default\" custom_margin=\"-8px|||||\" global_colors_info=\"{}\"]<script type=\"application\/ld+json\"><!-- [et_pb_line_break_holder] -->{<!-- [et_pb_line_break_holder] -->  \"@context\": \"https:\/\/schema.org\",<!-- [et_pb_line_break_holder] -->  \"@type\": \"FAQPage\",<!-- [et_pb_line_break_holder] -->  \"mainEntity\": [{<!-- [et_pb_line_break_holder] -->    \"@type\": \"Question\",<!-- [et_pb_line_break_holder] -->    \"name\": \"Welche Vorteile bietet eine Sondenreparatur?\",<!-- [et_pb_line_break_holder] -->    \"acceptedAnswer\": {<!-- [et_pb_line_break_holder] -->      \"@type\": \"Answer\",<!-- [et_pb_line_break_holder] -->      \"text\": \"Eine defekte Sonde muss nicht immer ausgetauscht werden. Durch die Reparatur kann eine erhebliche Kostenersparnis erzielt werden. Eine umfassende Eingangsanalyse ist die Basis f\u00fcr eine erfolgreiche Reparatur Ihrer Sonde. Durch die rechtzeitige Analyse k\u00f6nnen Sch\u00e4den entdeckt werden bevor diese zu kostspieligen Reparaturen f\u00fchren.\"<!-- [et_pb_line_break_holder] -->    }<!-- [et_pb_line_break_holder] -->  },{<!-- [et_pb_line_break_holder] -->    \"@type\": \"Question\",<!-- [et_pb_line_break_holder] -->    \"name\": \"Welche Sonden-Typen k\u00f6nnen repariert werden?\",<!-- [et_pb_line_break_holder] -->    \"acceptedAnswer\": {<!-- [et_pb_line_break_holder] -->      \"@type\": \"Answer\",<!-- [et_pb_line_break_holder] -->      \"text\": \"In unserem Labor reparieren wir Standard Sonden (Curved-, Linear- und Phased Array), 3D \/ 4D Volumensonden sowie TEE Sonden aller Typen und Hersteller.\"<!-- [et_pb_line_break_holder] -->    }<!-- [et_pb_line_break_holder] -->  },{<!-- [et_pb_line_break_holder] -->    \"@type\": \"Question\",<!-- [et_pb_line_break_holder] -->    \"name\": \"Welche Reparaturen k\u00f6nnen durchgef\u00fchrt werden?\",<!-- [et_pb_line_break_holder] -->    \"acceptedAnswer\": {<!-- [et_pb_line_break_holder] -->      \"@type\": \"Answer\",<!-- [et_pb_line_break_holder] -->      \"text\": \"H\u00e4ufige Defekte welche Repariert werden k\u00f6nnen sind Erneuerung der Linsenbeschichtung, Kabelknickschutz, Konnektor-Reparatur, Kabelaustausch und Kabelreparatur, Austausch Bending Rubber, Erneuerung \/ Austausch IT-Beschichtung uvm. Die Reparaturm\u00f6glichkeiten k\u00f6nnen je nach Sondentyp variieren.\"<!-- [et_pb_line_break_holder] -->    }<!-- [et_pb_line_break_holder] -->  },{<!-- [et_pb_line_break_holder] -->    \"@type\": \"Question\",<!-- [et_pb_line_break_holder] -->    \"name\": \"Wie lange dauert eine Sonden Reparatur?\",<!-- [et_pb_line_break_holder] -->    \"acceptedAnswer\": {<!-- [et_pb_line_break_holder] -->      \"@type\": \"Answer\",<!-- [et_pb_line_break_holder] -->      \"text\": \"Je nach Defekt ben\u00f6tigen wir f\u00fcr die Reparatur Ihrer Ultraschallsonde zwischen 2 \u2013 5 Werktage.\"<!-- [et_pb_line_break_holder] -->    }<!-- [et_pb_line_break_holder] -->  }]<!-- [et_pb_line_break_holder] -->}<!-- [et_pb_line_break_holder] --><\/script>[\/et_pb_code][\/et_pb_column][\/et_pb_row][et_pb_row column_structure=\"1_2,1_2\" _builder_version=\"4.17.6\" _module_preset=\"default\" global_colors_info=\"{}\"][et_pb_column type=\"1_2\" _builder_version=\"4.17.6\" _module_preset=\"default\" global_colors_info=\"{}\"][et_pb_text _builder_version=\"4.17.6\" _module_preset=\"default\" text_font=\"Aeonik Fono Regular||||||||\" text_text_color=\"#FFFFFF\" text_font_size=\"26px\" text_line_height=\"1.2em\" text_font_size_tablet=\"24px\" text_font_size_phone=\"22px\" text_font_size_last_edited=\"on|phone\" global_colors_info=\"{}\"]<\/p><p>Allgemeine Gesch\u00e4ftsbedingungen der Ortner Medizintechnik e.U.:<\/p><p>[\/et_pb_text][et_pb_button button_url=\"\/wp-content\/uploads\/2022\/12\/AGB-ab-2023-Deutsch.pdf\" url_new_window=\"on\" button_text=\"AGB Deutsch.pdf\" _builder_version=\"4.19.2\" _module_preset=\"default\" global_colors_info=\"{}\"][\/et_pb_button][et_pb_text _builder_version=\"4.17.6\" _module_preset=\"default\" text_font=\"Aeonik Fono Regular||||||||\" text_text_color=\"#FFFFFF\" text_font_size=\"26px\" text_line_height=\"1.2em\" text_font_size_tablet=\"24px\" text_font_size_phone=\"22px\" text_font_size_last_edited=\"on|phone\" global_colors_info=\"{}\"]<\/p><p>General Terms and Conditions (GTC) of Ortner Medizintechnik e.U.:<\/p><p>[\/et_pb_text][et_pb_button button_url=\"\/wp-content\/uploads\/2022\/12\/AGB-ab-2023-Englisch.pdf\" button_text=\"GTC English.pdf\" _builder_version=\"4.19.2\" _module_preset=\"default\" custom_margin=\"||50px|||\" global_colors_info=\"{}\"][\/et_pb_button][\/et_pb_column][et_pb_column type=\"1_2\" _builder_version=\"4.17.6\" _module_preset=\"default\" global_colors_info=\"{}\"][\/et_pb_column][\/et_pb_row][\/et_pb_section][et_pb_section fb_built=\"1\" _builder_version=\"4.17.6\" _module_preset=\"default\" background_color=\"#5fa0d7\" global_colors_info=\"{}\"][et_pb_row _builder_version=\"4.17.6\" _module_preset=\"default\" global_colors_info=\"{}\"][et_pb_column type=\"4_4\" _builder_version=\"4.17.6\" _module_preset=\"default\" global_colors_info=\"{}\"][et_pb_button button_url=\"@ET-DC@eyJkeW5hbWljIjp0cnVlLCJjb250ZW50IjoicG9zdF9saW5rX3VybF9wYWdlIiwic2V0dGluZ3MiOnsicG9zdF9pZCI6IjI3NyJ9fQ==@\" button_text=\"Datenschutzerkl\u00e4rung\" button_alignment=\"center\" _builder_version=\"4.19.2\" _dynamic_attributes=\"button_url\" _module_preset=\"default\" custom_button=\"on\" button_text_color=\"#ffffff\" global_colors_info=\"{}\" custom_css_main_element_last_edited=\"on|phone\" custom_css_main_element_tablet=\"width: 100%;||\" custom_css_main_element_phone=\"width: 100%;||\"][\/et_pb_button][et_pb_button button_url=\"@ET-DC@eyJkeW5hbWljIjp0cnVlLCJjb250ZW50IjoicG9zdF9saW5rX3VybF9wYWdlIiwic2V0dGluZ3MiOnsicG9zdF9pZCI6IjI3NSJ9fQ==@\" button_text=\"Impressum \" button_alignment=\"center\" _builder_version=\"4.19.2\" _dynamic_attributes=\"button_url\" _module_preset=\"default\" custom_button=\"on\" button_text_color=\"#ffffff\" global_colors_info=\"{}\" custom_css_main_element_last_edited=\"on|phone\" custom_css_main_element_phone=\"width: 100%;||\"][\/et_pb_button][et_pb_image src=\"https:\/\/www.ort-med.com\/wp-content\/uploads\/2022\/12\/ecg.webp\" alt=\"ECG\" title_text=\"ecg\" url=\"https:\/\/www.wkoecg.at\/Ecg.aspx?FirmaID=555aa91d-b104-49e5-bd89-95b069ad5a7b\" url_new_window=\"on\" align=\"center\" _builder_version=\"4.19.2\" _module_preset=\"default\" global_colors_info=\"{}\"][\/et_pb_image][\/et_pb_column][\/et_pb_row][\/et_pb_section]<\/p>","_et_gb_content_width":"","footnotes":""},"class_list":["post-258103","page","type-page","status-publish","hentry"],"yoast_head":"<!-- This site is optimized with the Yoast SEO plugin v27.5 - https:\/\/yoast.com\/product\/yoast-seo-wordpress\/ -->\n<title>Termeni \u0219i condi\u021bii | Ortner Medizintechnik<\/title>\n<meta name=\"description\" content=\"Termeni \u0219i condi\u021bii generale de afaceri. Ortner Medizintechnik e.U.\" \/>\n<meta name=\"robots\" content=\"index, follow, max-snippet:-1, max-image-preview:large, max-video-preview:-1\" \/>\n<link rel=\"canonical\" href=\"https:\/\/www.ort-med.com\/ro\/termeni-si-conditii-generale-de-afaceri\/\" \/>\n<meta property=\"og:locale\" content=\"ro_RO\" \/>\n<meta property=\"og:type\" content=\"article\" \/>\n<meta property=\"og:title\" content=\"Termeni \u0219i condi\u021bii | Ortner Medizintechnik\" \/>\n<meta property=\"og:description\" content=\"Termeni \u0219i condi\u021bii generale de afaceri. Ortner Medizintechnik e.U.\" \/>\n<meta property=\"og:url\" content=\"https:\/\/www.ort-med.com\/ro\/termeni-si-conditii-generale-de-afaceri\/\" \/>\n<meta property=\"og:site_name\" content=\"Ortner Medizintechnik\" \/>\n<meta property=\"article:modified_time\" content=\"2023-03-31T07:43:42+00:00\" \/>\n<meta property=\"og:image\" content=\"https:\/\/www.ort-med.com\/wp-content\/uploads\/2023\/02\/Sonografie.jpg\" \/>\n\t<meta property=\"og:image:width\" content=\"1920\" \/>\n\t<meta property=\"og:image:height\" content=\"1080\" \/>\n\t<meta property=\"og:image:type\" content=\"image\/jpeg\" \/>\n<meta name=\"twitter:card\" content=\"summary_large_image\" \/>\n<meta name=\"twitter:site\" content=\"@ortnermedical\" \/>\n<meta name=\"twitter:label1\" content=\"Timp estimat pentru citire\" \/>\n\t<meta name=\"twitter:data1\" content=\"1 minut\" \/>\n<script type=\"application\/ld+json\" class=\"yoast-schema-graph\">{\"@context\":\"https:\\\/\\\/schema.org\",\"@graph\":[{\"@type\":\"WebPage\",\"@id\":\"https:\\\/\\\/www.ort-med.com\\\/ro\\\/termeni-si-conditii-generale-de-afaceri\\\/\",\"url\":\"https:\\\/\\\/www.ort-med.com\\\/ro\\\/termeni-si-conditii-generale-de-afaceri\\\/\",\"name\":\"Termeni \u0219i condi\u021bii | Ortner Medizintechnik\",\"isPartOf\":{\"@id\":\"https:\\\/\\\/www.ort-med.com\\\/ro\\\/#website\"},\"datePublished\":\"2023-03-24T07:48:33+00:00\",\"dateModified\":\"2023-03-31T07:43:42+00:00\",\"description\":\"Termeni \u0219i condi\u021bii generale de afaceri. Ortner Medizintechnik e.U.\",\"breadcrumb\":{\"@id\":\"https:\\\/\\\/www.ort-med.com\\\/ro\\\/termeni-si-conditii-generale-de-afaceri\\\/#breadcrumb\"},\"inLanguage\":\"ro-RO\",\"potentialAction\":[{\"@type\":\"ReadAction\",\"target\":[\"https:\\\/\\\/www.ort-med.com\\\/ro\\\/termeni-si-conditii-generale-de-afaceri\\\/\"]}]},{\"@type\":\"BreadcrumbList\",\"@id\":\"https:\\\/\\\/www.ort-med.com\\\/ro\\\/termeni-si-conditii-generale-de-afaceri\\\/#breadcrumb\",\"itemListElement\":[{\"@type\":\"ListItem\",\"position\":1,\"name\":\"Startseite\",\"item\":\"https:\\\/\\\/www.ort-med.com\\\/ro\\\/\"},{\"@type\":\"ListItem\",\"position\":2,\"name\":\"Termeni \u0219i condi\u021bii\"}]},{\"@type\":\"WebSite\",\"@id\":\"https:\\\/\\\/www.ort-med.com\\\/ro\\\/#website\",\"url\":\"https:\\\/\\\/www.ort-med.com\\\/ro\\\/\",\"name\":\"ORTNER Medical Solutions\",\"description\":\"Ihre Spezialisten in Sonografie | Ultraschallsonden | Ultraschallger\u00e4te | Endoskope\",\"publisher\":{\"@id\":\"https:\\\/\\\/www.ort-med.com\\\/ro\\\/#organization\"},\"potentialAction\":[{\"@type\":\"SearchAction\",\"target\":{\"@type\":\"EntryPoint\",\"urlTemplate\":\"https:\\\/\\\/www.ort-med.com\\\/ro\\\/?s={search_term_string}\"},\"query-input\":{\"@type\":\"PropertyValueSpecification\",\"valueRequired\":true,\"valueName\":\"search_term_string\"}}],\"inLanguage\":\"ro-RO\"},{\"@type\":\"Organization\",\"@id\":\"https:\\\/\\\/www.ort-med.com\\\/ro\\\/#organization\",\"name\":\"ORTNER Medizintechnik\",\"alternateName\":\"ORTNER Medical Solutions\",\"url\":\"https:\\\/\\\/www.ort-med.com\\\/ro\\\/\",\"logo\":{\"@type\":\"ImageObject\",\"inLanguage\":\"ro-RO\",\"@id\":\"https:\\\/\\\/www.ort-med.com\\\/ro\\\/#\\\/schema\\\/logo\\\/image\\\/\",\"url\":\"https:\\\/\\\/www.ort-med.com\\\/wp-content\\\/uploads\\\/2022\\\/12\\\/Ortner-Medizintechnik-Logo.png\",\"contentUrl\":\"https:\\\/\\\/www.ort-med.com\\\/wp-content\\\/uploads\\\/2022\\\/12\\\/Ortner-Medizintechnik-Logo.png\",\"width\":1078,\"height\":360,\"caption\":\"ORTNER Medizintechnik\"},\"image\":{\"@id\":\"https:\\\/\\\/www.ort-med.com\\\/ro\\\/#\\\/schema\\\/logo\\\/image\\\/\"},\"sameAs\":[\"https:\\\/\\\/x.com\\\/ortnermedical\",\"https:\\\/\\\/www.instagram.com\\\/ortnermedizintechnik\\\/\",\"https:\\\/\\\/www.linkedin.com\\\/company\\\/ortnermedizintechnik\"]}]}<\/script>\n<!-- \/ Yoast SEO plugin. -->","yoast_head_json":{"title":"Termeni \u0219i condi\u021bii | Ortner Medizintechnik","description":"Termeni \u0219i condi\u021bii generale de afaceri. Ortner Medizintechnik e.U.","robots":{"index":"index","follow":"follow","max-snippet":"max-snippet:-1","max-image-preview":"max-image-preview:large","max-video-preview":"max-video-preview:-1"},"canonical":"https:\/\/www.ort-med.com\/ro\/termeni-si-conditii-generale-de-afaceri\/","og_locale":"ro_RO","og_type":"article","og_title":"Termeni \u0219i condi\u021bii | Ortner Medizintechnik","og_description":"Termeni \u0219i condi\u021bii generale de afaceri. Ortner Medizintechnik e.U.","og_url":"https:\/\/www.ort-med.com\/ro\/termeni-si-conditii-generale-de-afaceri\/","og_site_name":"Ortner Medizintechnik","article_modified_time":"2023-03-31T07:43:42+00:00","og_image":[{"width":1920,"height":1080,"url":"https:\/\/www.ort-med.com\/wp-content\/uploads\/2023\/02\/Sonografie.jpg","type":"image\/jpeg"}],"twitter_card":"summary_large_image","twitter_site":"@ortnermedical","twitter_misc":{"Timp estimat pentru citire":"1 minut"},"schema":{"@context":"https:\/\/schema.org","@graph":[{"@type":"WebPage","@id":"https:\/\/www.ort-med.com\/ro\/termeni-si-conditii-generale-de-afaceri\/","url":"https:\/\/www.ort-med.com\/ro\/termeni-si-conditii-generale-de-afaceri\/","name":"Termeni \u0219i condi\u021bii | Ortner Medizintechnik","isPartOf":{"@id":"https:\/\/www.ort-med.com\/ro\/#website"},"datePublished":"2023-03-24T07:48:33+00:00","dateModified":"2023-03-31T07:43:42+00:00","description":"Termeni \u0219i condi\u021bii generale de afaceri. Ortner Medizintechnik e.U.","breadcrumb":{"@id":"https:\/\/www.ort-med.com\/ro\/termeni-si-conditii-generale-de-afaceri\/#breadcrumb"},"inLanguage":"ro-RO","potentialAction":[{"@type":"ReadAction","target":["https:\/\/www.ort-med.com\/ro\/termeni-si-conditii-generale-de-afaceri\/"]}]},{"@type":"BreadcrumbList","@id":"https:\/\/www.ort-med.com\/ro\/termeni-si-conditii-generale-de-afaceri\/#breadcrumb","itemListElement":[{"@type":"ListItem","position":1,"name":"Startseite","item":"https:\/\/www.ort-med.com\/ro\/"},{"@type":"ListItem","position":2,"name":"Termeni \u0219i condi\u021bii"}]},{"@type":"WebSite","@id":"https:\/\/www.ort-med.com\/ro\/#website","url":"https:\/\/www.ort-med.com\/ro\/","name":"ORTNER Medical Solutions","description":"Ihre Spezialisten in Sonografie | Ultraschallsonden | Ultraschallger\u00e4te | Endoskope","publisher":{"@id":"https:\/\/www.ort-med.com\/ro\/#organization"},"potentialAction":[{"@type":"SearchAction","target":{"@type":"EntryPoint","urlTemplate":"https:\/\/www.ort-med.com\/ro\/?s={search_term_string}"},"query-input":{"@type":"PropertyValueSpecification","valueRequired":true,"valueName":"search_term_string"}}],"inLanguage":"ro-RO"},{"@type":"Organization","@id":"https:\/\/www.ort-med.com\/ro\/#organization","name":"ORTNER Medizintechnik","alternateName":"ORTNER Medical Solutions","url":"https:\/\/www.ort-med.com\/ro\/","logo":{"@type":"ImageObject","inLanguage":"ro-RO","@id":"https:\/\/www.ort-med.com\/ro\/#\/schema\/logo\/image\/","url":"https:\/\/www.ort-med.com\/wp-content\/uploads\/2022\/12\/Ortner-Medizintechnik-Logo.png","contentUrl":"https:\/\/www.ort-med.com\/wp-content\/uploads\/2022\/12\/Ortner-Medizintechnik-Logo.png","width":1078,"height":360,"caption":"ORTNER Medizintechnik"},"image":{"@id":"https:\/\/www.ort-med.com\/ro\/#\/schema\/logo\/image\/"},"sameAs":["https:\/\/x.com\/ortnermedical","https:\/\/www.instagram.com\/ortnermedizintechnik\/","https:\/\/www.linkedin.com\/company\/ortnermedizintechnik"]}]}},"_links":{"self":[{"href":"https:\/\/www.ort-med.com\/ro\/wp-json\/wp\/v2\/pages\/258103","targetHints":{"allow":["GET"]}}],"collection":[{"href":"https:\/\/www.ort-med.com\/ro\/wp-json\/wp\/v2\/pages"}],"about":[{"href":"https:\/\/www.ort-med.com\/ro\/wp-json\/wp\/v2\/types\/page"}],"author":[{"embeddable":true,"href":"https:\/\/www.ort-med.com\/ro\/wp-json\/wp\/v2\/users\/1"}],"replies":[{"embeddable":true,"href":"https:\/\/www.ort-med.com\/ro\/wp-json\/wp\/v2\/comments?post=258103"}],"version-history":[{"count":5,"href":"https:\/\/www.ort-med.com\/ro\/wp-json\/wp\/v2\/pages\/258103\/revisions"}],"predecessor-version":[{"id":258231,"href":"https:\/\/www.ort-med.com\/ro\/wp-json\/wp\/v2\/pages\/258103\/revisions\/258231"}],"wp:attachment":[{"href":"https:\/\/www.ort-med.com\/ro\/wp-json\/wp\/v2\/media?parent=258103"}],"curies":[{"name":"wp","href":"https:\/\/api.w.org\/{rel}","templated":true}]}}