{"id":262058,"date":"2024-11-13T08:21:45","date_gmt":"2024-11-13T07:21:45","guid":{"rendered":"https:\/\/www.ort-med.com\/?page_id=262058"},"modified":"2025-01-09T12:58:23","modified_gmt":"2025-01-09T11:58:23","slug":"oprava","status":"publish","type":"page","link":"https:\/\/www.ort-med.com\/sk\/oprava\/","title":{"rendered":"Oprava"},"content":{"rendered":"<p>[et_pb_section fb_built=&#8220;1&#8243; _builder_version=&#8220;4.17.6&#8243; _module_preset=&#8220;default&#8220; custom_padding=&#8220;19px||140px|||&#8220; da_disable_devices=&#8220;off|off|off&#8220; global_colors_info=&#8220;{}&#8220; da_is_popup=&#8220;off&#8220; da_exit_intent=&#8220;off&#8220; da_has_close=&#8220;on&#8220; da_alt_close=&#8220;off&#8220; da_dark_close=&#8220;off&#8220; da_not_modal=&#8220;on&#8220; da_is_singular=&#8220;off&#8220; da_with_loader=&#8220;off&#8220; da_has_shadow=&#8220;on&#8220;][et_pb_row column_structure=&#8220;1_2,1_2&#8243; _builder_version=&#8220;4.17.6&#8243; custom_margin=&#8220;0px|auto||auto|false|false&#8220; custom_padding=&#8220;||2px||false|false&#8220; global_colors_info=&#8220;{}&#8220;][et_pb_column type=&#8220;1_2&#8243; _builder_version=&#8220;4.16&#8243; global_colors_info=&#8220;{}&#8220;][et_pb_blurb title=&#8220;oprava &#8220; use_icon=&#8220;on&#8220; font_icon=&#8220;&#xe035;||divi||400&#8243; icon_color=&#8220;#ffffff&#8220; image_icon_background_color=&#8220;#5fa0d7&#8243; icon_placement=&#8220;left&#8220; image_icon_width=&#8220;16px&#8220; content_max_width=&#8220;2000px&#8220; _builder_version=&#8220;4.27.3&#8243; header_level=&#8220;h1&#8243; header_font=&#8220;Aeonik Fono Regular||||||||&#8220; header_text_align=&#8220;left&#8220; header_font_size=&#8220;30px&#8220; image_icon_custom_padding=&#8220;8px|8px|8px|8px|false|false&#8220; module_alignment=&#8220;left&#8220; custom_margin=&#8220;||18px|||&#8220; custom_padding=&#8220;||||false|false&#8220; border_radii_image=&#8220;on|100%|100%|100%|100%&#8220; use_circle=&#8220;on&#8220; global_colors_info=&#8220;{}&#8220; image_icon_background_color__sticky_enabled=&#8220;#004976&#8243; image_icon_background_color__sticky=&#8220;#004976&#8243;][\/et_pb_blurb][\/et_pb_column][et_pb_column type=&#8220;1_2&#8243; _builder_version=&#8220;4.16&#8243; global_colors_info=&#8220;{}&#8220;][\/et_pb_column][\/et_pb_row][et_pb_row _builder_version=&#8220;4.17.6&#8243; _module_preset=&#8220;default&#8220; custom_padding=&#8220;28px||44px|||&#8220; global_colors_info=&#8220;{}&#8220;][et_pb_column type=&#8220;4_4&#8243; _builder_version=&#8220;4.17.6&#8243; _module_preset=&#8220;default&#8220; global_colors_info=&#8220;{}&#8220;][et_pb_text _builder_version=&#8220;4.27.3&#8243; _module_preset=&#8220;default&#8220; text_font=&#8220;Aeonik Pro Trial||||||||&#8220; text_text_color=&#8220;#5fa0d7&#8243; text_font_size=&#8220;70px&#8220; text_line_height=&#8220;1em&#8220; header_2_font=&#8220;Aeonik Pro Regular||||||||&#8220; header_2_text_color=&#8220;#5fa0d7&#8243; header_2_font_size=&#8220;65px&#8220; text_orientation=&#8220;right&#8220; max_width_tablet=&#8220;&#8220; max_width_phone=&#8220;&#8220; max_width_last_edited=&#8220;on|desktop&#8220; module_alignment=&#8220;right&#8220; custom_padding=&#8220;||||false|false&#8220; custom_padding_tablet=&#8220;|0px||0px|false|false&#8220; custom_padding_phone=&#8220;|0px||0px|false|false&#8220; custom_padding_last_edited=&#8220;on|phone&#8220; text_font_size_tablet=&#8220;50px&#8220; text_font_size_phone=&#8220;28px&#8220; text_font_size_last_edited=&#8220;on|desktop&#8220; header_2_font_size_tablet=&#8220;50px&#8220; header_2_font_size_phone=&#8220;40px&#8220; header_2_font_size_last_edited=&#8220;on|desktop&#8220; text_orientation_tablet=&#8220;center&#8220; text_orientation_phone=&#8220;center&#8220; text_orientation_last_edited=&#8220;on|tablet&#8220; global_colors_info=&#8220;{}&#8220;]<\/p>\n<h2 style=\"text-align: left;\">Ako v\u00e1m m\u00f4\u017eeme pom\u00f4c\u0165?<\/h2>\n<p>[\/et_pb_text][\/et_pb_column][\/et_pb_row][et_pb_row column_structure=&#8220;1_3,1_3,1_3&#8243; disabled_on=&#8220;on|on|off&#8220; _builder_version=&#8220;4.19.1&#8243; _module_preset=&#8220;default&#8220; custom_padding=&#8220;||||false|false&#8220; global_colors_info=&#8220;{}&#8220;][et_pb_column type=&#8220;1_3&#8243; _builder_version=&#8220;4.19.1&#8243; _dynamic_attributes=&#8220;link_option_url&#8220; _module_preset=&#8220;default&#8220; background_color=&#8220;#c5ccd2&#8243; link_option_url=&#8220;@ET-DC@eyJkeW5hbWljIjp0cnVlLCJjb250ZW50IjoicG9zdF9saW5rX3VybF9wYWdlIiwic2V0dGluZ3MiOnsicG9zdF9pZCI6IjI1MiJ9fQ==@&#8220; border_radii=&#8220;on|15px|15px|15px|15px&#8220; global_colors_info=&#8220;{}&#8220;][et_pb_image src=&#8220;https:\/\/www.ort-med.com\/wp-content\/uploads\/2022\/12\/Ultraschallsonde-Grafik-1.png&#8220; alt=&#8220;Ultraschallsonden&#8220; title_text=&#8220;Ultraschallsonden&#8220; url=&#8220;@ET-DC@eyJkeW5hbWljIjp0cnVlLCJjb250ZW50IjoicG9zdF9saW5rX3VybF9wYWdlIiwic2V0dGluZ3MiOnsicG9zdF9pZCI6IjI2MjE2NCJ9fQ==@&#8220; use_overlay=&#8220;on&#8220; overlay_icon_color=&#8220;RGBA(255,255,255,0)&#8220; hover_overlay_color=&#8220;rgba(95,160,215,0.51)&#8220; hover_icon=&#8220;&#xe052;||divi||400&#8243; align=&#8220;center&#8220; _builder_version=&#8220;4.27.4&#8243; _dynamic_attributes=&#8220;url&#8220; _module_preset=&#8220;default&#8220; max_width_tablet=&#8220;70%&#8220; max_width_phone=&#8220;70%&#8220; max_width_last_edited=&#8220;off|desktop&#8220; global_colors_info=&#8220;{}&#8220;][\/et_pb_image][\/et_pb_column][et_pb_column type=&#8220;1_3&#8243; _builder_version=&#8220;4.17.6&#8243; _module_preset=&#8220;default&#8220; background_color=&#8220;#c5ccd2&#8243; border_radii=&#8220;on|15px|15px|15px|15px&#8220; global_colors_info=&#8220;{}&#8220;][et_pb_image src=&#8220;https:\/\/www.ort-med.com\/wp-content\/uploads\/2022\/12\/Endoskope-Grafik-1.png&#8220; alt=&#8220;Endoskope&#8220; title_text=&#8220;Endoskope&#8220; url=&#8220;@ET-DC@eyJkeW5hbWljIjp0cnVlLCJjb250ZW50IjoicG9zdF9saW5rX3VybF9wYWdlIiwic2V0dGluZ3MiOnsicG9zdF9pZCI6IjI2MjIzNyJ9fQ==@&#8220; use_overlay=&#8220;on&#8220; overlay_icon_color=&#8220;RGBA(255,255,255,0)&#8220; hover_overlay_color=&#8220;rgba(95,160,215,0.5)&#8220; hover_icon=&#8220;&#xe052;||divi||400&#8243; align=&#8220;center&#8220; _builder_version=&#8220;4.27.4&#8243; _dynamic_attributes=&#8220;url&#8220; _module_preset=&#8220;default&#8220; max_width_tablet=&#8220;70%&#8220; max_width_phone=&#8220;70%&#8220; max_width_last_edited=&#8220;off|desktop&#8220; hover_enabled=&#8220;0&#8243; global_colors_info=&#8220;{}&#8220; sticky_enabled=&#8220;0&#8243;][\/et_pb_image][\/et_pb_column][et_pb_column type=&#8220;1_3&#8243; _builder_version=&#8220;4.17.6&#8243; _module_preset=&#8220;default&#8220; background_color=&#8220;#c5ccd2&#8243; border_radii=&#8220;on|15px|15px|15px|15px&#8220; global_colors_info=&#8220;{}&#8220;][et_pb_image src=&#8220;https:\/\/www.ort-med.com\/wp-content\/uploads\/2022\/12\/Grafik-Analyse_Sinuskurve.png&#8220; alt=&#8220;Analyse&#8220; title_text=&#8220;Analyse&#8220; url=&#8220;@ET-DC@eyJkeW5hbWljIjp0cnVlLCJjb250ZW50IjoicG9zdF9saW5rX3VybF9wYWdlIiwic2V0dGluZ3MiOnsicG9zdF9pZCI6IjI2MjMzMiJ9fQ==@&#8220; use_overlay=&#8220;on&#8220; overlay_icon_color=&#8220;RGBA(255,255,255,0)&#8220; hover_overlay_color=&#8220;rgba(95,160,215,0.5)&#8220; hover_icon=&#8220;&#xe052;||divi||400&#8243; align=&#8220;center&#8220; _builder_version=&#8220;4.27.4&#8243; _dynamic_attributes=&#8220;url&#8220; _module_preset=&#8220;default&#8220; max_width_tablet=&#8220;70%&#8220; max_width_phone=&#8220;70%&#8220; max_width_last_edited=&#8220;off|desktop&#8220; global_colors_info=&#8220;{}&#8220;][\/et_pb_image][\/et_pb_column][\/et_pb_row][et_pb_row column_structure=&#8220;1_3,1_3,1_3&#8243; _builder_version=&#8220;4.17.6&#8243; _module_preset=&#8220;default&#8220; custom_padding=&#8220;0px|||||&#8220; global_colors_info=&#8220;{}&#8220;][et_pb_column type=&#8220;1_3&#8243; _builder_version=&#8220;4.17.6&#8243; _module_preset=&#8220;default&#8220; global_colors_info=&#8220;{}&#8220;][et_pb_button button_url=&#8220;@ET-DC@eyJkeW5hbWljIjp0cnVlLCJjb250ZW50IjoicG9zdF9saW5rX3VybF9wYWdlIiwic2V0dGluZ3MiOnsicG9zdF9pZCI6IjI2MjE2NCJ9fQ==@&#8220; button_text=&#8220;Oprava sondy&#8220; button_alignment=&#8220;center&#8220; _builder_version=&#8220;4.27.4&#8243; _dynamic_attributes=&#8220;button_url&#8220; _module_preset=&#8220;default&#8220; custom_button=&#8220;on&#8220; button_text_color=&#8220;#000000&#8243; button_bg_color=&#8220;#FFFFFF&#8220; button_border_width=&#8220;1px&#8220; button_border_color=&#8220;#000000&#8243; button_font=&#8220;Aeonik Fono Regular||||||||&#8220; button_on_hover=&#8220;off&#8220; custom_margin=&#8220;4px|||||&#8220; button_text_size_tablet=&#8220;25px&#8220; button_text_size_phone=&#8220;20px&#8220; button_text_size_last_edited=&#8220;off|tablet&#8220; button_text_color_last_edited=&#8220;off|desktop&#8220; custom_css_main_element=&#8220;width: 100%;&#8220; global_colors_info=&#8220;{}&#8220; button_bg_color__hover_enabled=&#8220;off|hover&#8220; button_text_color__hover_enabled=&#8220;on|hover&#8220; button_text_color__hover=&#8220;#5fa0d7&#8243; button_border_color__hover_enabled=&#8220;off|desktop&#8220; button_border_color__hover=&#8220;#5fa0d7&#8243;][\/et_pb_button][\/et_pb_column][et_pb_column type=&#8220;1_3&#8243; _builder_version=&#8220;4.17.6&#8243; _module_preset=&#8220;default&#8220; global_colors_info=&#8220;{}&#8220;][et_pb_button button_url=&#8220;@ET-DC@eyJkeW5hbWljIjp0cnVlLCJjb250ZW50IjoicG9zdF9saW5rX3VybF9wYWdlIiwic2V0dGluZ3MiOnsicG9zdF9pZCI6IjI2MjIzNyJ9fQ==@&#8220; button_text=&#8220;Oprava endoskopy&#8220; button_alignment=&#8220;center&#8220; _builder_version=&#8220;4.27.4&#8243; _dynamic_attributes=&#8220;button_url&#8220; _module_preset=&#8220;default&#8220; custom_button=&#8220;on&#8220; button_text_color=&#8220;#000000&#8243; button_bg_color=&#8220;#FFFFFF&#8220; button_border_width=&#8220;1px&#8220; button_border_color=&#8220;#000000&#8243; button_font=&#8220;Aeonik Fono Regular||||||||&#8220; button_on_hover=&#8220;off&#8220; custom_margin=&#8220;4px|||||&#8220; hover_enabled=&#8220;0&#8243; button_text_size_tablet=&#8220;20px&#8220; button_text_size_phone=&#8220;25px&#8220; button_text_size_last_edited=&#8220;off|phone&#8220; button_text_color_last_edited=&#8220;off|desktop&#8220; custom_css_main_element=&#8220;width: 100%;&#8220; global_colors_info=&#8220;{}&#8220; button_bg_color__hover_enabled=&#8220;off|hover&#8220; button_text_color__hover_enabled=&#8220;on|hover&#8220; button_text_color__hover=&#8220;#5fa0d7&#8243; button_border_color__hover_enabled=&#8220;on|desktop&#8220; button_border_color__hover=&#8220;#5fa0d7&#8243; sticky_enabled=&#8220;0&#8243;][\/et_pb_button][\/et_pb_column][et_pb_column type=&#8220;1_3&#8243; _builder_version=&#8220;4.17.6&#8243; _module_preset=&#8220;default&#8220; global_colors_info=&#8220;{}&#8220;][et_pb_button button_url=&#8220;@ET-DC@eyJkeW5hbWljIjp0cnVlLCJjb250ZW50IjoicG9zdF9saW5rX3VybF9wYWdlIiwic2V0dGluZ3MiOnsicG9zdF9pZCI6IjI2MjMzMiJ9fQ==@&#8220; button_text=&#8220;Anal\u00fdza a dokument\u00e1cia&#8220; button_alignment=&#8220;center&#8220; _builder_version=&#8220;4.27.4&#8243; _dynamic_attributes=&#8220;button_url&#8220; _module_preset=&#8220;default&#8220; custom_button=&#8220;on&#8220; button_text_color=&#8220;#000000&#8243; button_bg_color=&#8220;#FFFFFF&#8220; button_border_width=&#8220;1px&#8220; button_border_color=&#8220;#000000&#8243; button_font=&#8220;Aeonik Fono Regular||||||||&#8220; button_on_hover=&#8220;off&#8220; custom_margin=&#8220;4px|||||&#8220; button_text_size_tablet=&#8220;25px&#8220; button_text_size_phone=&#8220;25px&#8220; button_text_size_last_edited=&#8220;off|desktop&#8220; button_text_color_last_edited=&#8220;off|desktop&#8220; custom_css_main_element=&#8220;width: 100%;&#8220; global_colors_info=&#8220;{}&#8220; button_bg_color__hover_enabled=&#8220;off|hover&#8220; button_text_color__hover_enabled=&#8220;on|hover&#8220; button_text_color__hover=&#8220;#5fa0d7&#8243; button_border_color__hover_enabled=&#8220;on|desktop&#8220; button_border_color__hover=&#8220;#5fa0d7&#8243;][\/et_pb_button][\/et_pb_column][\/et_pb_row][\/et_pb_section]<\/p>\n","protected":false},"excerpt":{"rendered":"<p>Ako v\u00e1m m\u00f4\u017eeme pom\u00f4c\u0165?<\/p>\n","protected":false},"author":4,"featured_media":0,"parent":0,"menu_order":0,"comment_status":"closed","ping_status":"closed","template":"","meta":{"_et_pb_use_builder":"on","_et_pb_old_content":"","_et_gb_content_width":"","footnotes":""},"class_list":["post-262058","page","type-page","status-publish","hentry"],"yoast_head":"<!-- This site is optimized with the Yoast SEO plugin v27.5 - https:\/\/yoast.com\/product\/yoast-seo-wordpress\/ -->\n<title>Oprava | Ortner Medizintechnik<\/title>\n<meta name=\"robots\" content=\"index, follow, max-snippet:-1, max-image-preview:large, max-video-preview:-1\" \/>\n<link rel=\"canonical\" href=\"https:\/\/www.ort-med.com\/sk\/oprava\/\" \/>\n<meta property=\"og:locale\" content=\"sk_SK\" \/>\n<meta property=\"og:type\" content=\"article\" \/>\n<meta property=\"og:title\" content=\"Oprava | Ortner Medizintechnik\" \/>\n<meta property=\"og:description\" content=\"Ako v\u00e1m m\u00f4\u017eeme pom\u00f4c\u0165?\" \/>\n<meta property=\"og:url\" content=\"https:\/\/www.ort-med.com\/sk\/oprava\/\" \/>\n<meta property=\"og:site_name\" content=\"Ortner Medizintechnik\" \/>\n<meta property=\"article:modified_time\" content=\"2025-01-09T11:58:23+00:00\" \/>\n<meta property=\"og:image\" content=\"https:\/\/www.ort-med.com\/wp-content\/uploads\/2023\/02\/Sonografie.jpg\" \/>\n\t<meta property=\"og:image:width\" content=\"1920\" \/>\n\t<meta property=\"og:image:height\" content=\"1080\" \/>\n\t<meta property=\"og:image:type\" content=\"image\/jpeg\" \/>\n<meta name=\"twitter:card\" content=\"summary_large_image\" \/>\n<meta name=\"twitter:site\" content=\"@ortnermedical\" \/>\n<meta name=\"twitter:label1\" content=\"Predpokladan\u00fd \u010das \u010d\u00edtania\" \/>\n\t<meta name=\"twitter:data1\" content=\"1 min\u00fata\" \/>\n<script type=\"application\/ld+json\" class=\"yoast-schema-graph\">{\"@context\":\"https:\\\/\\\/schema.org\",\"@graph\":[{\"@type\":\"WebPage\",\"@id\":\"https:\\\/\\\/www.ort-med.com\\\/sk\\\/oprava\\\/\",\"url\":\"https:\\\/\\\/www.ort-med.com\\\/sk\\\/oprava\\\/\",\"name\":\"Oprava | Ortner Medizintechnik\",\"isPartOf\":{\"@id\":\"https:\\\/\\\/www.ort-med.com\\\/sk\\\/#website\"},\"datePublished\":\"2024-11-13T07:21:45+00:00\",\"dateModified\":\"2025-01-09T11:58:23+00:00\",\"breadcrumb\":{\"@id\":\"https:\\\/\\\/www.ort-med.com\\\/sk\\\/oprava\\\/#breadcrumb\"},\"inLanguage\":\"sk-SK\",\"potentialAction\":[{\"@type\":\"ReadAction\",\"target\":[\"https:\\\/\\\/www.ort-med.com\\\/sk\\\/oprava\\\/\"]}]},{\"@type\":\"BreadcrumbList\",\"@id\":\"https:\\\/\\\/www.ort-med.com\\\/sk\\\/oprava\\\/#breadcrumb\",\"itemListElement\":[{\"@type\":\"ListItem\",\"position\":1,\"name\":\"Startseite\",\"item\":\"https:\\\/\\\/www.ort-med.com\\\/sk\\\/\"},{\"@type\":\"ListItem\",\"position\":2,\"name\":\"Oprava\"}]},{\"@type\":\"WebSite\",\"@id\":\"https:\\\/\\\/www.ort-med.com\\\/sk\\\/#website\",\"url\":\"https:\\\/\\\/www.ort-med.com\\\/sk\\\/\",\"name\":\"ORTNER Medical Solutions\",\"description\":\"Ihre Spezialisten in Sonografie | Ultraschallsonden | Ultraschallger\u00e4te | Endoskope\",\"publisher\":{\"@id\":\"https:\\\/\\\/www.ort-med.com\\\/sk\\\/#organization\"},\"potentialAction\":[{\"@type\":\"SearchAction\",\"target\":{\"@type\":\"EntryPoint\",\"urlTemplate\":\"https:\\\/\\\/www.ort-med.com\\\/sk\\\/?s={search_term_string}\"},\"query-input\":{\"@type\":\"PropertyValueSpecification\",\"valueRequired\":true,\"valueName\":\"search_term_string\"}}],\"inLanguage\":\"sk-SK\"},{\"@type\":\"Organization\",\"@id\":\"https:\\\/\\\/www.ort-med.com\\\/sk\\\/#organization\",\"name\":\"ORTNER Medizintechnik\",\"alternateName\":\"ORTNER Medical Solutions\",\"url\":\"https:\\\/\\\/www.ort-med.com\\\/sk\\\/\",\"logo\":{\"@type\":\"ImageObject\",\"inLanguage\":\"sk-SK\",\"@id\":\"https:\\\/\\\/www.ort-med.com\\\/sk\\\/#\\\/schema\\\/logo\\\/image\\\/\",\"url\":\"https:\\\/\\\/www.ort-med.com\\\/wp-content\\\/uploads\\\/2022\\\/12\\\/Ortner-Medizintechnik-Logo.png\",\"contentUrl\":\"https:\\\/\\\/www.ort-med.com\\\/wp-content\\\/uploads\\\/2022\\\/12\\\/Ortner-Medizintechnik-Logo.png\",\"width\":1078,\"height\":360,\"caption\":\"ORTNER Medizintechnik\"},\"image\":{\"@id\":\"https:\\\/\\\/www.ort-med.com\\\/sk\\\/#\\\/schema\\\/logo\\\/image\\\/\"},\"sameAs\":[\"https:\\\/\\\/x.com\\\/ortnermedical\",\"https:\\\/\\\/www.instagram.com\\\/ortnermedizintechnik\\\/\",\"https:\\\/\\\/www.linkedin.com\\\/company\\\/ortnermedizintechnik\"]}]}<\/script>\n<!-- \/ Yoast SEO plugin. -->","yoast_head_json":{"title":"Oprava | Ortner Medizintechnik","robots":{"index":"index","follow":"follow","max-snippet":"max-snippet:-1","max-image-preview":"max-image-preview:large","max-video-preview":"max-video-preview:-1"},"canonical":"https:\/\/www.ort-med.com\/sk\/oprava\/","og_locale":"sk_SK","og_type":"article","og_title":"Oprava | Ortner Medizintechnik","og_description":"Ako v\u00e1m m\u00f4\u017eeme pom\u00f4c\u0165?","og_url":"https:\/\/www.ort-med.com\/sk\/oprava\/","og_site_name":"Ortner Medizintechnik","article_modified_time":"2025-01-09T11:58:23+00:00","og_image":[{"width":1920,"height":1080,"url":"https:\/\/www.ort-med.com\/wp-content\/uploads\/2023\/02\/Sonografie.jpg","type":"image\/jpeg"}],"twitter_card":"summary_large_image","twitter_site":"@ortnermedical","twitter_misc":{"Predpokladan\u00fd \u010das \u010d\u00edtania":"1 min\u00fata"},"schema":{"@context":"https:\/\/schema.org","@graph":[{"@type":"WebPage","@id":"https:\/\/www.ort-med.com\/sk\/oprava\/","url":"https:\/\/www.ort-med.com\/sk\/oprava\/","name":"Oprava | Ortner Medizintechnik","isPartOf":{"@id":"https:\/\/www.ort-med.com\/sk\/#website"},"datePublished":"2024-11-13T07:21:45+00:00","dateModified":"2025-01-09T11:58:23+00:00","breadcrumb":{"@id":"https:\/\/www.ort-med.com\/sk\/oprava\/#breadcrumb"},"inLanguage":"sk-SK","potentialAction":[{"@type":"ReadAction","target":["https:\/\/www.ort-med.com\/sk\/oprava\/"]}]},{"@type":"BreadcrumbList","@id":"https:\/\/www.ort-med.com\/sk\/oprava\/#breadcrumb","itemListElement":[{"@type":"ListItem","position":1,"name":"Startseite","item":"https:\/\/www.ort-med.com\/sk\/"},{"@type":"ListItem","position":2,"name":"Oprava"}]},{"@type":"WebSite","@id":"https:\/\/www.ort-med.com\/sk\/#website","url":"https:\/\/www.ort-med.com\/sk\/","name":"ORTNER Medical Solutions","description":"Ihre Spezialisten in Sonografie | Ultraschallsonden | Ultraschallger\u00e4te | Endoskope","publisher":{"@id":"https:\/\/www.ort-med.com\/sk\/#organization"},"potentialAction":[{"@type":"SearchAction","target":{"@type":"EntryPoint","urlTemplate":"https:\/\/www.ort-med.com\/sk\/?s={search_term_string}"},"query-input":{"@type":"PropertyValueSpecification","valueRequired":true,"valueName":"search_term_string"}}],"inLanguage":"sk-SK"},{"@type":"Organization","@id":"https:\/\/www.ort-med.com\/sk\/#organization","name":"ORTNER Medizintechnik","alternateName":"ORTNER Medical Solutions","url":"https:\/\/www.ort-med.com\/sk\/","logo":{"@type":"ImageObject","inLanguage":"sk-SK","@id":"https:\/\/www.ort-med.com\/sk\/#\/schema\/logo\/image\/","url":"https:\/\/www.ort-med.com\/wp-content\/uploads\/2022\/12\/Ortner-Medizintechnik-Logo.png","contentUrl":"https:\/\/www.ort-med.com\/wp-content\/uploads\/2022\/12\/Ortner-Medizintechnik-Logo.png","width":1078,"height":360,"caption":"ORTNER Medizintechnik"},"image":{"@id":"https:\/\/www.ort-med.com\/sk\/#\/schema\/logo\/image\/"},"sameAs":["https:\/\/x.com\/ortnermedical","https:\/\/www.instagram.com\/ortnermedizintechnik\/","https:\/\/www.linkedin.com\/company\/ortnermedizintechnik"]}]}},"_links":{"self":[{"href":"https:\/\/www.ort-med.com\/sk\/wp-json\/wp\/v2\/pages\/262058","targetHints":{"allow":["GET"]}}],"collection":[{"href":"https:\/\/www.ort-med.com\/sk\/wp-json\/wp\/v2\/pages"}],"about":[{"href":"https:\/\/www.ort-med.com\/sk\/wp-json\/wp\/v2\/types\/page"}],"author":[{"embeddable":true,"href":"https:\/\/www.ort-med.com\/sk\/wp-json\/wp\/v2\/users\/4"}],"replies":[{"embeddable":true,"href":"https:\/\/www.ort-med.com\/sk\/wp-json\/wp\/v2\/comments?post=262058"}],"version-history":[{"count":4,"href":"https:\/\/www.ort-med.com\/sk\/wp-json\/wp\/v2\/pages\/262058\/revisions"}],"predecessor-version":[{"id":262465,"href":"https:\/\/www.ort-med.com\/sk\/wp-json\/wp\/v2\/pages\/262058\/revisions\/262465"}],"wp:attachment":[{"href":"https:\/\/www.ort-med.com\/sk\/wp-json\/wp\/v2\/media?parent=262058"}],"curies":[{"name":"wp","href":"https:\/\/api.w.org\/{rel}","templated":true}]}}