{"id":262291,"date":"2025-01-07T13:44:07","date_gmt":"2025-01-07T12:44:07","guid":{"rendered":"https:\/\/www.ort-med.com\/?page_id=262291"},"modified":"2025-01-13T16:18:22","modified_gmt":"2025-01-13T15:18:22","slug":"vseobecne-obchodne-podmienky","status":"publish","type":"page","link":"https:\/\/www.ort-med.com\/sk\/vseobecne-obchodne-podmienky\/","title":{"rendered":"V\u0161eobecn\u00e9 obchodn\u00e9 podmienky"},"content":{"rendered":"<p>[et_pb_section fb_built=&#8220;1&#8243; _builder_version=&#8220;4.19.2&#8243; _module_preset=&#8220;default&#8220; background_color=&#8220;#000000&#8243; background_image=&#8220;https:\/\/www.ort-med.com\/wp-content\/uploads\/2022\/12\/ISO-13485-Background_2-20221122-084019-1.png&#8220; parallax=&#8220;on&#8220; parallax_method=&#8220;off&#8220; custom_padding=&#8220;||||false|false&#8220; background_last_edited=&#8220;on|phone&#8220; background_enable_image_tablet=&#8220;off&#8220; da_disable_devices=&#8220;off|off|off&#8220; global_colors_info=&#8220;{}&#8220; da_is_popup=&#8220;off&#8220; da_exit_intent=&#8220;off&#8220; da_has_close=&#8220;on&#8220; da_alt_close=&#8220;off&#8220; da_dark_close=&#8220;off&#8220; da_not_modal=&#8220;on&#8220; da_is_singular=&#8220;off&#8220; da_with_loader=&#8220;off&#8220; da_has_shadow=&#8220;on&#8220;][et_pb_row _builder_version=&#8220;4.17.6&#8243; custom_margin=&#8220;0px|auto||auto|false|false&#8220; custom_padding=&#8220;||2px||false|false&#8220; global_colors_info=&#8220;{}&#8220;][et_pb_column type=&#8220;4_4&#8243; _builder_version=&#8220;4.16&#8243; global_colors_info=&#8220;{}&#8220;][et_pb_blurb title=&#8220;VOP&#8220; use_icon=&#8220;on&#8220; font_icon=&#8220;&#x70;||divi||400&#8243; icon_color=&#8220;#ffffff&#8220; image_icon_background_color=&#8220;#5fa0d7&#8243; icon_placement=&#8220;left&#8220; image_icon_width=&#8220;16px&#8220; content_max_width=&#8220;2000px&#8220; _builder_version=&#8220;4.27.4&#8243; header_level=&#8220;h1&#8243; header_font=&#8220;Aeonik Fono Regular||||||||&#8220; header_text_align=&#8220;left&#8220; header_text_color=&#8220;#FFFFFF&#8220; header_font_size=&#8220;30px&#8220; image_icon_custom_padding=&#8220;8px|8px|8px|8px|false|false&#8220; module_alignment=&#8220;left&#8220; custom_margin=&#8220;||18px|||&#8220; custom_padding=&#8220;||||false|false&#8220; border_radii_image=&#8220;on|100%|100%|100%|100%&#8220; use_circle=&#8220;on&#8220; global_colors_info=&#8220;{}&#8220; image_icon_background_color__sticky_enabled=&#8220;#004976&#8243; image_icon_background_color__sticky=&#8220;#004976&#8243;][\/et_pb_blurb][\/et_pb_column][\/et_pb_row][et_pb_row column_structure=&#8220;1_2,1_2&#8243; _builder_version=&#8220;4.17.6&#8243; _module_preset=&#8220;default&#8220; global_colors_info=&#8220;{}&#8220;][et_pb_column type=&#8220;1_2&#8243; _builder_version=&#8220;4.17.6&#8243; _module_preset=&#8220;default&#8220; global_colors_info=&#8220;{}&#8220;][et_pb_text _builder_version=&#8220;4.27.4&#8243; _module_preset=&#8220;default&#8220; text_font=&#8220;Aeonik Fono Regular||||||||&#8220; text_text_color=&#8220;#FFFFFF&#8220; text_font_size=&#8220;26px&#8220; text_line_height=&#8220;1.2em&#8220; hover_enabled=&#8220;0&#8243; text_font_size_tablet=&#8220;24px&#8220; text_font_size_phone=&#8220;22px&#8220; text_font_size_last_edited=&#8220;on|phone&#8220; global_colors_info=&#8220;{}&#8220; sticky_enabled=&#8220;0&#8243;]<\/p>\n<p>V\u0161eobecn\u00e9 obchodn\u00e9 podmienky.<\/p>\n<p>Ortner Medizintechnik:<\/p>\n<p>[\/et_pb_text][et_pb_button button_url=&#8220;\/wp-content\/uploads\/2022\/12\/AGB-ab-2023-Englisch.pdf&#8220; button_text=&#8220;GTC English.pdf&#8220; _builder_version=&#8220;4.19.2&#8243; _module_preset=&#8220;default&#8220; custom_margin=&#8220;||50px|||&#8220; global_colors_info=&#8220;{}&#8220;][\/et_pb_button][et_pb_button button_url=&#8220;https:\/\/www.ort-med.com\/wp-content\/uploads\/2023\/10\/AGB-ab-2023-Deutsch_.pdf&#8220; url_new_window=&#8220;on&#8220; button_text=&#8220;AGB Deutsch.pdf&#8220; _builder_version=&#8220;4.22.2&#8243; _module_preset=&#8220;default&#8220; global_colors_info=&#8220;{}&#8220;][\/et_pb_button][\/et_pb_column][et_pb_column type=&#8220;1_2&#8243; _builder_version=&#8220;4.17.6&#8243; _module_preset=&#8220;default&#8220; global_colors_info=&#8220;{}&#8220;][\/et_pb_column][\/et_pb_row][\/et_pb_section][et_pb_section fb_built=&#8220;1&#8243; _builder_version=&#8220;4.17.6&#8243; _module_preset=&#8220;default&#8220; background_color=&#8220;#5fa0d7&#8243; da_disable_devices=&#8220;off|off|off&#8220; global_colors_info=&#8220;{}&#8220; da_is_popup=&#8220;off&#8220; da_exit_intent=&#8220;off&#8220; da_has_close=&#8220;on&#8220; da_alt_close=&#8220;off&#8220; da_dark_close=&#8220;off&#8220; da_not_modal=&#8220;on&#8220; da_is_singular=&#8220;off&#8220; da_with_loader=&#8220;off&#8220; da_has_shadow=&#8220;on&#8220;][et_pb_row _builder_version=&#8220;4.17.6&#8243; _module_preset=&#8220;default&#8220; global_colors_info=&#8220;{}&#8220;][et_pb_column type=&#8220;4_4&#8243; _builder_version=&#8220;4.17.6&#8243; _module_preset=&#8220;default&#8220; global_colors_info=&#8220;{}&#8220;][et_pb_button button_url=&#8220;https:\/\/www.ort-med.com\/en\/data-protection\/&#8220; url_new_window=&#8220;on&#8220; button_text=&#8220;Z\u00e1sady ochrany osobn\u00fdch \u00fadajov&#8220; button_alignment=&#8220;center&#8220; _builder_version=&#8220;4.27.4&#8243; _module_preset=&#8220;default&#8220; custom_button=&#8220;on&#8220; button_text_color=&#8220;#ffffff&#8220; global_colors_info=&#8220;{}&#8220; custom_css_main_element_last_edited=&#8220;on|phone&#8220; custom_css_main_element_tablet=&#8220;width: 100%;||&#8220; custom_css_main_element_phone=&#8220;width: 100%;||&#8220;][\/et_pb_button][et_pb_button button_url=&#8220;@ET-DC@eyJkeW5hbWljIjp0cnVlLCJjb250ZW50IjoicG9zdF9saW5rX3VybF9wYWdlIiwic2V0dGluZ3MiOnsicG9zdF9pZCI6IjI2MjI5NiJ9fQ==@&#8220; button_text=&#8220;Impresum &#8220; button_alignment=&#8220;center&#8220; _builder_version=&#8220;4.27.4&#8243; _dynamic_attributes=&#8220;button_url&#8220; _module_preset=&#8220;default&#8220; custom_button=&#8220;on&#8220; button_text_color=&#8220;#ffffff&#8220; global_colors_info=&#8220;{}&#8220; custom_css_main_element_last_edited=&#8220;on|phone&#8220; custom_css_main_element_phone=&#8220;width: 100%;||&#8220;][\/et_pb_button][et_pb_image src=&#8220;https:\/\/www.ort-med.com\/wp-content\/uploads\/2022\/12\/ecg.webp&#8220; alt=&#8220;ECG&#8220; title_text=&#8220;ecg&#8220; url=&#8220;https:\/\/www.wkoecg.at\/Ecg.aspx?FirmaID=555aa91d-b104-49e5-bd89-95b069ad5a7b&#8220; url_new_window=&#8220;on&#8220; align=&#8220;center&#8220; _builder_version=&#8220;4.19.2&#8243; _module_preset=&#8220;default&#8220; global_colors_info=&#8220;{}&#8220;][\/et_pb_image][\/et_pb_column][\/et_pb_row][\/et_pb_section]<\/p>\n","protected":false},"excerpt":{"rendered":"<p>V\u0161eobecn\u00e9 obchodn\u00e9 podmienky. Ortner Medizintechnik:<\/p>\n","protected":false},"author":4,"featured_media":0,"parent":0,"menu_order":0,"comment_status":"closed","ping_status":"closed","template":"","meta":{"_et_pb_use_builder":"on","_et_pb_old_content":"<p>[et_pb_section fb_built=\"1\" _builder_version=\"4.19.2\" _module_preset=\"default\" background_color=\"#000000\" background_image=\"https:\/\/www.ort-med.com\/wp-content\/uploads\/2022\/12\/ISO-13485-Background_2-20221122-084019-1.png\" parallax=\"on\" parallax_method=\"off\" custom_padding=\"||||false|false\" background_last_edited=\"on|phone\" background_enable_image_tablet=\"off\" global_colors_info=\"{}\" da_is_popup=\"off\" da_exit_intent=\"off\" da_has_close=\"on\" da_alt_close=\"off\" da_dark_close=\"off\" da_not_modal=\"on\" da_is_singular=\"off\" da_with_loader=\"off\" da_has_shadow=\"on\" da_disable_devices=\"off|off|off\"][et_pb_row _builder_version=\"4.17.6\" custom_margin=\"0px|auto||auto|false|false\" custom_padding=\"||2px||false|false\" global_colors_info=\"{}\"][et_pb_column type=\"4_4\" _builder_version=\"4.16\" global_colors_info=\"{}\"][et_pb_blurb title=\"AGB\" use_icon=\"on\" font_icon=\"p||divi||400\" icon_color=\"#ffffff\" image_icon_background_color=\"#5fa0d7\" icon_placement=\"left\" image_icon_width=\"16px\" content_max_width=\"2000px\" _builder_version=\"4.17.6\" header_level=\"h1\" header_font=\"Aeonik Fono Regular||||||||\" header_text_align=\"left\" header_text_color=\"#FFFFFF\" header_font_size=\"30px\" image_icon_custom_padding=\"8px|8px|8px|8px|false|false\" module_alignment=\"left\" custom_margin=\"||18px|||\" custom_padding=\"||||false|false\" border_radii_image=\"on|100%|100%|100%|100%\" use_circle=\"on\" global_colors_info=\"{}\" image_icon_background_color__sticky_enabled=\"#004976\" image_icon_background_color__sticky=\"#004976\"][\/et_pb_blurb][\/et_pb_column][\/et_pb_row][et_pb_row column_structure=\"1_2,1_2\" _builder_version=\"4.17.6\" _module_preset=\"default\" global_colors_info=\"{}\"][et_pb_column type=\"1_2\" _builder_version=\"4.17.6\" _module_preset=\"default\" global_colors_info=\"{}\"][et_pb_text _builder_version=\"4.17.6\" _module_preset=\"default\" text_font=\"Aeonik Fono Regular||||||||\" text_text_color=\"#FFFFFF\" text_font_size=\"26px\" text_line_height=\"1.2em\" text_font_size_tablet=\"24px\" text_font_size_phone=\"22px\" text_font_size_last_edited=\"on|phone\" global_colors_info=\"{}\"]<\/p><p>Allgemeine Gesch\u00e4ftsbedingungen der Ortner Medizintechnik e.U.:<\/p><p>[\/et_pb_text][et_pb_button button_url=\"https:\/\/www.ort-med.com\/wp-content\/uploads\/2023\/10\/AGB-ab-2023-Deutsch_.pdf\" url_new_window=\"on\" button_text=\"AGB Deutsch.pdf\" _builder_version=\"4.22.2\" _module_preset=\"default\" hover_enabled=\"0\" global_colors_info=\"{}\" sticky_enabled=\"0\"][\/et_pb_button][et_pb_text _builder_version=\"4.17.6\" _module_preset=\"default\" text_font=\"Aeonik Fono Regular||||||||\" text_text_color=\"#FFFFFF\" text_font_size=\"26px\" text_line_height=\"1.2em\" text_font_size_tablet=\"24px\" text_font_size_phone=\"22px\" text_font_size_last_edited=\"on|phone\" global_colors_info=\"{}\"]<\/p><p>General Terms and Conditions (GTC) of Ortner Medizintechnik e.U.:<\/p><p>[\/et_pb_text][et_pb_button button_url=\"\/wp-content\/uploads\/2022\/12\/AGB-ab-2023-Englisch.pdf\" button_text=\"GTC English.pdf\" _builder_version=\"4.19.2\" _module_preset=\"default\" custom_margin=\"||50px|||\" global_colors_info=\"{}\"][\/et_pb_button][\/et_pb_column][et_pb_column type=\"1_2\" _builder_version=\"4.17.6\" _module_preset=\"default\" global_colors_info=\"{}\"][\/et_pb_column][\/et_pb_row][\/et_pb_section][et_pb_section fb_built=\"1\" _builder_version=\"4.17.6\" _module_preset=\"default\" background_color=\"#5fa0d7\" global_colors_info=\"{}\" da_is_popup=\"off\" da_exit_intent=\"off\" da_has_close=\"on\" da_alt_close=\"off\" da_dark_close=\"off\" da_not_modal=\"on\" da_is_singular=\"off\" da_with_loader=\"off\" da_has_shadow=\"on\" da_disable_devices=\"off|off|off\"][et_pb_row _builder_version=\"4.17.6\" _module_preset=\"default\" global_colors_info=\"{}\"][et_pb_column type=\"4_4\" _builder_version=\"4.17.6\" _module_preset=\"default\" global_colors_info=\"{}\"][et_pb_button button_url=\"@ET-DC@eyJkeW5hbWljIjp0cnVlLCJjb250ZW50IjoicG9zdF9saW5rX3VybF9wYWdlIiwic2V0dGluZ3MiOnsicG9zdF9pZCI6IjI3NyJ9fQ==@\" button_text=\"Datenschutzerkl\u00e4rung\" button_alignment=\"center\" _builder_version=\"4.19.2\" _dynamic_attributes=\"button_url\" _module_preset=\"default\" custom_button=\"on\" button_text_color=\"#ffffff\" global_colors_info=\"{}\" custom_css_main_element_last_edited=\"on|phone\" custom_css_main_element_tablet=\"width: 100%;||\" custom_css_main_element_phone=\"width: 100%;||\"][\/et_pb_button][et_pb_button button_url=\"@ET-DC@eyJkeW5hbWljIjp0cnVlLCJjb250ZW50IjoicG9zdF9saW5rX3VybF9wYWdlIiwic2V0dGluZ3MiOnsicG9zdF9pZCI6IjI3NSJ9fQ==@\" button_text=\"Impressum \" button_alignment=\"center\" _builder_version=\"4.19.2\" _dynamic_attributes=\"button_url\" _module_preset=\"default\" custom_button=\"on\" button_text_color=\"#ffffff\" global_colors_info=\"{}\" custom_css_main_element_last_edited=\"on|phone\" custom_css_main_element_phone=\"width: 100%;||\"][\/et_pb_button][et_pb_image src=\"https:\/\/www.ort-med.com\/wp-content\/uploads\/2022\/12\/ecg.webp\" alt=\"ECG\" title_text=\"ecg\" url=\"https:\/\/www.wkoecg.at\/Ecg.aspx?FirmaID=555aa91d-b104-49e5-bd89-95b069ad5a7b\" url_new_window=\"on\" align=\"center\" _builder_version=\"4.19.2\" _module_preset=\"default\" global_colors_info=\"{}\"][\/et_pb_image][\/et_pb_column][\/et_pb_row][\/et_pb_section]<\/p>","_et_gb_content_width":"","footnotes":""},"class_list":["post-262291","page","type-page","status-publish","hentry"],"yoast_head":"<!-- This site is optimized with the Yoast SEO plugin v27.5 - https:\/\/yoast.com\/product\/yoast-seo-wordpress\/ -->\n<title>V\u0161eobecn\u00e9 obchodn\u00e9 podmienky | Ortner Medizintechnik<\/title>\n<meta name=\"robots\" content=\"index, follow, max-snippet:-1, max-image-preview:large, max-video-preview:-1\" \/>\n<link rel=\"canonical\" href=\"https:\/\/www.ort-med.com\/sk\/vseobecne-obchodne-podmienky\/\" \/>\n<meta property=\"og:locale\" content=\"sk_SK\" \/>\n<meta property=\"og:type\" content=\"article\" \/>\n<meta property=\"og:title\" content=\"V\u0161eobecn\u00e9 obchodn\u00e9 podmienky | Ortner Medizintechnik\" \/>\n<meta property=\"og:description\" content=\"V\u0161eobecn\u00e9 obchodn\u00e9 podmienky. Ortner Medizintechnik:\" \/>\n<meta property=\"og:url\" content=\"https:\/\/www.ort-med.com\/sk\/vseobecne-obchodne-podmienky\/\" \/>\n<meta property=\"og:site_name\" content=\"Ortner Medizintechnik\" \/>\n<meta property=\"article:modified_time\" content=\"2025-01-13T15:18:22+00:00\" \/>\n<meta property=\"og:image\" content=\"https:\/\/www.ort-med.com\/wp-content\/uploads\/2023\/02\/Sonografie.jpg\" \/>\n\t<meta property=\"og:image:width\" content=\"1920\" \/>\n\t<meta property=\"og:image:height\" content=\"1080\" \/>\n\t<meta property=\"og:image:type\" content=\"image\/jpeg\" \/>\n<meta name=\"twitter:card\" content=\"summary_large_image\" \/>\n<meta name=\"twitter:site\" content=\"@ortnermedical\" \/>\n<meta name=\"twitter:label1\" content=\"Predpokladan\u00fd \u010das \u010d\u00edtania\" \/>\n\t<meta name=\"twitter:data1\" content=\"1 min\u00fata\" \/>\n<script type=\"application\/ld+json\" class=\"yoast-schema-graph\">{\"@context\":\"https:\\\/\\\/schema.org\",\"@graph\":[{\"@type\":\"WebPage\",\"@id\":\"https:\\\/\\\/www.ort-med.com\\\/sk\\\/vseobecne-obchodne-podmienky\\\/\",\"url\":\"https:\\\/\\\/www.ort-med.com\\\/sk\\\/vseobecne-obchodne-podmienky\\\/\",\"name\":\"V\u0161eobecn\u00e9 obchodn\u00e9 podmienky | Ortner Medizintechnik\",\"isPartOf\":{\"@id\":\"https:\\\/\\\/www.ort-med.com\\\/sk\\\/#website\"},\"datePublished\":\"2025-01-07T12:44:07+00:00\",\"dateModified\":\"2025-01-13T15:18:22+00:00\",\"breadcrumb\":{\"@id\":\"https:\\\/\\\/www.ort-med.com\\\/sk\\\/vseobecne-obchodne-podmienky\\\/#breadcrumb\"},\"inLanguage\":\"sk-SK\",\"potentialAction\":[{\"@type\":\"ReadAction\",\"target\":[\"https:\\\/\\\/www.ort-med.com\\\/sk\\\/vseobecne-obchodne-podmienky\\\/\"]}]},{\"@type\":\"BreadcrumbList\",\"@id\":\"https:\\\/\\\/www.ort-med.com\\\/sk\\\/vseobecne-obchodne-podmienky\\\/#breadcrumb\",\"itemListElement\":[{\"@type\":\"ListItem\",\"position\":1,\"name\":\"Startseite\",\"item\":\"https:\\\/\\\/www.ort-med.com\\\/sk\\\/\"},{\"@type\":\"ListItem\",\"position\":2,\"name\":\"V\u0161eobecn\u00e9 obchodn\u00e9 podmienky\"}]},{\"@type\":\"WebSite\",\"@id\":\"https:\\\/\\\/www.ort-med.com\\\/sk\\\/#website\",\"url\":\"https:\\\/\\\/www.ort-med.com\\\/sk\\\/\",\"name\":\"ORTNER Medical Solutions\",\"description\":\"Ihre Spezialisten in Sonografie | Ultraschallsonden | Ultraschallger\u00e4te | Endoskope\",\"publisher\":{\"@id\":\"https:\\\/\\\/www.ort-med.com\\\/sk\\\/#organization\"},\"potentialAction\":[{\"@type\":\"SearchAction\",\"target\":{\"@type\":\"EntryPoint\",\"urlTemplate\":\"https:\\\/\\\/www.ort-med.com\\\/sk\\\/?s={search_term_string}\"},\"query-input\":{\"@type\":\"PropertyValueSpecification\",\"valueRequired\":true,\"valueName\":\"search_term_string\"}}],\"inLanguage\":\"sk-SK\"},{\"@type\":\"Organization\",\"@id\":\"https:\\\/\\\/www.ort-med.com\\\/sk\\\/#organization\",\"name\":\"ORTNER Medizintechnik\",\"alternateName\":\"ORTNER Medical Solutions\",\"url\":\"https:\\\/\\\/www.ort-med.com\\\/sk\\\/\",\"logo\":{\"@type\":\"ImageObject\",\"inLanguage\":\"sk-SK\",\"@id\":\"https:\\\/\\\/www.ort-med.com\\\/sk\\\/#\\\/schema\\\/logo\\\/image\\\/\",\"url\":\"https:\\\/\\\/www.ort-med.com\\\/wp-content\\\/uploads\\\/2022\\\/12\\\/Ortner-Medizintechnik-Logo.png\",\"contentUrl\":\"https:\\\/\\\/www.ort-med.com\\\/wp-content\\\/uploads\\\/2022\\\/12\\\/Ortner-Medizintechnik-Logo.png\",\"width\":1078,\"height\":360,\"caption\":\"ORTNER Medizintechnik\"},\"image\":{\"@id\":\"https:\\\/\\\/www.ort-med.com\\\/sk\\\/#\\\/schema\\\/logo\\\/image\\\/\"},\"sameAs\":[\"https:\\\/\\\/x.com\\\/ortnermedical\",\"https:\\\/\\\/www.instagram.com\\\/ortnermedizintechnik\\\/\",\"https:\\\/\\\/www.linkedin.com\\\/company\\\/ortnermedizintechnik\"]}]}<\/script>\n<!-- \/ Yoast SEO plugin. -->","yoast_head_json":{"title":"V\u0161eobecn\u00e9 obchodn\u00e9 podmienky | Ortner Medizintechnik","robots":{"index":"index","follow":"follow","max-snippet":"max-snippet:-1","max-image-preview":"max-image-preview:large","max-video-preview":"max-video-preview:-1"},"canonical":"https:\/\/www.ort-med.com\/sk\/vseobecne-obchodne-podmienky\/","og_locale":"sk_SK","og_type":"article","og_title":"V\u0161eobecn\u00e9 obchodn\u00e9 podmienky | Ortner Medizintechnik","og_description":"V\u0161eobecn\u00e9 obchodn\u00e9 podmienky. Ortner Medizintechnik:","og_url":"https:\/\/www.ort-med.com\/sk\/vseobecne-obchodne-podmienky\/","og_site_name":"Ortner Medizintechnik","article_modified_time":"2025-01-13T15:18:22+00:00","og_image":[{"width":1920,"height":1080,"url":"https:\/\/www.ort-med.com\/wp-content\/uploads\/2023\/02\/Sonografie.jpg","type":"image\/jpeg"}],"twitter_card":"summary_large_image","twitter_site":"@ortnermedical","twitter_misc":{"Predpokladan\u00fd \u010das \u010d\u00edtania":"1 min\u00fata"},"schema":{"@context":"https:\/\/schema.org","@graph":[{"@type":"WebPage","@id":"https:\/\/www.ort-med.com\/sk\/vseobecne-obchodne-podmienky\/","url":"https:\/\/www.ort-med.com\/sk\/vseobecne-obchodne-podmienky\/","name":"V\u0161eobecn\u00e9 obchodn\u00e9 podmienky | Ortner Medizintechnik","isPartOf":{"@id":"https:\/\/www.ort-med.com\/sk\/#website"},"datePublished":"2025-01-07T12:44:07+00:00","dateModified":"2025-01-13T15:18:22+00:00","breadcrumb":{"@id":"https:\/\/www.ort-med.com\/sk\/vseobecne-obchodne-podmienky\/#breadcrumb"},"inLanguage":"sk-SK","potentialAction":[{"@type":"ReadAction","target":["https:\/\/www.ort-med.com\/sk\/vseobecne-obchodne-podmienky\/"]}]},{"@type":"BreadcrumbList","@id":"https:\/\/www.ort-med.com\/sk\/vseobecne-obchodne-podmienky\/#breadcrumb","itemListElement":[{"@type":"ListItem","position":1,"name":"Startseite","item":"https:\/\/www.ort-med.com\/sk\/"},{"@type":"ListItem","position":2,"name":"V\u0161eobecn\u00e9 obchodn\u00e9 podmienky"}]},{"@type":"WebSite","@id":"https:\/\/www.ort-med.com\/sk\/#website","url":"https:\/\/www.ort-med.com\/sk\/","name":"ORTNER Medical Solutions","description":"Ihre Spezialisten in Sonografie | Ultraschallsonden | Ultraschallger\u00e4te | Endoskope","publisher":{"@id":"https:\/\/www.ort-med.com\/sk\/#organization"},"potentialAction":[{"@type":"SearchAction","target":{"@type":"EntryPoint","urlTemplate":"https:\/\/www.ort-med.com\/sk\/?s={search_term_string}"},"query-input":{"@type":"PropertyValueSpecification","valueRequired":true,"valueName":"search_term_string"}}],"inLanguage":"sk-SK"},{"@type":"Organization","@id":"https:\/\/www.ort-med.com\/sk\/#organization","name":"ORTNER Medizintechnik","alternateName":"ORTNER Medical Solutions","url":"https:\/\/www.ort-med.com\/sk\/","logo":{"@type":"ImageObject","inLanguage":"sk-SK","@id":"https:\/\/www.ort-med.com\/sk\/#\/schema\/logo\/image\/","url":"https:\/\/www.ort-med.com\/wp-content\/uploads\/2022\/12\/Ortner-Medizintechnik-Logo.png","contentUrl":"https:\/\/www.ort-med.com\/wp-content\/uploads\/2022\/12\/Ortner-Medizintechnik-Logo.png","width":1078,"height":360,"caption":"ORTNER Medizintechnik"},"image":{"@id":"https:\/\/www.ort-med.com\/sk\/#\/schema\/logo\/image\/"},"sameAs":["https:\/\/x.com\/ortnermedical","https:\/\/www.instagram.com\/ortnermedizintechnik\/","https:\/\/www.linkedin.com\/company\/ortnermedizintechnik"]}]}},"_links":{"self":[{"href":"https:\/\/www.ort-med.com\/sk\/wp-json\/wp\/v2\/pages\/262291","targetHints":{"allow":["GET"]}}],"collection":[{"href":"https:\/\/www.ort-med.com\/sk\/wp-json\/wp\/v2\/pages"}],"about":[{"href":"https:\/\/www.ort-med.com\/sk\/wp-json\/wp\/v2\/types\/page"}],"author":[{"embeddable":true,"href":"https:\/\/www.ort-med.com\/sk\/wp-json\/wp\/v2\/users\/4"}],"replies":[{"embeddable":true,"href":"https:\/\/www.ort-med.com\/sk\/wp-json\/wp\/v2\/comments?post=262291"}],"version-history":[{"count":7,"href":"https:\/\/www.ort-med.com\/sk\/wp-json\/wp\/v2\/pages\/262291\/revisions"}],"predecessor-version":[{"id":262520,"href":"https:\/\/www.ort-med.com\/sk\/wp-json\/wp\/v2\/pages\/262291\/revisions\/262520"}],"wp:attachment":[{"href":"https:\/\/www.ort-med.com\/sk\/wp-json\/wp\/v2\/media?parent=262291"}],"curies":[{"name":"wp","href":"https:\/\/api.w.org\/{rel}","templated":true}]}}