{"id":262296,"date":"2025-01-07T13:57:01","date_gmt":"2025-01-07T12:57:01","guid":{"rendered":"https:\/\/www.ort-med.com\/?page_id=262296"},"modified":"2026-03-10T14:14:23","modified_gmt":"2026-03-10T13:14:23","slug":"impressum","status":"publish","type":"page","link":"https:\/\/www.ort-med.com\/sk\/impressum\/","title":{"rendered":"Impressum"},"content":{"rendered":"<p>[et_pb_section fb_built=&#8220;1&#8243; _builder_version=&#8220;4.19.2&#8243; _module_preset=&#8220;default&#8220; background_color=&#8220;#000000&#8243; background_image=&#8220;https:\/\/www.ort-med.com\/wp-content\/uploads\/2022\/12\/ISO-13485-Background_2-20221122-084019-1.png&#8220; parallax=&#8220;on&#8220; parallax_method=&#8220;off&#8220; custom_padding=&#8220;||||false|false&#8220; background_last_edited=&#8220;on|phone&#8220; background_enable_image_tablet=&#8220;off&#8220; da_disable_devices=&#8220;off|off|off&#8220; global_colors_info=&#8220;{}&#8220; da_is_popup=&#8220;off&#8220; da_exit_intent=&#8220;off&#8220; da_has_close=&#8220;on&#8220; da_alt_close=&#8220;off&#8220; da_dark_close=&#8220;off&#8220; da_not_modal=&#8220;on&#8220; da_is_singular=&#8220;off&#8220; da_with_loader=&#8220;off&#8220; da_has_shadow=&#8220;on&#8220;][et_pb_row _builder_version=&#8220;4.17.6&#8243; custom_margin=&#8220;0px|auto||auto|false|false&#8220; custom_padding=&#8220;||2px||false|false&#8220; global_colors_info=&#8220;{}&#8220;][et_pb_column type=&#8220;4_4&#8243; _builder_version=&#8220;4.16&#8243; global_colors_info=&#8220;{}&#8220;][et_pb_blurb title=&#8220;Impressum&#8220; use_icon=&#8220;on&#8220; font_icon=&#8220;&#xe056;||divi||400&#8243; icon_color=&#8220;#ffffff&#8220; image_icon_background_color=&#8220;#5fa0d7&#8243; icon_placement=&#8220;left&#8220; image_icon_width=&#8220;16px&#8220; content_max_width=&#8220;2000px&#8220; _builder_version=&#8220;4.17.6&#8243; header_level=&#8220;h1&#8243; header_font=&#8220;Aeonik Fono Regular||||||||&#8220; header_text_align=&#8220;left&#8220; header_text_color=&#8220;#FFFFFF&#8220; header_font_size=&#8220;30px&#8220; image_icon_custom_padding=&#8220;8px|8px|8px|8px|false|false&#8220; module_alignment=&#8220;left&#8220; custom_margin=&#8220;||18px|||&#8220; custom_padding=&#8220;||||false|false&#8220; border_radii_image=&#8220;on|100%|100%|100%|100%&#8220; use_circle=&#8220;on&#8220; global_colors_info=&#8220;{}&#8220; image_icon_background_color__sticky_enabled=&#8220;#004976&#8243; image_icon_background_color__sticky=&#8220;#004976&#8243;][\/et_pb_blurb][\/et_pb_column][\/et_pb_row][et_pb_row column_structure=&#8220;3_5,2_5&#8243; _builder_version=&#8220;4.17.6&#8243; _module_preset=&#8220;default&#8220; global_colors_info=&#8220;{}&#8220;][et_pb_column type=&#8220;3_5&#8243; _builder_version=&#8220;4.17.6&#8243; _module_preset=&#8220;default&#8220; global_colors_info=&#8220;{}&#8220;][et_pb_text _builder_version=&#8220;4.19.5&#8243; _module_preset=&#8220;default&#8220; text_font=&#8220;Aeonik Fono Regular|700|||||||&#8220; text_text_color=&#8220;#FFFFFF&#8220; text_font_size=&#8220;26px&#8220; text_line_height=&#8220;1.2em&#8220; header_2_font=&#8220;Aeonik Pro Regular|600|||||||&#8220; header_2_text_color=&#8220;#5fa0d7&#8243; header_2_font_size=&#8220;60px&#8220; header_2_font_size_tablet=&#8220;50px&#8220; header_2_font_size_phone=&#8220;40px&#8220; header_2_font_size_last_edited=&#8220;on|phone&#8220; global_colors_info=&#8220;{}&#8220;]<\/p>\n<h2>Ortner Medizintechnik<\/h2>\n<p>[\/et_pb_text][et_pb_image src=&#8220;https:\/\/www.ort-med.com\/wp-content\/uploads\/2022\/12\/ecg.webp&#8220; title_text=&#8220;ecg&#8220; url=&#8220;https:\/\/www.wkoecg.at\/Ecg.aspx?FirmaID=4cda4116-415b-4441-ae4e-8739475567cb&#8220; url_new_window=&#8220;on&#8220; _builder_version=&#8220;4.17.6&#8243; _module_preset=&#8220;default&#8220; global_colors_info=&#8220;{}&#8220;][\/et_pb_image][\/et_pb_column][et_pb_column type=&#8220;2_5&#8243; _builder_version=&#8220;4.17.6&#8243; _module_preset=&#8220;default&#8220; global_colors_info=&#8220;{}&#8220;][\/et_pb_column][\/et_pb_row][\/et_pb_section][et_pb_section fb_built=&#8220;1&#8243; _builder_version=&#8220;4.17.6&#8243; _module_preset=&#8220;default&#8220; background_color=&#8220;#f1f4f6&#8243; custom_margin=&#8220;||||false|false&#8220; custom_padding=&#8220;10px||10px||false|false&#8220; da_disable_devices=&#8220;off|off|off&#8220; global_colors_info=&#8220;{}&#8220; da_is_popup=&#8220;off&#8220; da_exit_intent=&#8220;off&#8220; da_has_close=&#8220;on&#8220; da_alt_close=&#8220;off&#8220; da_dark_close=&#8220;off&#8220; da_not_modal=&#8220;on&#8220; da_is_singular=&#8220;off&#8220; da_with_loader=&#8220;off&#8220; da_has_shadow=&#8220;on&#8220;][et_pb_row _builder_version=&#8220;4.17.6&#8243; _module_preset=&#8220;default&#8220; global_colors_info=&#8220;{}&#8220;][et_pb_column type=&#8220;4_4&#8243; _builder_version=&#8220;4.17.6&#8243; _module_preset=&#8220;default&#8220; global_colors_info=&#8220;{}&#8220;][et_pb_text _builder_version=&#8220;4.27.4&#8243; _module_preset=&#8220;default&#8220; header_3_font_size=&#8220;25px&#8220; global_colors_info=&#8220;{}&#8220;]<\/p>\n<h3>S\u00eddlo firmy:<\/h3>\n<p style=\"font-weight: 400;\">Strauchweg 26 | 8501 Lieboch | AUSTRIA<\/p>\n<p style=\"font-weight: 400;\"><b><strong>Telef\u00f3n:<\/strong><\/b> <a href=\"tel:+4331362062155\">+43 3136 62155<\/a><\/p>\n<p style=\"font-weight: 400;\"><b><strong>E-Mail:<\/strong><\/b> <a href=\"mailto:office@ort-med.com\">office@ort-med.com<\/a><\/p>\n<p style=\"font-weight: 400;\"><b><strong>N\u00e1zov firmy: <\/strong><\/b>Ortner Medizintechnik\u00a0e.U.<\/p>\n<p style=\"font-weight: 400;\"><b><strong>I\u010cO: <\/strong><\/b>403110i<\/p>\n<p style=\"font-weight: 400;\"><b><strong>DI\u010c: <\/strong><\/b>ATU65728938<\/p>\n<p style=\"font-weight: 400;\"><strong>Vyd\u00e1vaj\u00faci org\u00e1n ECG (internetov\u00e9 obchodn\u00e9 pr\u00e1vo):<\/strong> Bezirkshauptmannschaft Graz-Umgebung (okresn\u00e9 riadite\u013estvo Graz-okolie).<\/p>\n<p style=\"font-weight: 400;\"><a href=\"http:\/\/ec.europa.eu\/odr\">http:\/\/ec.europa.eu\/odr<\/a><\/p>\n<p>[\/et_pb_text][\/et_pb_column][\/et_pb_row][\/et_pb_section][et_pb_section fb_built=&#8220;1&#8243; _builder_version=&#8220;4.17.6&#8243; _module_preset=&#8220;default&#8220; background_color=&#8220;#c5ccd2&#8243; custom_padding=&#8220;10px||10px||false|false&#8220; da_disable_devices=&#8220;off|off|off&#8220; global_colors_info=&#8220;{}&#8220; da_is_popup=&#8220;off&#8220; da_exit_intent=&#8220;off&#8220; da_has_close=&#8220;on&#8220; da_alt_close=&#8220;off&#8220; da_dark_close=&#8220;off&#8220; da_not_modal=&#8220;on&#8220; da_is_singular=&#8220;off&#8220; da_with_loader=&#8220;off&#8220; da_has_shadow=&#8220;on&#8220;][et_pb_row _builder_version=&#8220;4.17.6&#8243; _module_preset=&#8220;default&#8220; global_colors_info=&#8220;{}&#8220;][et_pb_column type=&#8220;4_4&#8243; _builder_version=&#8220;4.17.6&#8243; _module_preset=&#8220;default&#8220; global_colors_info=&#8220;{}&#8220;][et_pb_text _builder_version=&#8220;4.27.6&#8243; header_3_font_size=&#8220;25px&#8220; hover_enabled=&#8220;0&#8243; global_colors_info=&#8220;{}&#8220; sticky_enabled=&#8220;0&#8243;]<\/p>\n<h3>Vyl\u00fa\u010denie zodpovednosti:<\/h3>\n<p>Napriek starostlivej kontrole obsahu nepreber\u00e1me \u017eiadnu zodpovednos\u0165 za obsah extern\u00fdch odkazov.<\/p>\n<p>Za obsah prepojen\u00fdch str\u00e1nok s\u00fa zodpovedn\u00ed v\u00fdlu\u010dne prev\u00e1dzkovatelia.<\/p>\n<p>Copyright \u00a9 2026 od Ortner Medizintechnik e.U., V\u0161etky pr\u00e1va vyhraden\u00e9.<\/p>\n<p>Fotografick\u00fd kredit:<\/p>\n<p>\u00a9 Ortner Medizintechnik e.U.<\/p>\n<p>\u00a9 Shutterstock<\/p>\n<p>https:\/\/www.shutterstock.com\/<\/p>\n<p>[\/et_pb_text][\/et_pb_column][\/et_pb_row][\/et_pb_section]<\/p>\n","protected":false},"excerpt":{"rendered":"<p>Ortner Medizintechnik S\u00eddlo firmy: Strauchweg 26 | 8501 Lieboch | AUSTRIA Telef\u00f3n: +43 3136 62155 E-Mail: office@ort-med.com N\u00e1zov firmy: Ortner Medizintechnik\u00a0e.U. I\u010cO: 403110i DI\u010c: ATU65728938 Vyd\u00e1vaj\u00faci org\u00e1n ECG (internetov\u00e9 obchodn\u00e9 pr\u00e1vo): Bezirkshauptmannschaft Graz-Umgebung (okresn\u00e9 riadite\u013estvo Graz-okolie). http:\/\/ec.europa.eu\/odrVyl\u00fa\u010denie zodpovednosti: Napriek starostlivej kontrole obsahu nepreber\u00e1me \u017eiadnu zodpovednos\u0165 za obsah extern\u00fdch odkazov. Za obsah prepojen\u00fdch str\u00e1nok s\u00fa zodpovedn\u00ed [&hellip;]<\/p>\n","protected":false},"author":4,"featured_media":0,"parent":0,"menu_order":0,"comment_status":"closed","ping_status":"closed","template":"","meta":{"_et_pb_use_builder":"on","_et_pb_old_content":"<p>[et_pb_section fb_built=\"1\" _builder_version=\"4.19.2\" _module_preset=\"default\" background_color=\"#000000\" background_image=\"https:\/\/www.ort-med.com\/wp-content\/uploads\/2022\/12\/ISO-13485-Background_2-20221122-084019-1.png\" parallax=\"on\" parallax_method=\"off\" custom_padding=\"||||false|false\" background_last_edited=\"on|phone\" background_enable_image_tablet=\"off\" global_colors_info=\"{}\" da_is_popup=\"off\" da_exit_intent=\"off\" da_has_close=\"on\" da_alt_close=\"off\" da_dark_close=\"off\" da_not_modal=\"on\" da_is_singular=\"off\" da_with_loader=\"off\" da_has_shadow=\"on\" da_disable_devices=\"off|off|off\"][et_pb_row _builder_version=\"4.17.6\" custom_margin=\"0px|auto||auto|false|false\" custom_padding=\"||2px||false|false\" global_colors_info=\"{}\"][et_pb_column type=\"4_4\" _builder_version=\"4.16\" global_colors_info=\"{}\"][et_pb_blurb title=\"Impressum\" use_icon=\"on\" font_icon=\"\ue056||divi||400\" icon_color=\"#ffffff\" image_icon_background_color=\"#5fa0d7\" icon_placement=\"left\" image_icon_width=\"16px\" content_max_width=\"2000px\" _builder_version=\"4.17.6\" header_level=\"h1\" header_font=\"Aeonik Fono Regular||||||||\" header_text_align=\"left\" header_text_color=\"#FFFFFF\" header_font_size=\"30px\" image_icon_custom_padding=\"8px|8px|8px|8px|false|false\" module_alignment=\"left\" custom_margin=\"||18px|||\" custom_padding=\"||||false|false\" border_radii_image=\"on|100%|100%|100%|100%\" use_circle=\"on\" global_colors_info=\"{}\" image_icon_background_color__sticky_enabled=\"#004976\" image_icon_background_color__sticky=\"#004976\"][\/et_pb_blurb][\/et_pb_column][\/et_pb_row][et_pb_row column_structure=\"3_5,2_5\" _builder_version=\"4.17.6\" _module_preset=\"default\" global_colors_info=\"{}\"][et_pb_column type=\"3_5\" _builder_version=\"4.17.6\" _module_preset=\"default\" global_colors_info=\"{}\"][et_pb_text _builder_version=\"4.19.5\" _module_preset=\"default\" text_font=\"Aeonik Fono Regular|700|||||||\" text_text_color=\"#FFFFFF\" text_font_size=\"26px\" text_line_height=\"1.2em\" header_2_font=\"Aeonik Pro Regular|600|||||||\" header_2_text_color=\"#5fa0d7\" header_2_font_size=\"60px\" header_2_font_size_tablet=\"50px\" header_2_font_size_phone=\"40px\" header_2_font_size_last_edited=\"on|phone\" global_colors_info=\"{}\"]<\/p><h2>Ortner Medizintechnik<\/h2><p>[\/et_pb_text][et_pb_image src=\"https:\/\/www.ort-med.com\/wp-content\/uploads\/2022\/12\/ecg.webp\" title_text=\"ecg\" url=\"https:\/\/www.wkoecg.at\/Ecg.aspx?FirmaID=4cda4116-415b-4441-ae4e-8739475567cb\" url_new_window=\"on\" _builder_version=\"4.17.6\" _module_preset=\"default\" global_colors_info=\"{}\"][\/et_pb_image][\/et_pb_column][et_pb_column type=\"2_5\" _builder_version=\"4.17.6\" _module_preset=\"default\" global_colors_info=\"{}\"][\/et_pb_column][\/et_pb_row][\/et_pb_section][et_pb_section fb_built=\"1\" _builder_version=\"4.17.6\" _module_preset=\"default\" background_color=\"#f1f4f6\" custom_margin=\"||||false|false\" custom_padding=\"10px||10px||false|false\" global_colors_info=\"{}\" da_is_popup=\"off\" da_exit_intent=\"off\" da_has_close=\"on\" da_alt_close=\"off\" da_dark_close=\"off\" da_not_modal=\"on\" da_is_singular=\"off\" da_with_loader=\"off\" da_has_shadow=\"on\" da_disable_devices=\"off|off|off\"][et_pb_row _builder_version=\"4.17.6\" _module_preset=\"default\" global_colors_info=\"{}\"][et_pb_column type=\"4_4\" _builder_version=\"4.17.6\" _module_preset=\"default\" global_colors_info=\"{}\"][et_pb_text _builder_version=\"4.23.4\" _module_preset=\"default\" header_3_font_size=\"25px\" hover_enabled=\"0\" global_colors_info=\"{}\" sticky_enabled=\"0\"]<\/p><h3>Firmensitz:<\/h3><p style=\"font-weight: 400;\">Strauchweg 26<br \/>A-8501\u00a0Lieboch<\/p><p style=\"font-weight: 400;\"><b><strong>Telefon:<\/strong><\/b> <a href=\"tel:0313662155\">03136 62155<\/a>\u00a0<\/p><p style=\"font-weight: 400;\"><b><strong>E-Mail:<\/strong><\/b> <a href=\"mailto:office@ort-med.com\">office@ort-med.com<\/a><\/p><p style=\"font-weight: 400;\"><b><strong>Firmenname: <\/strong><\/b>Ortner Medizintechnik\u00a0e.U.<\/p><p style=\"font-weight: 400;\"><b><strong>Firmenbuchnummer: <\/strong><\/b>403110i<\/p><p style=\"font-weight: 400;\"><b><strong>UID: <\/strong><\/b>ATU65728938<\/p><p style=\"font-weight: 400;\"><b><strong>Beh\u00f6rde gem. ECG (E-Commerce Gesetz):<\/strong><\/b>\u00a0Bezirkshauptmannschaft Graz-Umgebung<\/p><p style=\"font-weight: 400;\"><a href=\"https:\/\/www.wkoecg.at\/Web\/Ecg.aspx?FirmaID=051fe2fe-0982-476b-b3da-c016871a240e\">Information lt. \u00a75 E-Commerce Gesetz<\/a><\/p><p style=\"font-weight: 400;\"><a href=\"https:\/\/www.ort-med.com\/_lccms_\/_00798\/Sonographisches-System.htm?VER=180524132851&MID=77&LANG=ger\">Allgemeine Gesch\u00e4ftsbedingungen<\/a><\/p><p style=\"font-weight: 400;\"><a href=\"https:\/\/www.ort-med.com\/_lccms_\/_00884\/Datenschutz.htm?VER=180830070532&MID=165&LANG=ger\">Datenschutzhinweise<\/a><\/p><p style=\"font-weight: 400;\">Verbraucher haben die M\u00f6glichkeit, Beschwerden an die Online Streitbeilegungsplattform der EU zu<br \/>richten: <a href=\"http:\/\/ec.europa.eu\/odr\">http:\/\/ec.europa.eu\/odr<\/a>. Sie k\u00f6nnen allf\u00e4llige Beschwerde auch an die oben angegebene E-Mail-Adresse richten.<\/p><p>[\/et_pb_text][\/et_pb_column][\/et_pb_row][\/et_pb_section][et_pb_section fb_built=\"1\" _builder_version=\"4.17.6\" _module_preset=\"default\" background_color=\"#c5ccd2\" custom_padding=\"10px||10px||false|false\" global_colors_info=\"{}\" da_is_popup=\"off\" da_exit_intent=\"off\" da_has_close=\"on\" da_alt_close=\"off\" da_dark_close=\"off\" da_not_modal=\"on\" da_is_singular=\"off\" da_with_loader=\"off\" da_has_shadow=\"on\" da_disable_devices=\"off|off|off\"][et_pb_row _builder_version=\"4.17.6\" _module_preset=\"default\" global_colors_info=\"{}\"][et_pb_column type=\"4_4\" _builder_version=\"4.17.6\" _module_preset=\"default\" global_colors_info=\"{}\"][et_pb_text _builder_version=\"4.21.0\" header_3_font_size=\"25px\" global_colors_info=\"{}\"]<\/p><h3>Haftungshinweis:<\/h3><p style=\"font-weight: 400;\">Trotz sorgf\u00e4ltiger inhaltlicher Kontrolle \u00fcbernehmen wir keine Haftung f\u00fcr die Inhalte externer Links.<\/p><p style=\"font-weight: 400;\">F\u00fcr den Inhalt der verlinkten Seiten sind ausschlie\u00dflich deren Betreiber verantwortlich.<\/p><p style=\"font-weight: 400;\">Copyright \u00a9 2023\u00a0by\u00a0Ortner Medizintechnik\u00a0e.U.,\u00a0Alle Rechte vorbehalten.<\/p><p style=\"font-weight: 400;\"><strong>Bildnachweis:<\/strong><\/p><p style=\"font-weight: 400;\">\u00a9 Ortner Medizintechnik\u00a0e.U.<\/p><p style=\"font-weight: 400;\">\u00a9 Shutterstock<\/p><p>https:\/\/www.shutterstock.com\/<\/p><p>[\/et_pb_text][\/et_pb_column][\/et_pb_row][\/et_pb_section]<\/p>","_et_gb_content_width":"","footnotes":""},"class_list":["post-262296","page","type-page","status-publish","hentry"],"yoast_head":"<!-- This site is optimized with the Yoast SEO plugin v27.5 - https:\/\/yoast.com\/product\/yoast-seo-wordpress\/ -->\n<title>Impressum | Ortner Medizintechnik<\/title>\n<meta name=\"robots\" content=\"index, follow, max-snippet:-1, max-image-preview:large, max-video-preview:-1\" \/>\n<link rel=\"canonical\" href=\"https:\/\/www.ort-med.com\/sk\/impressum\/\" \/>\n<meta property=\"og:locale\" content=\"sk_SK\" \/>\n<meta property=\"og:type\" content=\"article\" \/>\n<meta property=\"og:title\" content=\"Impressum | Ortner Medizintechnik\" \/>\n<meta property=\"og:description\" content=\"Ortner Medizintechnik S\u00eddlo firmy: Strauchweg 26 | 8501 Lieboch | AUSTRIA Telef\u00f3n: +43 3136 62155 E-Mail: office@ort-med.com N\u00e1zov firmy: Ortner Medizintechnik\u00a0e.U. I\u010cO: 403110i DI\u010c: ATU65728938 Vyd\u00e1vaj\u00faci org\u00e1n ECG (internetov\u00e9 obchodn\u00e9 pr\u00e1vo): Bezirkshauptmannschaft Graz-Umgebung (okresn\u00e9 riadite\u013estvo Graz-okolie). http:\/\/ec.europa.eu\/odrVyl\u00fa\u010denie zodpovednosti: Napriek starostlivej kontrole obsahu nepreber\u00e1me \u017eiadnu zodpovednos\u0165 za obsah extern\u00fdch odkazov. Za obsah prepojen\u00fdch str\u00e1nok s\u00fa zodpovedn\u00ed [&hellip;]\" \/>\n<meta property=\"og:url\" content=\"https:\/\/www.ort-med.com\/sk\/impressum\/\" \/>\n<meta property=\"og:site_name\" content=\"Ortner Medizintechnik\" \/>\n<meta property=\"article:modified_time\" content=\"2026-03-10T13:14:23+00:00\" \/>\n<meta property=\"og:image\" content=\"https:\/\/www.ort-med.com\/wp-content\/uploads\/2023\/02\/Sonografie.jpg\" \/>\n\t<meta property=\"og:image:width\" content=\"1920\" \/>\n\t<meta property=\"og:image:height\" content=\"1080\" \/>\n\t<meta property=\"og:image:type\" content=\"image\/jpeg\" \/>\n<meta name=\"twitter:card\" content=\"summary_large_image\" \/>\n<meta name=\"twitter:site\" content=\"@ortnermedical\" \/>\n<meta name=\"twitter:label1\" content=\"Predpokladan\u00fd \u010das \u010d\u00edtania\" \/>\n\t<meta name=\"twitter:data1\" content=\"1 min\u00fata\" \/>\n<script type=\"application\/ld+json\" class=\"yoast-schema-graph\">{\"@context\":\"https:\\\/\\\/schema.org\",\"@graph\":[{\"@type\":\"WebPage\",\"@id\":\"https:\\\/\\\/www.ort-med.com\\\/sk\\\/impressum\\\/\",\"url\":\"https:\\\/\\\/www.ort-med.com\\\/sk\\\/impressum\\\/\",\"name\":\"Impressum | Ortner Medizintechnik\",\"isPartOf\":{\"@id\":\"https:\\\/\\\/www.ort-med.com\\\/sk\\\/#website\"},\"datePublished\":\"2025-01-07T12:57:01+00:00\",\"dateModified\":\"2026-03-10T13:14:23+00:00\",\"breadcrumb\":{\"@id\":\"https:\\\/\\\/www.ort-med.com\\\/sk\\\/impressum\\\/#breadcrumb\"},\"inLanguage\":\"sk-SK\",\"potentialAction\":[{\"@type\":\"ReadAction\",\"target\":[\"https:\\\/\\\/www.ort-med.com\\\/sk\\\/impressum\\\/\"]}]},{\"@type\":\"BreadcrumbList\",\"@id\":\"https:\\\/\\\/www.ort-med.com\\\/sk\\\/impressum\\\/#breadcrumb\",\"itemListElement\":[{\"@type\":\"ListItem\",\"position\":1,\"name\":\"Startseite\",\"item\":\"https:\\\/\\\/www.ort-med.com\\\/sk\\\/\"},{\"@type\":\"ListItem\",\"position\":2,\"name\":\"Impressum\"}]},{\"@type\":\"WebSite\",\"@id\":\"https:\\\/\\\/www.ort-med.com\\\/sk\\\/#website\",\"url\":\"https:\\\/\\\/www.ort-med.com\\\/sk\\\/\",\"name\":\"ORTNER Medical Solutions\",\"description\":\"Ihre Spezialisten in Sonografie | Ultraschallsonden | Ultraschallger\u00e4te | Endoskope\",\"publisher\":{\"@id\":\"https:\\\/\\\/www.ort-med.com\\\/sk\\\/#organization\"},\"potentialAction\":[{\"@type\":\"SearchAction\",\"target\":{\"@type\":\"EntryPoint\",\"urlTemplate\":\"https:\\\/\\\/www.ort-med.com\\\/sk\\\/?s={search_term_string}\"},\"query-input\":{\"@type\":\"PropertyValueSpecification\",\"valueRequired\":true,\"valueName\":\"search_term_string\"}}],\"inLanguage\":\"sk-SK\"},{\"@type\":\"Organization\",\"@id\":\"https:\\\/\\\/www.ort-med.com\\\/sk\\\/#organization\",\"name\":\"ORTNER Medizintechnik\",\"alternateName\":\"ORTNER Medical Solutions\",\"url\":\"https:\\\/\\\/www.ort-med.com\\\/sk\\\/\",\"logo\":{\"@type\":\"ImageObject\",\"inLanguage\":\"sk-SK\",\"@id\":\"https:\\\/\\\/www.ort-med.com\\\/sk\\\/#\\\/schema\\\/logo\\\/image\\\/\",\"url\":\"https:\\\/\\\/www.ort-med.com\\\/wp-content\\\/uploads\\\/2022\\\/12\\\/Ortner-Medizintechnik-Logo.png\",\"contentUrl\":\"https:\\\/\\\/www.ort-med.com\\\/wp-content\\\/uploads\\\/2022\\\/12\\\/Ortner-Medizintechnik-Logo.png\",\"width\":1078,\"height\":360,\"caption\":\"ORTNER Medizintechnik\"},\"image\":{\"@id\":\"https:\\\/\\\/www.ort-med.com\\\/sk\\\/#\\\/schema\\\/logo\\\/image\\\/\"},\"sameAs\":[\"https:\\\/\\\/x.com\\\/ortnermedical\",\"https:\\\/\\\/www.instagram.com\\\/ortnermedizintechnik\\\/\",\"https:\\\/\\\/www.linkedin.com\\\/company\\\/ortnermedizintechnik\"]}]}<\/script>\n<!-- \/ Yoast SEO plugin. -->","yoast_head_json":{"title":"Impressum | Ortner Medizintechnik","robots":{"index":"index","follow":"follow","max-snippet":"max-snippet:-1","max-image-preview":"max-image-preview:large","max-video-preview":"max-video-preview:-1"},"canonical":"https:\/\/www.ort-med.com\/sk\/impressum\/","og_locale":"sk_SK","og_type":"article","og_title":"Impressum | Ortner Medizintechnik","og_description":"Ortner Medizintechnik S\u00eddlo firmy: Strauchweg 26 | 8501 Lieboch | AUSTRIA Telef\u00f3n: +43 3136 62155 E-Mail: office@ort-med.com N\u00e1zov firmy: Ortner Medizintechnik\u00a0e.U. I\u010cO: 403110i DI\u010c: ATU65728938 Vyd\u00e1vaj\u00faci org\u00e1n ECG (internetov\u00e9 obchodn\u00e9 pr\u00e1vo): Bezirkshauptmannschaft Graz-Umgebung (okresn\u00e9 riadite\u013estvo Graz-okolie). http:\/\/ec.europa.eu\/odrVyl\u00fa\u010denie zodpovednosti: Napriek starostlivej kontrole obsahu nepreber\u00e1me \u017eiadnu zodpovednos\u0165 za obsah extern\u00fdch odkazov. Za obsah prepojen\u00fdch str\u00e1nok s\u00fa zodpovedn\u00ed [&hellip;]","og_url":"https:\/\/www.ort-med.com\/sk\/impressum\/","og_site_name":"Ortner Medizintechnik","article_modified_time":"2026-03-10T13:14:23+00:00","og_image":[{"width":1920,"height":1080,"url":"https:\/\/www.ort-med.com\/wp-content\/uploads\/2023\/02\/Sonografie.jpg","type":"image\/jpeg"}],"twitter_card":"summary_large_image","twitter_site":"@ortnermedical","twitter_misc":{"Predpokladan\u00fd \u010das \u010d\u00edtania":"1 min\u00fata"},"schema":{"@context":"https:\/\/schema.org","@graph":[{"@type":"WebPage","@id":"https:\/\/www.ort-med.com\/sk\/impressum\/","url":"https:\/\/www.ort-med.com\/sk\/impressum\/","name":"Impressum | Ortner Medizintechnik","isPartOf":{"@id":"https:\/\/www.ort-med.com\/sk\/#website"},"datePublished":"2025-01-07T12:57:01+00:00","dateModified":"2026-03-10T13:14:23+00:00","breadcrumb":{"@id":"https:\/\/www.ort-med.com\/sk\/impressum\/#breadcrumb"},"inLanguage":"sk-SK","potentialAction":[{"@type":"ReadAction","target":["https:\/\/www.ort-med.com\/sk\/impressum\/"]}]},{"@type":"BreadcrumbList","@id":"https:\/\/www.ort-med.com\/sk\/impressum\/#breadcrumb","itemListElement":[{"@type":"ListItem","position":1,"name":"Startseite","item":"https:\/\/www.ort-med.com\/sk\/"},{"@type":"ListItem","position":2,"name":"Impressum"}]},{"@type":"WebSite","@id":"https:\/\/www.ort-med.com\/sk\/#website","url":"https:\/\/www.ort-med.com\/sk\/","name":"ORTNER Medical Solutions","description":"Ihre Spezialisten in Sonografie | Ultraschallsonden | Ultraschallger\u00e4te | Endoskope","publisher":{"@id":"https:\/\/www.ort-med.com\/sk\/#organization"},"potentialAction":[{"@type":"SearchAction","target":{"@type":"EntryPoint","urlTemplate":"https:\/\/www.ort-med.com\/sk\/?s={search_term_string}"},"query-input":{"@type":"PropertyValueSpecification","valueRequired":true,"valueName":"search_term_string"}}],"inLanguage":"sk-SK"},{"@type":"Organization","@id":"https:\/\/www.ort-med.com\/sk\/#organization","name":"ORTNER Medizintechnik","alternateName":"ORTNER Medical Solutions","url":"https:\/\/www.ort-med.com\/sk\/","logo":{"@type":"ImageObject","inLanguage":"sk-SK","@id":"https:\/\/www.ort-med.com\/sk\/#\/schema\/logo\/image\/","url":"https:\/\/www.ort-med.com\/wp-content\/uploads\/2022\/12\/Ortner-Medizintechnik-Logo.png","contentUrl":"https:\/\/www.ort-med.com\/wp-content\/uploads\/2022\/12\/Ortner-Medizintechnik-Logo.png","width":1078,"height":360,"caption":"ORTNER Medizintechnik"},"image":{"@id":"https:\/\/www.ort-med.com\/sk\/#\/schema\/logo\/image\/"},"sameAs":["https:\/\/x.com\/ortnermedical","https:\/\/www.instagram.com\/ortnermedizintechnik\/","https:\/\/www.linkedin.com\/company\/ortnermedizintechnik"]}]}},"_links":{"self":[{"href":"https:\/\/www.ort-med.com\/sk\/wp-json\/wp\/v2\/pages\/262296","targetHints":{"allow":["GET"]}}],"collection":[{"href":"https:\/\/www.ort-med.com\/sk\/wp-json\/wp\/v2\/pages"}],"about":[{"href":"https:\/\/www.ort-med.com\/sk\/wp-json\/wp\/v2\/types\/page"}],"author":[{"embeddable":true,"href":"https:\/\/www.ort-med.com\/sk\/wp-json\/wp\/v2\/users\/4"}],"replies":[{"embeddable":true,"href":"https:\/\/www.ort-med.com\/sk\/wp-json\/wp\/v2\/comments?post=262296"}],"version-history":[{"count":5,"href":"https:\/\/www.ort-med.com\/sk\/wp-json\/wp\/v2\/pages\/262296\/revisions"}],"predecessor-version":[{"id":265470,"href":"https:\/\/www.ort-med.com\/sk\/wp-json\/wp\/v2\/pages\/262296\/revisions\/265470"}],"wp:attachment":[{"href":"https:\/\/www.ort-med.com\/sk\/wp-json\/wp\/v2\/media?parent=262296"}],"curies":[{"name":"wp","href":"https:\/\/api.w.org\/{rel}","templated":true}]}}